{"id":5152,"date":"2025-11-27T11:05:42","date_gmt":"2025-11-27T11:05:42","guid":{"rendered":"https:\/\/raytalkcomms.com\/?post_type=product&#038;p=5152"},"modified":"2025-12-05T03:50:31","modified_gmt":"2025-12-05T03:50:31","slug":"rpb-pmnn4468a-2000-mah-battery-for-motorola-sl300-sl1m-radio","status":"publish","type":"product","link":"https:\/\/raytalkcomms.com\/fr\/produit\/rpb-pmnn4468a-2000-mah-battery-for-motorola-sl300-sl1m-radio\/","title":{"rendered":"RPB-PMNN4468A 2000 mAh Battery for Motorola SL300 SL1M Radio"},"content":{"rendered":"<h3>Caract\u00e9ristiques :<\/h3>\n<ul>\n<li>Compatible avec les radios portables Motorola, y compris les SL300 et SL1M.<\/li>\n<li>Les cellules Li-ion \u00e0 haute capacit\u00e9 permettent une utilisation prolong\u00e9e pendant les quarts de travail et les longs cycles d'utilisation.<\/li>\n<li>Batteries Li-ion haute performance<\/li>\n<li>Fournit jusqu'\u00e0 de longues heures d'autonomie en fonctionnement continu.<\/li>\n<li>La batterie de remplacement RayTalk d'origine offre une alternative \u00e9conomique aux packs OEM\/ODM.<\/li>\n<li>Con\u00e7ue pour une utilisation critique, elle offre des performances stables en cas d'utilisation intensive.<\/li>\n<\/ul>","protected":false},"excerpt":{"rendered":"<p>Il s'agit d'une batterie professionnelle de haute capacit\u00e9 pour les radios bidirectionnelles Motorola. Cette batterie de remplacement RayTalk 2000 mAh pour Motorola est con\u00e7ue pour les radios portables Motorola, y compris les SL300 et SL1M.<br \/>\nLa capacit\u00e9 de la batterie est de 2000 mAh, elle fournit une puissance durable et r\u00e9duit la fr\u00e9quence de recharge.<br \/>\nFabriqu\u00e9e \u00e0 partir de la chimie Li-ion, cette batterie rechargeable PMNN4468A offre une densit\u00e9 \u00e9nerg\u00e9tique plus \u00e9lev\u00e9e et des performances plus stables que les batteries standard.<br \/>\nIl offre une alimentation fiable et performante pour les radios bidirectionnelles Motorola utilis\u00e9es quotidiennement.<br \/>\nRayTalk propose une batterie de remplacement Motorola fiable, con\u00e7ue pour fournir une alimentation constante \u00e0 divers syst\u00e8mes et appareils de communication.<\/p>","protected":false},"featured_media":5153,"template":"","meta":[],"product_brand":[],"product_cat":[214,219,271],"product_tag":[],"class_list":{"0":"post-5152","1":"product","2":"type-product","3":"status-publish","4":"has-post-thumbnail","6":"product_cat-two-way-radio-accessories","7":"product_cat-batteries-and-chargers","8":"product_cat-motorola","10":"first","11":"instock","12":"shipping-taxable","13":"purchasable","14":"product-type-simple"},"_links":{"self":[{"href":"https:\/\/raytalkcomms.com\/fr\/wp-json\/wp\/v2\/product\/5152","targetHints":{"allow":["GET"]}}],"collection":[{"href":"https:\/\/raytalkcomms.com\/fr\/wp-json\/wp\/v2\/product"}],"about":[{"href":"https:\/\/raytalkcomms.com\/fr\/wp-json\/wp\/v2\/types\/product"}],"wp:featuredmedia":[{"embeddable":true,"href":"https:\/\/raytalkcomms.com\/fr\/wp-json\/wp\/v2\/media\/5153"}],"wp:attachment":[{"href":"https:\/\/raytalkcomms.com\/fr\/wp-json\/wp\/v2\/media?parent=5152"}],"wp:term":[{"taxonomy":"product_brand","embeddable":true,"href":"https:\/\/raytalkcomms.com\/fr\/wp-json\/wp\/v2\/product_brand?post=5152"},{"taxonomy":"product_cat","embeddable":true,"href":"https:\/\/raytalkcomms.com\/fr\/wp-json\/wp\/v2\/product_cat?post=5152"},{"taxonomy":"product_tag","embeddable":true,"href":"https:\/\/raytalkcomms.com\/fr\/wp-json\/wp\/v2\/product_tag?post=5152"}],"curies":[{"name":"wp","href":"https:\/\/api.w.org\/{rel}","templated":true}]}}