{"id":5137,"date":"2025-11-27T09:56:47","date_gmt":"2025-11-27T09:56:47","guid":{"rendered":"https:\/\/raytalkcomms.com\/?post_type=product&#038;p=5137"},"modified":"2025-12-05T03:50:31","modified_gmt":"2025-12-05T03:50:31","slug":"rpb-nntn6923a-replacement-li-ion-battery-for-motorola-dtr620-and-dtr-650","status":"publish","type":"product","link":"https:\/\/raytalkcomms.com\/fr\/produit\/rpb-nntn6923a-replacement-li-ion-battery-for-motorola-dtr620-and-dtr-650\/","title":{"rendered":"RPB-NNTN6923A Batterie Li-ion de remplacement pour Motorola DTR620 et DTR 650"},"content":{"rendered":"<p>Caract\u00e9ristiques :<\/p>\n<ul>\n<li>Compatible avec les radios Motorola de la s\u00e9rie DTR, y compris les DTR620 et DTR 650.<\/li>\n<li>La batterie haute capacit\u00e9 de 1800 mAh permet une utilisation prolong\u00e9e pendant les quarts de travail et les longs cycles de travail.<\/li>\n<li>Batteries Li-ion haute performance<\/li>\n<li>Fournit jusqu'\u00e0 de longues heures d'autonomie en fonctionnement continu.<\/li>\n<li>La batterie de remplacement RayTalk d'origine offre une alternative \u00e9conomique aux packs OEM\/ODM.<\/li>\n<li>Con\u00e7ue pour une utilisation critique, elle offre des performances stables en cas d'utilisation intensive.<\/li>\n<\/ul>","protected":false},"excerpt":{"rendered":"<p>Il s'agit d'une batterie Li-ion de remplacement \u00e0 haute capacit\u00e9 pour les radios Motorola. Cette batterie rechargeable RayTalk est con\u00e7ue pour les radios Motorola de la s\u00e9rie DTR, y compris les DTR620 et DTR 650.<br \/>\nIl fournit une alimentation de longue dur\u00e9e sans avoir besoin d'\u00eatre recharg\u00e9, m\u00eame en cas d'utilisation intensive.<br \/>\nLa capacit\u00e9 de la batterie est de 1800 mAh. Fabriqu\u00e9e \u00e0 partir de la chimie Li-ion, cette batterie RPB-NNTN6923A offre une densit\u00e9 \u00e9nerg\u00e9tique plus \u00e9lev\u00e9e et des performances plus stables que les batteries standard.<br \/>\nIl offre une alimentation fiable et performante pour les radios Motorola de la s\u00e9rie DTR dans le cadre d'une utilisation quotidienne exigeante.<br \/>\nBien que ce pack Motorola original ait \u00e9t\u00e9 abandonn\u00e9, vous pouvez toujours trouver cette batterie de remplacement chez RayTalk, qui est la batterie id\u00e9ale pour les radios existantes de la s\u00e9rie DTR.<\/p>","protected":false},"featured_media":5139,"template":"","meta":[],"product_brand":[],"product_cat":[214,219,271],"product_tag":[],"class_list":{"0":"post-5137","1":"product","2":"type-product","3":"status-publish","4":"has-post-thumbnail","6":"product_cat-two-way-radio-accessories","7":"product_cat-batteries-and-chargers","8":"product_cat-motorola","10":"first","11":"instock","12":"shipping-taxable","13":"purchasable","14":"product-type-simple"},"_links":{"self":[{"href":"https:\/\/raytalkcomms.com\/fr\/wp-json\/wp\/v2\/product\/5137","targetHints":{"allow":["GET"]}}],"collection":[{"href":"https:\/\/raytalkcomms.com\/fr\/wp-json\/wp\/v2\/product"}],"about":[{"href":"https:\/\/raytalkcomms.com\/fr\/wp-json\/wp\/v2\/types\/product"}],"wp:featuredmedia":[{"embeddable":true,"href":"https:\/\/raytalkcomms.com\/fr\/wp-json\/wp\/v2\/media\/5139"}],"wp:attachment":[{"href":"https:\/\/raytalkcomms.com\/fr\/wp-json\/wp\/v2\/media?parent=5137"}],"wp:term":[{"taxonomy":"product_brand","embeddable":true,"href":"https:\/\/raytalkcomms.com\/fr\/wp-json\/wp\/v2\/product_brand?post=5137"},{"taxonomy":"product_cat","embeddable":true,"href":"https:\/\/raytalkcomms.com\/fr\/wp-json\/wp\/v2\/product_cat?post=5137"},{"taxonomy":"product_tag","embeddable":true,"href":"https:\/\/raytalkcomms.com\/fr\/wp-json\/wp\/v2\/product_tag?post=5137"}],"curies":[{"name":"wp","href":"https:\/\/api.w.org\/{rel}","templated":true}]}}