{"id":5128,"date":"2025-11-28T09:42:27","date_gmt":"2025-11-28T09:42:27","guid":{"rendered":"https:\/\/raytalkcomms.com\/?post_type=product&#038;p=5128"},"modified":"2025-12-05T03:51:31","modified_gmt":"2025-12-05T03:51:31","slug":"rpb-hnn4001a-rpb-pmnn4457-rpb-pmnn4157a-replacement-rechargeable-battery-for-motorola-radio","status":"publish","type":"product","link":"https:\/\/raytalkcomms.com\/fr\/produit\/rpb-hnn4001a-rpb-pmnn4457-rpb-pmnn4157a-replacement-rechargeable-battery-for-motorola-radio\/","title":{"rendered":"RPB-HNN4001A RPB-PMNN4457 RPB-PMNN4157A Batterie rechargeable pour radio Motorola"},"content":{"rendered":"<h3>Caract\u00e9ristiques\uff1a<\/h3>\n<ul>\n<li>Rechargeable Battery Compatible with Motorola HT1250 HT750 portable radios.<\/li>\n<li>Les cellules NI-MH \u00e0 haute capacit\u00e9 permettent une utilisation prolong\u00e9e pendant les quarts de travail et les longs cycles de travail.<\/li>\n<li>Piles NI-MH haute performance<\/li>\n<li>Fournit jusqu'\u00e0 de longues heures d'autonomie en fonctionnement continu.<\/li>\n<li>La batterie de remplacement RayTalk d'origine offre une alternative \u00e9conomique aux packs OEM\/ODM.<\/li>\n<li>Con\u00e7ue pour une utilisation critique, elle offre des performances stables en cas d'utilisation intensive.<\/li>\n<\/ul>","protected":false},"excerpt":{"rendered":"<p>This is a professional, high-quality replacement battery for Motorola radios. This RayTalk Rechargeable Battery is designed for Motorola radios, including HT1250 HT750<br \/>\nIl offre de longues heures d'autonomie sans avoir besoin d'\u00eatre recharg\u00e9, m\u00eame en cas d'utilisation intensive.<br \/>\nThe battery capacity is panasonic 2200mAh, and other capacities can be customized upon request by contacting our team.<br \/>\nMade with NI-MH cells, it offers reliable, Rechargeable Battery cost-effective power for Motorola two-way radios in demanding daily use.<br \/>\nRayTalk propose des batteries radio motorola fiables, con\u00e7ues pour fournir une alimentation constante \u00e0 divers syst\u00e8mes et outils de communication.<\/p>","protected":false},"featured_media":5209,"template":"","meta":[],"product_brand":[],"product_cat":[214,219,271],"product_tag":[],"class_list":{"0":"post-5128","1":"product","2":"type-product","3":"status-publish","4":"has-post-thumbnail","6":"product_cat-two-way-radio-accessories","7":"product_cat-batteries-and-chargers","8":"product_cat-motorola","10":"first","11":"instock","12":"shipping-taxable","13":"purchasable","14":"product-type-simple"},"_links":{"self":[{"href":"https:\/\/raytalkcomms.com\/fr\/wp-json\/wp\/v2\/product\/5128","targetHints":{"allow":["GET"]}}],"collection":[{"href":"https:\/\/raytalkcomms.com\/fr\/wp-json\/wp\/v2\/product"}],"about":[{"href":"https:\/\/raytalkcomms.com\/fr\/wp-json\/wp\/v2\/types\/product"}],"wp:featuredmedia":[{"embeddable":true,"href":"https:\/\/raytalkcomms.com\/fr\/wp-json\/wp\/v2\/media\/5209"}],"wp:attachment":[{"href":"https:\/\/raytalkcomms.com\/fr\/wp-json\/wp\/v2\/media?parent=5128"}],"wp:term":[{"taxonomy":"product_brand","embeddable":true,"href":"https:\/\/raytalkcomms.com\/fr\/wp-json\/wp\/v2\/product_brand?post=5128"},{"taxonomy":"product_cat","embeddable":true,"href":"https:\/\/raytalkcomms.com\/fr\/wp-json\/wp\/v2\/product_cat?post=5128"},{"taxonomy":"product_tag","embeddable":true,"href":"https:\/\/raytalkcomms.com\/fr\/wp-json\/wp\/v2\/product_tag?post=5128"}],"curies":[{"name":"wp","href":"https:\/\/api.w.org\/{rel}","templated":true}]}}