{"id":5116,"date":"2025-11-27T07:45:12","date_gmt":"2025-11-27T07:45:12","guid":{"rendered":"https:\/\/raytalkcomms.com\/?post_type=product&#038;p=5116"},"modified":"2025-12-05T03:33:12","modified_gmt":"2025-12-05T03:33:12","slug":"rpb-bl502-bl2010-bl1504-rechargeable-battery-for-hytera-pd-series-radios","status":"publish","type":"product","link":"https:\/\/raytalkcomms.com\/fr\/produit\/rpb-bl502-bl2010-bl1504-rechargeable-battery-for-hytera-pd-series-radios\/","title":{"rendered":"RPB-BL502 BL2010 &amp;BL1504 Batterie rechargeable pour les radios Hytera de la s\u00e9rie PD"},"content":{"rendered":"<h3>Caract\u00e9ristiques :<\/h3>\n<ul>\n<li>Compatible avec les radios bidirectionnelles Hytera, y compris PD500\/PD600, PD560\/PD660 et PD590\/PD680.<\/li>\n<li>Les cellules Li-ion \u00e0 haute capacit\u00e9 permettent une utilisation prolong\u00e9e pendant les quarts de travail et les longs cycles d'utilisation.<\/li>\n<li>Batterie rechargeable Batteries Li-ion haute performance<\/li>\n<li>Fournit jusqu'\u00e0 de longues heures d'autonomie en fonctionnement continu.<\/li>\n<li>La batterie de remplacement RayTalk d'origine offre une alternative \u00e9conomique aux packs OEM\/ODM.<\/li>\n<li>Con\u00e7ue pour une utilisation critique, elle offre des performances stables en cas d'utilisation intensive.<\/li>\n<\/ul>","protected":false},"excerpt":{"rendered":"<p>Il s'agit d'une batterie de remplacement professionnelle de haute qualit\u00e9 pour une radio Icom. Cette batterie rechargeable de remplacement RayTalk est con\u00e7ue pour les radios Hytera, y compris les PD500\/PD600, PD560\/PD660 et PD590\/PD680.<br \/>\nIl fournit une alimentation de longue dur\u00e9e sans avoir besoin d'\u00eatre recharg\u00e9, m\u00eame en cas d'utilisation intensive.<br \/>\nLa capacit\u00e9 de la batterie est de 1500 mAh et 2000 mAh. Fabriqu\u00e9e \u00e0 partir de la chimie Li-ion, cette batterie offre une densit\u00e9 \u00e9nerg\u00e9tique plus \u00e9lev\u00e9e et une autonomie plus longue que les batteries standard.<br \/>\nIl offre une alimentation fiable et rentable pour les talkies-walkies Hytera utilis\u00e9s quotidiennement.<br \/>\nRayTalk propose une batterie radio Hytera fiable, con\u00e7ue pour fournir une alimentation constante \u00e0 divers syst\u00e8mes et outils de communication.<\/p>","protected":false},"featured_media":5158,"template":"","meta":[],"product_brand":[],"product_cat":[219,272,214],"product_tag":[],"class_list":{"0":"post-5116","1":"product","2":"type-product","3":"status-publish","4":"has-post-thumbnail","6":"product_cat-batteries-and-chargers","7":"product_cat-hytera","8":"product_cat-two-way-radio-accessories","10":"first","11":"instock","12":"shipping-taxable","13":"purchasable","14":"product-type-simple"},"_links":{"self":[{"href":"https:\/\/raytalkcomms.com\/fr\/wp-json\/wp\/v2\/product\/5116","targetHints":{"allow":["GET"]}}],"collection":[{"href":"https:\/\/raytalkcomms.com\/fr\/wp-json\/wp\/v2\/product"}],"about":[{"href":"https:\/\/raytalkcomms.com\/fr\/wp-json\/wp\/v2\/types\/product"}],"wp:featuredmedia":[{"embeddable":true,"href":"https:\/\/raytalkcomms.com\/fr\/wp-json\/wp\/v2\/media\/5158"}],"wp:attachment":[{"href":"https:\/\/raytalkcomms.com\/fr\/wp-json\/wp\/v2\/media?parent=5116"}],"wp:term":[{"taxonomy":"product_brand","embeddable":true,"href":"https:\/\/raytalkcomms.com\/fr\/wp-json\/wp\/v2\/product_brand?post=5116"},{"taxonomy":"product_cat","embeddable":true,"href":"https:\/\/raytalkcomms.com\/fr\/wp-json\/wp\/v2\/product_cat?post=5116"},{"taxonomy":"product_tag","embeddable":true,"href":"https:\/\/raytalkcomms.com\/fr\/wp-json\/wp\/v2\/product_tag?post=5116"}],"curies":[{"name":"wp","href":"https:\/\/api.w.org\/{rel}","templated":true}]}}