{"id":5110,"date":"2025-11-27T07:29:14","date_gmt":"2025-11-27T07:29:14","guid":{"rendered":"https:\/\/raytalkcomms.com\/?post_type=product&#038;p=5110"},"modified":"2025-12-09T10:23:08","modified_gmt":"2025-12-09T10:23:08","slug":"rpb-bp272-walkie-talkie-battery-for-icom","status":"publish","type":"product","link":"https:\/\/raytalkcomms.com\/fr\/produit\/rpb-bp272-walkie-talkie-battery-for-icom\/","title":{"rendered":"RPB-BP272 Walkie Talkie Battery for ICOM ID-51E ID-31E\/705"},"content":{"rendered":"<h3>Caract\u00e9ristiques :<\/h3>\n<ul>\n<li>Compatible with Icom radios, including the ID-51E, ID-31E\/705.<\/li>\n<li>Les cellules Li-ion \u00e0 haute capacit\u00e9 permettent une utilisation prolong\u00e9e pendant les quarts de travail et les longs cycles d'utilisation.<\/li>\n<li>Batteries Li-ion haute performance<\/li>\n<li>Fournit jusqu'\u00e0 de longues heures d'autonomie en fonctionnement continu.<\/li>\n<li>La batterie de remplacement RayTalk d'origine offre une alternative \u00e9conomique aux packs OEM\/ODM.<\/li>\n<li>Con\u00e7ue pour une utilisation critique, elle offre des performances stables en cas d'utilisation intensive.<\/li>\n<\/ul>\n<div id=\"gtx-trans\" style=\"position: absolute; left: 487px; top: 50.7125px;\">\n<div class=\"gtx-trans-icon\"><\/div>\n<\/div>","protected":false},"excerpt":{"rendered":"<p>This is a professional, high-quality replacement battery for an Icom radio. This RayTalk rechargeable battery is designed for Icom, including the ID-51E, ID-31E\/705.<br \/>\nIl fournit une alimentation de longue dur\u00e9e sans avoir besoin d'\u00eatre recharg\u00e9, m\u00eame en cas d'utilisation intensive.<br \/>\nThe battery capacity is 1880 mAh. Made with Li-ion cells, it offers reliable, cost-effective power for the Icom walkie talkies in demanding daily use.<br \/>\nRayTalk propose une batterie radio Icom fiable, con\u00e7ue pour fournir une alimentation constante \u00e0 divers syst\u00e8mes et outils de communication.<\/p>","protected":false},"featured_media":5522,"template":"","meta":[],"product_brand":[],"product_cat":[214,219,273],"product_tag":[],"class_list":{"0":"post-5110","1":"product","2":"type-product","3":"status-publish","4":"has-post-thumbnail","6":"product_cat-two-way-radio-accessories","7":"product_cat-batteries-and-chargers","8":"product_cat-icom","10":"first","11":"instock","12":"shipping-taxable","13":"purchasable","14":"product-type-simple"},"_links":{"self":[{"href":"https:\/\/raytalkcomms.com\/fr\/wp-json\/wp\/v2\/product\/5110","targetHints":{"allow":["GET"]}}],"collection":[{"href":"https:\/\/raytalkcomms.com\/fr\/wp-json\/wp\/v2\/product"}],"about":[{"href":"https:\/\/raytalkcomms.com\/fr\/wp-json\/wp\/v2\/types\/product"}],"wp:featuredmedia":[{"embeddable":true,"href":"https:\/\/raytalkcomms.com\/fr\/wp-json\/wp\/v2\/media\/5522"}],"wp:attachment":[{"href":"https:\/\/raytalkcomms.com\/fr\/wp-json\/wp\/v2\/media?parent=5110"}],"wp:term":[{"taxonomy":"product_brand","embeddable":true,"href":"https:\/\/raytalkcomms.com\/fr\/wp-json\/wp\/v2\/product_brand?post=5110"},{"taxonomy":"product_cat","embeddable":true,"href":"https:\/\/raytalkcomms.com\/fr\/wp-json\/wp\/v2\/product_cat?post=5110"},{"taxonomy":"product_tag","embeddable":true,"href":"https:\/\/raytalkcomms.com\/fr\/wp-json\/wp\/v2\/product_tag?post=5110"}],"curies":[{"name":"wp","href":"https:\/\/api.w.org\/{rel}","templated":true}]}}