{"id":5097,"date":"2025-11-27T07:08:26","date_gmt":"2025-11-27T07:08:26","guid":{"rendered":"https:\/\/raytalkcomms.com\/?post_type=product&#038;p=5097"},"modified":"2025-12-16T10:54:07","modified_gmt":"2025-12-16T10:54:07","slug":"rpb-knb45l-kenwood-battery-with-type-c-option","status":"publish","type":"product","link":"https:\/\/raytalkcomms.com\/fr\/produit\/rpb-knb45l-kenwood-battery-with-type-c-option\/","title":{"rendered":"RPB-KNB45L Kenwood Battery with Type-C Option"},"content":{"rendered":"<h3>Caract\u00e9ristiques :<\/h3>\n<ul>\n<li>Compatible with Kenwood radios, including TK2200\/3200, TK3107KW, NX240\/340, and NX248\/348.<\/li>\n<li>Les cellules Li-ion \u00e0 haute capacit\u00e9 permettent une utilisation prolong\u00e9e pendant les quarts de travail et les longs cycles d'utilisation.<\/li>\n<li>Batteries Li-ion haute performance<\/li>\n<li>Fournit jusqu'\u00e0 de longues heures d'autonomie en fonctionnement continu.<\/li>\n<li>La batterie de remplacement RayTalk d'origine offre une alternative \u00e9conomique aux packs OEM\/ODM.<\/li>\n<li>Con\u00e7ue pour une utilisation critique, elle offre des performances stables en cas d'utilisation intensive.<\/li>\n<\/ul>\n<div id=\"gtx-trans\" style=\"position: absolute; left: -57px; top: 1.2px;\">\n<div class=\"gtx-trans-icon\"><\/div>\n<\/div>","protected":false},"excerpt":{"rendered":"<p>This is a professional, high-quality replacement battery for a Kenwood radio. This RayTalk rechargeable battery is designed for Kenwood, including TK2200\/3200, TK3107KW, NX240\/340, and NX248\/348.<br \/>\nIl fournit une alimentation de longue dur\u00e9e sans avoir besoin d'\u00eatre recharg\u00e9, m\u00eame en cas d'utilisation intensive.<br \/>\nThe Kenwood battery capacity is 1800 mAh or 2000 mAh; other capacities can be customized upon request by contacting our team.<br \/>\nFabriqu\u00e9 avec des cellules Li-ion, il offre une alimentation fiable et rentable pour le talkie-walkie Kenwood lors d'une utilisation quotidienne exigeante.<br \/>\nRayTalk propose une batterie radio Kenwood fiable, con\u00e7ue pour fournir une alimentation constante \u00e0 divers syst\u00e8mes et outils de communication.<\/p>\n<div id=\"gtx-trans\" style=\"position: absolute; left: 407px; top: 63.2px;\">\n<div class=\"gtx-trans-icon\"><\/div>\n<\/div>","protected":false},"featured_media":5784,"template":"","meta":[],"product_brand":[],"product_cat":[214,219,274],"product_tag":[],"class_list":{"0":"post-5097","1":"product","2":"type-product","3":"status-publish","4":"has-post-thumbnail","6":"product_cat-two-way-radio-accessories","7":"product_cat-batteries-and-chargers","8":"product_cat-kenwood","10":"first","11":"instock","12":"shipping-taxable","13":"purchasable","14":"product-type-simple"},"_links":{"self":[{"href":"https:\/\/raytalkcomms.com\/fr\/wp-json\/wp\/v2\/product\/5097","targetHints":{"allow":["GET"]}}],"collection":[{"href":"https:\/\/raytalkcomms.com\/fr\/wp-json\/wp\/v2\/product"}],"about":[{"href":"https:\/\/raytalkcomms.com\/fr\/wp-json\/wp\/v2\/types\/product"}],"wp:featuredmedia":[{"embeddable":true,"href":"https:\/\/raytalkcomms.com\/fr\/wp-json\/wp\/v2\/media\/5784"}],"wp:attachment":[{"href":"https:\/\/raytalkcomms.com\/fr\/wp-json\/wp\/v2\/media?parent=5097"}],"wp:term":[{"taxonomy":"product_brand","embeddable":true,"href":"https:\/\/raytalkcomms.com\/fr\/wp-json\/wp\/v2\/product_brand?post=5097"},{"taxonomy":"product_cat","embeddable":true,"href":"https:\/\/raytalkcomms.com\/fr\/wp-json\/wp\/v2\/product_cat?post=5097"},{"taxonomy":"product_tag","embeddable":true,"href":"https:\/\/raytalkcomms.com\/fr\/wp-json\/wp\/v2\/product_tag?post=5097"}],"curies":[{"name":"wp","href":"https:\/\/api.w.org\/{rel}","templated":true}]}}