{"id":5096,"date":"2025-11-27T07:09:24","date_gmt":"2025-11-27T07:09:24","guid":{"rendered":"https:\/\/raytalkcomms.com\/?post_type=product&#038;p=5096"},"modified":"2025-12-05T02:40:47","modified_gmt":"2025-12-05T02:40:47","slug":"prb-nntn4851-replacement-rechargeable-battery-for-motorola-radio","status":"publish","type":"product","link":"https:\/\/raytalkcomms.com\/fr\/produit\/prb-nntn4851-replacement-rechargeable-battery-for-motorola-radio\/","title":{"rendered":"PRB-NNTN4851 Batterie rechargeable de remplacement pour radio Motorola"},"content":{"rendered":"<h3>Caract\u00e9ristiques\uff1a<\/h3>\n<ul>\n<li>Compatible with Motorola GP3688 P3688 CP140 CP040 EP450 CP380 DP1400 CP150 CP200 portable radios.<\/li>\n<li>Les cellules NI-MH \u00e0 haute capacit\u00e9 permettent une utilisation prolong\u00e9e pendant les quarts de travail et les longs cycles de travail.<\/li>\n<li>Rechargeable Battery High-performance NI-MH batteries<\/li>\n<li>Fournit jusqu'\u00e0 de longues heures d'autonomie en fonctionnement continu.<\/li>\n<li>La batterie de remplacement RayTalk d'origine offre une alternative \u00e9conomique aux packs OEM\/ODM.<\/li>\n<li>Con\u00e7u pour une utilisation critique avec des performances stables dans des conditions d'utilisation intenses\u201d.\u201d<\/li>\n<\/ul>","protected":false},"excerpt":{"rendered":"<p>This is a professional, high-quality replacement battery for Motorola radios. This RayTalk Rechargeable Battery is designed for Motorola radios, including GP3688 P3688 CP140 CP040 EP450 CP380 DP1400 CP150 CP200<br \/>\nIl offre de longues heures d'autonomie sans avoir besoin d'\u00eatre recharg\u00e9, m\u00eame en cas d'utilisation intensive.<br \/>\nThe battery capacity is2100mAh, and other capacities can be customized upon request by contacting our team.<br \/>\nFabriqu\u00e9e avec des cellules NI-MH, elle offre une alimentation fiable et rentable pour les radios bidirectionnelles Motorola dans le cadre d'une utilisation quotidienne exigeante.<br \/>\nRayTalk propose des batteries radio motorola fiables, con\u00e7ues pour fournir une alimentation constante \u00e0 divers syst\u00e8mes et outils de communication.<\/p>","protected":false},"featured_media":5102,"template":"","meta":[],"product_brand":[],"product_cat":[214,219,271],"product_tag":[],"class_list":{"0":"post-5096","1":"product","2":"type-product","3":"status-publish","4":"has-post-thumbnail","6":"product_cat-two-way-radio-accessories","7":"product_cat-batteries-and-chargers","8":"product_cat-motorola","10":"first","11":"instock","12":"shipping-taxable","13":"purchasable","14":"product-type-simple"},"_links":{"self":[{"href":"https:\/\/raytalkcomms.com\/fr\/wp-json\/wp\/v2\/product\/5096","targetHints":{"allow":["GET"]}}],"collection":[{"href":"https:\/\/raytalkcomms.com\/fr\/wp-json\/wp\/v2\/product"}],"about":[{"href":"https:\/\/raytalkcomms.com\/fr\/wp-json\/wp\/v2\/types\/product"}],"wp:featuredmedia":[{"embeddable":true,"href":"https:\/\/raytalkcomms.com\/fr\/wp-json\/wp\/v2\/media\/5102"}],"wp:attachment":[{"href":"https:\/\/raytalkcomms.com\/fr\/wp-json\/wp\/v2\/media?parent=5096"}],"wp:term":[{"taxonomy":"product_brand","embeddable":true,"href":"https:\/\/raytalkcomms.com\/fr\/wp-json\/wp\/v2\/product_brand?post=5096"},{"taxonomy":"product_cat","embeddable":true,"href":"https:\/\/raytalkcomms.com\/fr\/wp-json\/wp\/v2\/product_cat?post=5096"},{"taxonomy":"product_tag","embeddable":true,"href":"https:\/\/raytalkcomms.com\/fr\/wp-json\/wp\/v2\/product_tag?post=5096"}],"curies":[{"name":"wp","href":"https:\/\/api.w.org\/{rel}","templated":true}]}}