{"id":5073,"date":"2025-11-25T10:35:43","date_gmt":"2025-11-25T10:35:43","guid":{"rendered":"https:\/\/raytalkcomms.com\/?post_type=product&#038;p=5073"},"modified":"2025-12-05T03:50:31","modified_gmt":"2025-12-05T03:50:31","slug":"rpb-pmnn4808-rpb-pmnn4809-type-coptionreplacement-rechargeable-battery-for-motorola-r7-radio","status":"publish","type":"product","link":"https:\/\/raytalkcomms.com\/fr\/produit\/rpb-pmnn4808-rpb-pmnn4809-type-coptionreplacement-rechargeable-battery-for-motorola-r7-radio\/","title":{"rendered":"RPB-PMNN4808 RPB-PMNN4809 type-coptionBatterie rechargeable de remplacement pour la radio Motorola R7"},"content":{"rendered":"<h3>Caract\u00e9ristiques\uff1a<\/h3>\n<ul>\n<li>Compatible avec les radios portables Motorola R7.<\/li>\n<li>High-capacity LI-IONIMPRES cells support extended use across shifts and long duty cycles.<\/li>\n<li>High-performance Li-ion batteries Motorola R7 Radio<\/li>\n<li>Fournit jusqu'\u00e0 de longues heures d'autonomie en fonctionnement continu.<\/li>\n<li>La batterie de remplacement RayTalk d'origine offre une alternative \u00e9conomique aux packs OEM\/ODM.<\/li>\n<li>Con\u00e7u pour une utilisation critique avec des performances stables dans des conditions d'utilisation intenses\u201d.\u201d<\/li>\n<\/ul>","protected":false},"excerpt":{"rendered":"<p>This is a professional, high-quality replacement battery for Motorola radios. This RayTalk replacement battery is designed for Motorola R7 Radio, including R7<br \/>\nIl offre de longues heures d'autonomie sans avoir besoin d'\u00eatre recharg\u00e9, m\u00eame en cas d'utilisation intensive.<br \/>\nThe battery capacity is 2850mAh, and other capacities can be customized upon request by contacting our team.<br \/>\nMade with LI-IONIMPRES cells, it offers reliable, cost-effective power for Motorola two-way radios in demanding daily use.<br \/>\nRayTalk propose des batteries radio motorola fiables, con\u00e7ues pour fournir une alimentation constante \u00e0 divers syst\u00e8mes et outils de communication.<\/p>","protected":false},"featured_media":5214,"template":"","meta":[],"product_brand":[],"product_cat":[214,219,271],"product_tag":[],"class_list":{"0":"post-5073","1":"product","2":"type-product","3":"status-publish","4":"has-post-thumbnail","6":"product_cat-two-way-radio-accessories","7":"product_cat-batteries-and-chargers","8":"product_cat-motorola","10":"first","11":"instock","12":"shipping-taxable","13":"purchasable","14":"product-type-simple"},"_links":{"self":[{"href":"https:\/\/raytalkcomms.com\/fr\/wp-json\/wp\/v2\/product\/5073","targetHints":{"allow":["GET"]}}],"collection":[{"href":"https:\/\/raytalkcomms.com\/fr\/wp-json\/wp\/v2\/product"}],"about":[{"href":"https:\/\/raytalkcomms.com\/fr\/wp-json\/wp\/v2\/types\/product"}],"wp:featuredmedia":[{"embeddable":true,"href":"https:\/\/raytalkcomms.com\/fr\/wp-json\/wp\/v2\/media\/5214"}],"wp:attachment":[{"href":"https:\/\/raytalkcomms.com\/fr\/wp-json\/wp\/v2\/media?parent=5073"}],"wp:term":[{"taxonomy":"product_brand","embeddable":true,"href":"https:\/\/raytalkcomms.com\/fr\/wp-json\/wp\/v2\/product_brand?post=5073"},{"taxonomy":"product_cat","embeddable":true,"href":"https:\/\/raytalkcomms.com\/fr\/wp-json\/wp\/v2\/product_cat?post=5073"},{"taxonomy":"product_tag","embeddable":true,"href":"https:\/\/raytalkcomms.com\/fr\/wp-json\/wp\/v2\/product_tag?post=5073"}],"curies":[{"name":"wp","href":"https:\/\/api.w.org\/{rel}","templated":true}]}}