{"id":5063,"date":"2025-11-25T09:36:36","date_gmt":"2025-11-25T09:36:36","guid":{"rendered":"https:\/\/raytalkcomms.com\/?post_type=product&#038;p=5063"},"modified":"2025-12-05T03:50:31","modified_gmt":"2025-12-05T03:50:31","slug":"rpb-nntn4497type-c-option-replacement-rechargeable-battery-for-motorola-radio","status":"publish","type":"product","link":"https:\/\/raytalkcomms.com\/fr\/produit\/rpb-nntn4497type-c-option-replacement-rechargeable-battery-for-motorola-radio\/","title":{"rendered":"RPB-NNTN4497 Type-C Option Batterie rechargeable de remplacement pour radio Motorola"},"content":{"rendered":"<h3>Caract\u00e9ristiques\uff1a<\/h3>\n<ul>\n<li>Compatible avec les radios portables Motorola GP3688, P3688, CP140, GP040, EP450, CP380, DP1400, CP150, CP200, PRO5150.<\/li>\n<li>Les cellules LI-ION \u00e0 haute capacit\u00e9 permettent une utilisation prolong\u00e9e pendant les quarts de travail et les longs cycles d'utilisation.<\/li>\n<li>Batterie rechargeable Batteries Li-ion haute performance<\/li>\n<li>Fournit jusqu'\u00e0 de longues heures d'autonomie en fonctionnement continu.<\/li>\n<li>La batterie de remplacement RayTalk d'origine offre une alternative \u00e9conomique aux packs OEM\/ODM.<\/li>\n<li>Con\u00e7u pour une utilisation critique avec des performances stables dans des conditions d'utilisation intenses\u201d.\u201d<\/li>\n<\/ul>","protected":false},"excerpt":{"rendered":"<p>Il s'agit d'une batterie de remplacement professionnelle de haute qualit\u00e9 pour les radios Motorola. Cette batterie rechargeable RayTalk est con\u00e7ue pour les radios Motorola, y compris GP3688 P3688 CP140 GP040 EP450 CP380 DP1400 CP150 CP200 PRO5150<br \/>\nIl offre de longues heures d'autonomie sans avoir besoin d'\u00eatre recharg\u00e9, m\u00eame en cas d'utilisation intensive.<br \/>\nLa capacit\u00e9 de la batterie est de 2200mAh, et d'autres capacit\u00e9s peuvent \u00eatre personnalis\u00e9es sur demande en contactant notre \u00e9quipe.<br \/>\nFabriqu\u00e9e avec des cellules LI-ION, elle offre une alimentation fiable et \u00e9conomique pour les radios bidirectionnelles Motorola dans le cadre d'une utilisation quotidienne exigeante.<br \/>\nRayTalk propose des batteries radio motorola fiables, con\u00e7ues pour fournir une alimentation constante \u00e0 divers syst\u00e8mes et outils de communication\u201d.\u201d<\/p>","protected":false},"featured_media":5146,"template":"","meta":[],"product_brand":[],"product_cat":[214,219,271],"product_tag":[],"class_list":{"0":"post-5063","1":"product","2":"type-product","3":"status-publish","4":"has-post-thumbnail","6":"product_cat-two-way-radio-accessories","7":"product_cat-batteries-and-chargers","8":"product_cat-motorola","10":"first","11":"instock","12":"shipping-taxable","13":"purchasable","14":"product-type-simple"},"_links":{"self":[{"href":"https:\/\/raytalkcomms.com\/fr\/wp-json\/wp\/v2\/product\/5063","targetHints":{"allow":["GET"]}}],"collection":[{"href":"https:\/\/raytalkcomms.com\/fr\/wp-json\/wp\/v2\/product"}],"about":[{"href":"https:\/\/raytalkcomms.com\/fr\/wp-json\/wp\/v2\/types\/product"}],"wp:featuredmedia":[{"embeddable":true,"href":"https:\/\/raytalkcomms.com\/fr\/wp-json\/wp\/v2\/media\/5146"}],"wp:attachment":[{"href":"https:\/\/raytalkcomms.com\/fr\/wp-json\/wp\/v2\/media?parent=5063"}],"wp:term":[{"taxonomy":"product_brand","embeddable":true,"href":"https:\/\/raytalkcomms.com\/fr\/wp-json\/wp\/v2\/product_brand?post=5063"},{"taxonomy":"product_cat","embeddable":true,"href":"https:\/\/raytalkcomms.com\/fr\/wp-json\/wp\/v2\/product_cat?post=5063"},{"taxonomy":"product_tag","embeddable":true,"href":"https:\/\/raytalkcomms.com\/fr\/wp-json\/wp\/v2\/product_tag?post=5063"}],"curies":[{"name":"wp","href":"https:\/\/api.w.org\/{rel}","templated":true}]}}