{"id":5004,"date":"2025-11-24T09:16:32","date_gmt":"2025-11-24T09:16:32","guid":{"rendered":"https:\/\/raytalkcomms.com\/?post_type=product&#038;p=5004"},"modified":"2025-12-19T13:14:14","modified_gmt":"2025-12-19T13:14:14","slug":"ph-210-ground-support-headset-with-muff-mic","status":"publish","type":"product","link":"https:\/\/raytalkcomms.com\/fr\/produit\/ph-210-ground-support-headset-with-muff-mic\/","title":{"rendered":"Casque d'assistance au sol PH-210 avec microphone silencieux"},"content":{"rendered":"<h3>Caract\u00e9ristiques :<\/h3>\n<ul>\n<li>Microphone blind\u00e9 avec interrupteur PTT momentan\u00e9.<\/li>\n<li>Niveau de r\u00e9duction du bruit : 23dB.<\/li>\n<li>Microphone dynamique amplifi\u00e9 \u00e0 r\u00e9duction de bruit.<\/li>\n<li>Interrupteur PTT momentan\u00e9 sur le blindage du micro.<\/li>\n<li>Parfait pour l'entretien ou les op\u00e9rations de rampe.<\/li>\n<\/ul>\n<h3>Avantages :<\/h3>\n<p>Les coquilles antibruit assurent une r\u00e9ception audio claire et isol\u00e9e, tandis que le microphone (coquille) avec interrupteur PTT (Push-to-Talk) permet de communiquer rapidement d'une seule main. Lorsqu'il n'est pas utilis\u00e9, l'appareil est suspendu librement et reste pr\u00eat \u00e0 fonctionner p\u00e9riodiquement ou \u00e0 la demande.<br \/>\nNos casques d'assistance au sol offrent une protection auditive et les microphones \u00e0 r\u00e9duction de bruit garantissent une transmission sonore et nette, quel que soit le niveau de bruit, et emp\u00eachent les a\u00e9ronefs d'\u00eatre expos\u00e9s \u00e0 des bruits inattendus.<br \/>\naccidents.<\/p>\n<div id=\"gtx-trans\" style=\"position: absolute; left: 152px; top: 308.225px;\">\n<div class=\"gtx-trans-icon\"><\/div>\n<\/div>","protected":false},"excerpt":{"rendered":"<p>Les casques d'assistance au sol RayTalk offrent aux \u00e9quipes au sol des a\u00e9roports une communication sans distorsion et une protection auditive exceptionnelle. Le casque PH-210 peut \u00eatre utilis\u00e9 avec diff\u00e9rents syst\u00e8mes a\u00e9roportuaires pour le repoussage, les op\u00e9rations sur l'aire de trafic, la maintenance et le d\u00e9givrage, offrant un port confortable et des communications claires m\u00eame dans les environnements les plus difficiles.<\/p>\n<p>Ce microphone dynamique amplifi\u00e9, anti-bruit, est con\u00e7u pour une communication claire dans les zones tr\u00e8s bruyantes. Dot\u00e9 d'un commutateur PTT int\u00e9gr\u00e9, il offre aux op\u00e9rateurs un contr\u00f4le pr\u00e9cis de la parole, ce qui le rend id\u00e9al pour les \u00e9quipes de maintenance, les op\u00e9rations en piste et d'autres t\u00e2ches d'assistance au sol exigeantes.<\/p>\n<p>Le casque d'assistance au sol est une solution de communication durable qui r\u00e9duit le bruit. Il est \u00e9quip\u00e9 d'un robuste microphone \u00e0 bonnette qui permet de surmonter efficacement les difficult\u00e9s de communication caus\u00e9es par le bruit du vent.<\/p>","protected":false},"featured_media":5006,"template":"","meta":[],"product_brand":[],"product_cat":[208,316],"product_tag":[],"class_list":{"0":"post-5004","1":"product","2":"type-product","3":"status-publish","4":"has-post-thumbnail","6":"product_cat-aviation","7":"product_cat-ground-support-headset","9":"first","10":"instock","11":"shipping-taxable","12":"purchasable","13":"product-type-simple"},"_links":{"self":[{"href":"https:\/\/raytalkcomms.com\/fr\/wp-json\/wp\/v2\/product\/5004","targetHints":{"allow":["GET"]}}],"collection":[{"href":"https:\/\/raytalkcomms.com\/fr\/wp-json\/wp\/v2\/product"}],"about":[{"href":"https:\/\/raytalkcomms.com\/fr\/wp-json\/wp\/v2\/types\/product"}],"wp:featuredmedia":[{"embeddable":true,"href":"https:\/\/raytalkcomms.com\/fr\/wp-json\/wp\/v2\/media\/5006"}],"wp:attachment":[{"href":"https:\/\/raytalkcomms.com\/fr\/wp-json\/wp\/v2\/media?parent=5004"}],"wp:term":[{"taxonomy":"product_brand","embeddable":true,"href":"https:\/\/raytalkcomms.com\/fr\/wp-json\/wp\/v2\/product_brand?post=5004"},{"taxonomy":"product_cat","embeddable":true,"href":"https:\/\/raytalkcomms.com\/fr\/wp-json\/wp\/v2\/product_cat?post=5004"},{"taxonomy":"product_tag","embeddable":true,"href":"https:\/\/raytalkcomms.com\/fr\/wp-json\/wp\/v2\/product_tag?post=5004"}],"curies":[{"name":"wp","href":"https:\/\/api.w.org\/{rel}","templated":true}]}}