{"id":4955,"date":"2025-11-21T08:24:55","date_gmt":"2025-11-21T08:24:55","guid":{"rendered":"https:\/\/raytalkcomms.com\/?post_type=product&#038;p=4955"},"modified":"2025-12-03T12:34:30","modified_gmt":"2025-12-03T12:34:30","slug":"rpt-c002-rapid-access-walkie-talkie-holder","status":"publish","type":"product","link":"https:\/\/raytalkcomms.com\/fr\/produit\/rpt-c002-rapid-access-walkie-talkie-holder\/","title":{"rendered":"RPT-C002 Support pour talkie-walkie \u00e0 acc\u00e8s rapide"},"content":{"rendered":"<h3>Caract\u00e9ristiques :<\/h3>\n<ul>\n<li>Divers accessoires de transport sont disponibles pour plus de confort et de commodit\u00e9. Les \u00e9tuis et les supports sont disponibles dans des tailles con\u00e7ues pour s'adapter \u00e0 la radio et \u00e0 la batterie, et pour permettre d'entendre clairement le son.<\/li>\n<\/ul>","protected":false},"excerpt":{"rendered":"<p>RayTalk RPT-C002 Rapid Access Walkie-Talkie Holder Fit for Caltta PH-660 radio<\/p>\n<div id=\"gtx-trans\" style=\"position: absolute; left: -97px; top: -8.8px;\">\n<div class=\"gtx-trans-icon\"><\/div>\n<\/div>","protected":false},"featured_media":5008,"template":"","meta":[],"product_brand":[],"product_cat":[218,214],"product_tag":[],"class_list":{"0":"post-4955","1":"product","2":"type-product","3":"status-publish","4":"has-post-thumbnail","6":"product_cat-spare-parts","7":"product_cat-two-way-radio-accessories","9":"first","10":"instock","11":"shipping-taxable","12":"purchasable","13":"product-type-simple"},"_links":{"self":[{"href":"https:\/\/raytalkcomms.com\/fr\/wp-json\/wp\/v2\/product\/4955","targetHints":{"allow":["GET"]}}],"collection":[{"href":"https:\/\/raytalkcomms.com\/fr\/wp-json\/wp\/v2\/product"}],"about":[{"href":"https:\/\/raytalkcomms.com\/fr\/wp-json\/wp\/v2\/types\/product"}],"wp:featuredmedia":[{"embeddable":true,"href":"https:\/\/raytalkcomms.com\/fr\/wp-json\/wp\/v2\/media\/5008"}],"wp:attachment":[{"href":"https:\/\/raytalkcomms.com\/fr\/wp-json\/wp\/v2\/media?parent=4955"}],"wp:term":[{"taxonomy":"product_brand","embeddable":true,"href":"https:\/\/raytalkcomms.com\/fr\/wp-json\/wp\/v2\/product_brand?post=4955"},{"taxonomy":"product_cat","embeddable":true,"href":"https:\/\/raytalkcomms.com\/fr\/wp-json\/wp\/v2\/product_cat?post=4955"},{"taxonomy":"product_tag","embeddable":true,"href":"https:\/\/raytalkcomms.com\/fr\/wp-json\/wp\/v2\/product_tag?post=4955"}],"curies":[{"name":"wp","href":"https:\/\/api.w.org\/{rel}","templated":true}]}}