{"id":4902,"date":"2025-11-20T12:16:10","date_gmt":"2025-11-20T12:16:10","guid":{"rendered":"https:\/\/raytalkcomms.com\/?post_type=product&#038;p=4902"},"modified":"2025-12-03T13:03:32","modified_gmt":"2025-12-03T13:03:32","slug":"epac-12-color-transducer-replacement-with-speaker","status":"publish","type":"product","link":"https:\/\/raytalkcomms.com\/fr\/produit\/epac-12-color-transducer-replacement-with-speaker\/","title":{"rendered":"EPAC-12 Transducteur couleur de remplacement avec haut-parleur"},"content":{"rendered":"<h3>Caract\u00e9ristiques :<\/h3>\n<ul>\n<li>L'EPAC-12, avec son haut-parleur int\u00e9gr\u00e9, offre un son clair et intelligible.<\/li>\n<li>Disponible en noir et en beige pour s'adapter \u00e0 diff\u00e9rents uniformes et environnements<\/li>\n<li>Pi\u00e8ce de r\u00e9paration rentable pour rafra\u00eechir les performances audio et prolonger la dur\u00e9e de vie de l'\u00e9couteur<\/li>\n<\/ul>","protected":false},"excerpt":{"rendered":"<p>Le transducteur couleur de remplacement EPAC-12 est un assemblage de transducteurs enfichables avec un \u00e9l\u00e9ment de haut-parleur int\u00e9gr\u00e9 pour les oreillettes professionnelles \u00e0 tube transparent. Disponible en noir et en beige, il permet aux utilisateurs de s'adapter \u00e0 diff\u00e9rents uniformes et environnements de travail tout en r\u00e9tablissant les performances audio d'origine.<\/p>\n<p>Il peut \u00eatre associ\u00e9 \u00e0 notre bo\u00eetier de transducteur avec le clip de v\u00eatement EPAC-18 QD et assembl\u00e9 comme un module complet. En tant qu'\u00e9l\u00e9ment cl\u00e9 d'un \u00e9couteur acoustique, il contribue \u00e0 fournir une qualit\u00e9 audio compl\u00e8te et claire.<\/p>\n<p>Le module compact est id\u00e9al pour r\u00e9parer ou mettre \u00e0 niveau les transducteurs us\u00e9s, aidant les \u00e9quipes de service \u00e0 maintenir les kits de surveillance, de s\u00e9curit\u00e9 et de communication \u00e9v\u00e9nementielle en \u00e9tat de fonctionnement constant \u00e0 un faible co\u00fbt de remplacement.<\/p>","protected":false},"featured_media":4900,"template":"","meta":[],"product_brand":[],"product_cat":[214,218],"product_tag":[],"class_list":{"0":"post-4902","1":"product","2":"type-product","3":"status-publish","4":"has-post-thumbnail","6":"product_cat-two-way-radio-accessories","7":"product_cat-spare-parts","9":"first","10":"instock","11":"shipping-taxable","12":"purchasable","13":"product-type-simple"},"_links":{"self":[{"href":"https:\/\/raytalkcomms.com\/fr\/wp-json\/wp\/v2\/product\/4902","targetHints":{"allow":["GET"]}}],"collection":[{"href":"https:\/\/raytalkcomms.com\/fr\/wp-json\/wp\/v2\/product"}],"about":[{"href":"https:\/\/raytalkcomms.com\/fr\/wp-json\/wp\/v2\/types\/product"}],"wp:featuredmedia":[{"embeddable":true,"href":"https:\/\/raytalkcomms.com\/fr\/wp-json\/wp\/v2\/media\/4900"}],"wp:attachment":[{"href":"https:\/\/raytalkcomms.com\/fr\/wp-json\/wp\/v2\/media?parent=4902"}],"wp:term":[{"taxonomy":"product_brand","embeddable":true,"href":"https:\/\/raytalkcomms.com\/fr\/wp-json\/wp\/v2\/product_brand?post=4902"},{"taxonomy":"product_cat","embeddable":true,"href":"https:\/\/raytalkcomms.com\/fr\/wp-json\/wp\/v2\/product_cat?post=4902"},{"taxonomy":"product_tag","embeddable":true,"href":"https:\/\/raytalkcomms.com\/fr\/wp-json\/wp\/v2\/product_tag?post=4902"}],"curies":[{"name":"wp","href":"https:\/\/api.w.org\/{rel}","templated":true}]}}