{"id":4883,"date":"2025-11-20T03:45:07","date_gmt":"2025-11-20T03:45:07","guid":{"rendered":"https:\/\/raytalkcomms.com\/?post_type=product&#038;p=4883"},"modified":"2025-12-04T01:54:06","modified_gmt":"2025-12-04T01:54:06","slug":"epac-08a-soft-mic-cover-for-boom-mic","status":"publish","type":"product","link":"https:\/\/raytalkcomms.com\/fr\/produit\/epac-08a-soft-mic-cover-for-boom-mic\/","title":{"rendered":"EPAC-08A Housse souple pour microphones \u00e0 perche"},"content":{"rendered":"<h3>Caract\u00e9ristiques :<\/h3>\n<ul>\n<li>Couvre-micro en mousse souple pour les microphones \u00e0 perche et les casques l\u00e9gers RHS-02<\/li>\n<li>25 mm de diam\u00e8tre \u00d7 30 mm de longueur pour une fixation s\u00fbre et efficace<\/li>\n<li>Am\u00e9liore l'hygi\u00e8ne tout en prot\u00e9geant et en prolongeant la dur\u00e9e de vie des microphones<\/li>\n<\/ul>","protected":false},"excerpt":{"rendered":"<p>La housse souple EPAC-08A est une housse hygi\u00e9nique en mousse con\u00e7ue pour les microphones \u00e0 perche des micro-casques l\u00e9gers, y compris les micro-casques de la s\u00e9rie RHS-02.<\/p>\n<p>Avec un diam\u00e8tre de 25 mm et une longueur de 30 mm, le manchon souple EPAC-08A offre le plus grand profil de housse de micro, avec une bonnette plus grande qui peut accueillir plus de types de microphones \u00e0 perche.<\/p>\n<p>Il offre une bonne tenue, ce qui permet de r\u00e9duire les bruits inutiles et de mieux prot\u00e9ger les microphones de l'oreillette, contribuant ainsi \u00e0 prolonger la dur\u00e9e de vie de ces composants.<\/p>\n<p>La mousse souple prot\u00e8ge le micro de la sueur, de la poussi\u00e8re et de minuscules contaminants tels que les bact\u00e9ries. Ces particules invisibles peuvent endommager le microphone au fil du temps et sont une cause majeure de d\u00e9gradation de la qualit\u00e9 audio.<\/p>\n<p>L'achat en gros d'EPAC-08A aide les \u00e9quipes de location \u00e0 prot\u00e9ger leurs actifs de communication, \u00e0 r\u00e9duire l'usure des microphones des casques, et \u00e0 assurer un fonctionnement plus efficace et durable des op\u00e9rations.<\/p>","protected":false},"featured_media":4881,"template":"","meta":[],"product_brand":[],"product_cat":[214,218],"product_tag":[],"class_list":{"0":"post-4883","1":"product","2":"type-product","3":"status-publish","4":"has-post-thumbnail","6":"product_cat-two-way-radio-accessories","7":"product_cat-spare-parts","9":"first","10":"instock","11":"shipping-taxable","12":"purchasable","13":"product-type-simple"},"_links":{"self":[{"href":"https:\/\/raytalkcomms.com\/fr\/wp-json\/wp\/v2\/product\/4883","targetHints":{"allow":["GET"]}}],"collection":[{"href":"https:\/\/raytalkcomms.com\/fr\/wp-json\/wp\/v2\/product"}],"about":[{"href":"https:\/\/raytalkcomms.com\/fr\/wp-json\/wp\/v2\/types\/product"}],"wp:featuredmedia":[{"embeddable":true,"href":"https:\/\/raytalkcomms.com\/fr\/wp-json\/wp\/v2\/media\/4881"}],"wp:attachment":[{"href":"https:\/\/raytalkcomms.com\/fr\/wp-json\/wp\/v2\/media?parent=4883"}],"wp:term":[{"taxonomy":"product_brand","embeddable":true,"href":"https:\/\/raytalkcomms.com\/fr\/wp-json\/wp\/v2\/product_brand?post=4883"},{"taxonomy":"product_cat","embeddable":true,"href":"https:\/\/raytalkcomms.com\/fr\/wp-json\/wp\/v2\/product_cat?post=4883"},{"taxonomy":"product_tag","embeddable":true,"href":"https:\/\/raytalkcomms.com\/fr\/wp-json\/wp\/v2\/product_tag?post=4883"}],"curies":[{"name":"wp","href":"https:\/\/api.w.org\/{rel}","templated":true}]}}