{"id":4824,"date":"2025-11-17T10:38:04","date_gmt":"2025-11-17T10:38:04","guid":{"rendered":"https:\/\/raytalkcomms.com\/?post_type=product&#038;p=4824"},"modified":"2025-12-04T02:08:45","modified_gmt":"2025-12-04T02:08:45","slug":"epac-04g-pink-earplug-for-two-way-radio-tube-audio-kits","status":"publish","type":"product","link":"https:\/\/raytalkcomms.com\/fr\/produit\/epac-04g-pink-earplug-for-two-way-radio-tube-audio-kits\/","title":{"rendered":"EPAC-04G Bouchon d'oreille rose pour les kits audio \u00e0 tubes pour radio \u00e0 deux voies"},"content":{"rendered":"<h3>Caract\u00e9ristiques :<\/h3>\n<ul>\n<li>Bouchons d'oreille roses \u00e0 2 couches<\/li>\n<\/ul>\n<div id=\"gtx-trans\" style=\"position: absolute; left: 91px; top: 97.3125px;\">\n<div class=\"gtx-trans-icon\"><\/div>\n<\/div>","protected":false},"excerpt":{"rendered":"<p>L'EPAC-04G est un embout auriculaire \u00e0 collerettes multiples. Les bouchons d'oreille roses \u00e0 deux couches sont fabriqu\u00e9s en caoutchouc souple, couramment utilis\u00e9s comme pi\u00e8ces de rechange pour les casques de walkie. Ils permettent une r\u00e9duction efficace du bruit et une communication claire. Ils sont id\u00e9aux pour les services de s\u00e9curit\u00e9, les forces de l'ordre et la gestion d'\u00e9v\u00e9nements pendant de longues heures de travail.<\/p>\n<div id=\"gtx-trans\" style=\"position: absolute; left: 198px; top: -8.8px;\">\n<div class=\"gtx-trans-icon\"><\/div>\n<\/div>","protected":false},"featured_media":4825,"template":"","meta":[],"product_brand":[],"product_cat":[214,218],"product_tag":[],"class_list":{"0":"post-4824","1":"product","2":"type-product","3":"status-publish","4":"has-post-thumbnail","6":"product_cat-two-way-radio-accessories","7":"product_cat-spare-parts","9":"first","10":"instock","11":"shipping-taxable","12":"purchasable","13":"product-type-simple"},"_links":{"self":[{"href":"https:\/\/raytalkcomms.com\/fr\/wp-json\/wp\/v2\/product\/4824","targetHints":{"allow":["GET"]}}],"collection":[{"href":"https:\/\/raytalkcomms.com\/fr\/wp-json\/wp\/v2\/product"}],"about":[{"href":"https:\/\/raytalkcomms.com\/fr\/wp-json\/wp\/v2\/types\/product"}],"wp:featuredmedia":[{"embeddable":true,"href":"https:\/\/raytalkcomms.com\/fr\/wp-json\/wp\/v2\/media\/4825"}],"wp:attachment":[{"href":"https:\/\/raytalkcomms.com\/fr\/wp-json\/wp\/v2\/media?parent=4824"}],"wp:term":[{"taxonomy":"product_brand","embeddable":true,"href":"https:\/\/raytalkcomms.com\/fr\/wp-json\/wp\/v2\/product_brand?post=4824"},{"taxonomy":"product_cat","embeddable":true,"href":"https:\/\/raytalkcomms.com\/fr\/wp-json\/wp\/v2\/product_cat?post=4824"},{"taxonomy":"product_tag","embeddable":true,"href":"https:\/\/raytalkcomms.com\/fr\/wp-json\/wp\/v2\/product_tag?post=4824"}],"curies":[{"name":"wp","href":"https:\/\/api.w.org\/{rel}","templated":true}]}}