{"id":4799,"date":"2025-11-17T09:00:26","date_gmt":"2025-11-17T09:00:26","guid":{"rendered":"https:\/\/raytalkcomms.com\/?post_type=product&#038;p=4799"},"modified":"2025-12-04T02:35:13","modified_gmt":"2025-12-04T02:35:13","slug":"epac-03z-high-quality-police-earphones-acoustic-coiled-tube","status":"publish","type":"product","link":"https:\/\/raytalkcomms.com\/fr\/produit\/epac-03z-high-quality-police-earphones-acoustic-coiled-tube\/","title":{"rendered":"EPAC-03Z \u00c9couteurs de police de haute qualit\u00e9 Tube acoustique spiral\u00e9"},"content":{"rendered":"<h3>Caract\u00e9ristiques :<\/h3>\n<ul>\n<li>Tube acoustique transparent<\/li>\n<li>Comprend un \u00e9couteur et un coude<\/li>\n<li>Mod\u00e8le enroul\u00e9<\/li>\n<li>Compatible avec le contour d'oreille RayTalk E-45<\/li>\n<\/ul>","protected":false},"excerpt":{"rendered":"<p>Les \u00e9couteurs de la police et autres \u00e9couteurs radio peuvent utiliser l'EPAC-03Z comme tube de remplacement fiable. L'EPAC-03Z est une pi\u00e8ce de rechange pour un \u00e9couteur intra-auriculaire de radio. Ce tube transparent comprend l'\u00e9couteur et le coude. Les \u00e9couteurs construits avec le E-45 peuvent adopter l'EPAC-03Z comme pi\u00e8ce de rechange.<br \/>\nLe remplacement r\u00e9gulier des pi\u00e8ces endommag\u00e9es ou vieillissantes permet de prolonger la dur\u00e9e de vie de votre casque de communication. Avec une large gamme d'options, RayTalk fournit syst\u00e9matiquement des accessoires fiables pour les kits de surveillance.<\/p>","protected":false},"featured_media":4798,"template":"","meta":[],"product_brand":[],"product_cat":[214,218],"product_tag":[],"class_list":{"0":"post-4799","1":"product","2":"type-product","3":"status-publish","4":"has-post-thumbnail","6":"product_cat-two-way-radio-accessories","7":"product_cat-spare-parts","9":"first","10":"instock","11":"shipping-taxable","12":"purchasable","13":"product-type-simple"},"_links":{"self":[{"href":"https:\/\/raytalkcomms.com\/fr\/wp-json\/wp\/v2\/product\/4799","targetHints":{"allow":["GET"]}}],"collection":[{"href":"https:\/\/raytalkcomms.com\/fr\/wp-json\/wp\/v2\/product"}],"about":[{"href":"https:\/\/raytalkcomms.com\/fr\/wp-json\/wp\/v2\/types\/product"}],"wp:featuredmedia":[{"embeddable":true,"href":"https:\/\/raytalkcomms.com\/fr\/wp-json\/wp\/v2\/media\/4798"}],"wp:attachment":[{"href":"https:\/\/raytalkcomms.com\/fr\/wp-json\/wp\/v2\/media?parent=4799"}],"wp:term":[{"taxonomy":"product_brand","embeddable":true,"href":"https:\/\/raytalkcomms.com\/fr\/wp-json\/wp\/v2\/product_brand?post=4799"},{"taxonomy":"product_cat","embeddable":true,"href":"https:\/\/raytalkcomms.com\/fr\/wp-json\/wp\/v2\/product_cat?post=4799"},{"taxonomy":"product_tag","embeddable":true,"href":"https:\/\/raytalkcomms.com\/fr\/wp-json\/wp\/v2\/product_tag?post=4799"}],"curies":[{"name":"wp","href":"https:\/\/api.w.org\/{rel}","templated":true}]}}