{"id":4792,"date":"2025-11-17T07:46:33","date_gmt":"2025-11-17T07:46:33","guid":{"rendered":"https:\/\/raytalkcomms.com\/?post_type=product&#038;p=4792"},"modified":"2025-12-04T02:36:49","modified_gmt":"2025-12-04T02:36:49","slug":"epac-03x-radio-earphone-coiled-acoustic-tube-with-earbud","status":"publish","type":"product","link":"https:\/\/raytalkcomms.com\/fr\/produit\/epac-03x-radio-earphone-coiled-acoustic-tube-with-earbud\/","title":{"rendered":"EPAC-03X \u00c9couteur radio avec tube acoustique spiral\u00e9 et \u00e9couteur"},"content":{"rendered":"<h3>Caract\u00e9ristiques :<\/h3>\n<ul>\n<li>Tube acoustique transparent<\/li>\n<li>Comprend un \u00e9couteur et une vis<\/li>\n<li>Mod\u00e8le enroul\u00e9<\/li>\n<li>Compatible avec le contour d'oreille RayTalk E-44<\/li>\n<\/ul>","protected":false},"excerpt":{"rendered":"<p>L'EPAC-03X est un tube auriculaire boucl\u00e9 transparent rempla\u00e7able. Il s'agit d'une pi\u00e8ce de rechange pour un \u00e9couteur radio. Son installation lors de l'entretien permet de remettre l'\u00e9couteur radio dans un \u00e9tat neuf. Il est principalement utilis\u00e9 pour remplacer l'\u00e9couteur radio de la s\u00e9rie E-44. Il contient \u00e0 la fois un \u00e9couteur et une vis. Cet accessoire permet une r\u00e9ception intra-auriculaire.<\/p>\n<p>L'EPAC-03X s'installe et se retire facilement. Pour les \u00e9quipes qui ont besoin de pi\u00e8ces rentables et d'une maintenance fr\u00e9quente, EPAC-03X est une solution intelligente \u00e0 commande unique. Si vous avez achet\u00e9 la corne d'oreille E-44 de RayTalk, ce tube est un remplacement direct. RayTalk s'engage \u00e0 fabriquer des pi\u00e8ces de tube acoustique de qualit\u00e9 sup\u00e9rieure pour les radios bidirectionnelles.<\/p>","protected":false},"featured_media":4793,"template":"","meta":[],"product_brand":[],"product_cat":[214,218],"product_tag":[],"class_list":{"0":"post-4792","1":"product","2":"type-product","3":"status-publish","4":"has-post-thumbnail","6":"product_cat-two-way-radio-accessories","7":"product_cat-spare-parts","9":"first","10":"instock","11":"shipping-taxable","12":"purchasable","13":"product-type-simple"},"_links":{"self":[{"href":"https:\/\/raytalkcomms.com\/fr\/wp-json\/wp\/v2\/product\/4792","targetHints":{"allow":["GET"]}}],"collection":[{"href":"https:\/\/raytalkcomms.com\/fr\/wp-json\/wp\/v2\/product"}],"about":[{"href":"https:\/\/raytalkcomms.com\/fr\/wp-json\/wp\/v2\/types\/product"}],"wp:featuredmedia":[{"embeddable":true,"href":"https:\/\/raytalkcomms.com\/fr\/wp-json\/wp\/v2\/media\/4793"}],"wp:attachment":[{"href":"https:\/\/raytalkcomms.com\/fr\/wp-json\/wp\/v2\/media?parent=4792"}],"wp:term":[{"taxonomy":"product_brand","embeddable":true,"href":"https:\/\/raytalkcomms.com\/fr\/wp-json\/wp\/v2\/product_brand?post=4792"},{"taxonomy":"product_cat","embeddable":true,"href":"https:\/\/raytalkcomms.com\/fr\/wp-json\/wp\/v2\/product_cat?post=4792"},{"taxonomy":"product_tag","embeddable":true,"href":"https:\/\/raytalkcomms.com\/fr\/wp-json\/wp\/v2\/product_tag?post=4792"}],"curies":[{"name":"wp","href":"https:\/\/api.w.org\/{rel}","templated":true}]}}