{"id":4784,"date":"2025-11-17T07:08:40","date_gmt":"2025-11-17T07:08:40","guid":{"rendered":"https:\/\/raytalkcomms.com\/?post_type=product&#038;p=4784"},"modified":"2025-12-04T02:40:34","modified_gmt":"2025-12-04T02:40:34","slug":"epac-01x-replacement-transparent-acoustic-tube-earpiece-hook","status":"publish","type":"product","link":"https:\/\/raytalkcomms.com\/fr\/produit\/epac-01x-replacement-transparent-acoustic-tube-earpiece-hook\/","title":{"rendered":"EPAC-01X\/01BX Crochet de remplacement pour tube acoustique transparent"},"content":{"rendered":"<h3>Caract\u00e9ristiques :<\/h3>\n<ul>\n<li>Le tube acoustique est livr\u00e9 avec un \u00e9couteur<\/li>\n<li>Disponible avec un crochet d'oreille transparent ou noir<\/li>\n<\/ul>","protected":false},"excerpt":{"rendered":"<p>EPAC-01X\/01BX est un ensemble de tubes acoustiques transparents pour le crochet de l'\u00e9couteur de votre talkie-walkie, fourni avec un coude et une oreillette pour un remplacement rapide et propre. Il convient \u00e0 tous les \u00e9couteurs et casques RayTalk, y compris EM-4342, EM-4238N et EM-3927.<\/p>\n<p>Cet accessoire interchangeable comprend le tube acoustique transparent (EPAC-01X) et le tube acoustique noir (EPAC-01BX). Le tube acoustique transparent EPAC-01X\/01BX est livr\u00e9 avec une oreillette, ce qui vous \u00e9vite d'acheter des oreillettes suppl\u00e9mentaires pour l'assemblage.<\/p>\n<p>RayTalk a toujours fourni des solutions de communication fiables. Tube acoustique professionnel et durable \u00e0 un prix avantageux.<\/p>","protected":false},"featured_media":4785,"template":"","meta":[],"product_brand":[],"product_cat":[218,214],"product_tag":[],"class_list":{"0":"post-4784","1":"product","2":"type-product","3":"status-publish","4":"has-post-thumbnail","6":"product_cat-spare-parts","7":"product_cat-two-way-radio-accessories","9":"first","10":"instock","11":"shipping-taxable","12":"purchasable","13":"product-type-simple"},"_links":{"self":[{"href":"https:\/\/raytalkcomms.com\/fr\/wp-json\/wp\/v2\/product\/4784","targetHints":{"allow":["GET"]}}],"collection":[{"href":"https:\/\/raytalkcomms.com\/fr\/wp-json\/wp\/v2\/product"}],"about":[{"href":"https:\/\/raytalkcomms.com\/fr\/wp-json\/wp\/v2\/types\/product"}],"wp:featuredmedia":[{"embeddable":true,"href":"https:\/\/raytalkcomms.com\/fr\/wp-json\/wp\/v2\/media\/4785"}],"wp:attachment":[{"href":"https:\/\/raytalkcomms.com\/fr\/wp-json\/wp\/v2\/media?parent=4784"}],"wp:term":[{"taxonomy":"product_brand","embeddable":true,"href":"https:\/\/raytalkcomms.com\/fr\/wp-json\/wp\/v2\/product_brand?post=4784"},{"taxonomy":"product_cat","embeddable":true,"href":"https:\/\/raytalkcomms.com\/fr\/wp-json\/wp\/v2\/product_cat?post=4784"},{"taxonomy":"product_tag","embeddable":true,"href":"https:\/\/raytalkcomms.com\/fr\/wp-json\/wp\/v2\/product_tag?post=4784"}],"curies":[{"name":"wp","href":"https:\/\/api.w.org\/{rel}","templated":true}]}}