{"id":4743,"date":"2025-11-14T09:03:16","date_gmt":"2025-11-14T09:03:16","guid":{"rendered":"https:\/\/raytalkcomms.com\/?post_type=product&#038;p=4743"},"modified":"2025-12-30T06:51:13","modified_gmt":"2025-12-30T06:51:13","slug":"qdc-m1-quick-connect-disconnect-cable-with-round-ptt","status":"publish","type":"product","link":"https:\/\/raytalkcomms.com\/fr\/produit\/qdc-m1-quick-connect-disconnect-cable-with-round-ptt\/","title":{"rendered":"QDC-53-M1\/CC C\u00e2ble de d\u00e9connexion \u00e0 connexion rapide avec PTT rond"},"content":{"rendered":"<h3>Caract\u00e9ristiques<\/h3>\n<ul>\n<li>un bouton PTT rond en ligne, facile \u00e0 presser et \u00e0 haute visibilit\u00e9.<\/li>\n<li>Con\u00e7u pour une connexion et une lib\u00e9ration rapides avec le syst\u00e8me QDC.<\/li>\n<li>Longueur de c\u00e2ble personnalisable pour r\u00e9pondre \u00e0 vos besoins op\u00e9rationnels sp\u00e9cifiques.<\/li>\n<\/ul>","protected":false},"excerpt":{"rendered":"<p>Une solution de d\u00e9connexion rapide haut de gamme dot\u00e9e d'un bouton PTT tactile surdimensionn\u00e9 et d'un c\u00e2ble qui peut \u00eatre adapt\u00e9 \u00e0 la longueur souhait\u00e9e pour un maximum de flexibilit\u00e9 et de contr\u00f4le.<\/p>","protected":false},"featured_media":4744,"template":"","meta":[],"product_brand":[],"product_cat":[214,307],"product_tag":[],"class_list":{"0":"post-4743","1":"product","2":"type-product","3":"status-publish","4":"has-post-thumbnail","6":"product_cat-two-way-radio-accessories","7":"product_cat-audio-adapter","9":"first","10":"instock","11":"shipping-taxable","12":"purchasable","13":"product-type-simple"},"_links":{"self":[{"href":"https:\/\/raytalkcomms.com\/fr\/wp-json\/wp\/v2\/product\/4743","targetHints":{"allow":["GET"]}}],"collection":[{"href":"https:\/\/raytalkcomms.com\/fr\/wp-json\/wp\/v2\/product"}],"about":[{"href":"https:\/\/raytalkcomms.com\/fr\/wp-json\/wp\/v2\/types\/product"}],"wp:featuredmedia":[{"embeddable":true,"href":"https:\/\/raytalkcomms.com\/fr\/wp-json\/wp\/v2\/media\/4744"}],"wp:attachment":[{"href":"https:\/\/raytalkcomms.com\/fr\/wp-json\/wp\/v2\/media?parent=4743"}],"wp:term":[{"taxonomy":"product_brand","embeddable":true,"href":"https:\/\/raytalkcomms.com\/fr\/wp-json\/wp\/v2\/product_brand?post=4743"},{"taxonomy":"product_cat","embeddable":true,"href":"https:\/\/raytalkcomms.com\/fr\/wp-json\/wp\/v2\/product_cat?post=4743"},{"taxonomy":"product_tag","embeddable":true,"href":"https:\/\/raytalkcomms.com\/fr\/wp-json\/wp\/v2\/product_tag?post=4743"}],"curies":[{"name":"wp","href":"https:\/\/api.w.org\/{rel}","templated":true}]}}