{"id":4716,"date":"2025-11-13T07:33:53","date_gmt":"2025-11-13T07:33:53","guid":{"rendered":"https:\/\/raytalkcomms.com\/?post_type=product&#038;p=4716"},"modified":"2025-12-30T06:54:45","modified_gmt":"2025-12-30T06:54:45","slug":"ap-k2-hrs6f-two-way-radio-headset-adapter-for-kenwood-tk385-multi-pin-to-hirose-6-pin-connector","status":"publish","type":"product","link":"https:\/\/raytalkcomms.com\/fr\/produit\/ap-k2-hrs6f-two-way-radio-headset-adapter-for-kenwood-tk385-multi-pin-to-hirose-6-pin-connector\/","title":{"rendered":"AP-K2-HRS6F Adaptateur pour casque radio bidirectionnel pour Kenwood TK385 connecteur multibroche vers Hirose connecteur 6 broches"},"content":{"rendered":"<h3>Caract\u00e9ristiques :<\/h3>\n<ul>\n<li>Il facilite les connexions rapides et s\u00fbres, permettant des transitions sans effort entre diff\u00e9rents microphones, \u00e9couteurs, casques ou c\u00e2bles PTT sur plusieurs radios.<\/li>\n<\/ul>","protected":false},"excerpt":{"rendered":"<p>AP-K2-HRS6F Adaptateur pour casque radio 2 voies pour Kenwood TK385 multibroche vers connecteur Hirose 6 broches<\/p>","protected":false},"featured_media":4713,"template":"","meta":[],"product_brand":[],"product_cat":[307,214],"product_tag":[],"class_list":{"0":"post-4716","1":"product","2":"type-product","3":"status-publish","4":"has-post-thumbnail","6":"product_cat-audio-adapter","7":"product_cat-two-way-radio-accessories","9":"first","10":"instock","11":"shipping-taxable","12":"purchasable","13":"product-type-simple"},"_links":{"self":[{"href":"https:\/\/raytalkcomms.com\/fr\/wp-json\/wp\/v2\/product\/4716","targetHints":{"allow":["GET"]}}],"collection":[{"href":"https:\/\/raytalkcomms.com\/fr\/wp-json\/wp\/v2\/product"}],"about":[{"href":"https:\/\/raytalkcomms.com\/fr\/wp-json\/wp\/v2\/types\/product"}],"wp:featuredmedia":[{"embeddable":true,"href":"https:\/\/raytalkcomms.com\/fr\/wp-json\/wp\/v2\/media\/4713"}],"wp:attachment":[{"href":"https:\/\/raytalkcomms.com\/fr\/wp-json\/wp\/v2\/media?parent=4716"}],"wp:term":[{"taxonomy":"product_brand","embeddable":true,"href":"https:\/\/raytalkcomms.com\/fr\/wp-json\/wp\/v2\/product_brand?post=4716"},{"taxonomy":"product_cat","embeddable":true,"href":"https:\/\/raytalkcomms.com\/fr\/wp-json\/wp\/v2\/product_cat?post=4716"},{"taxonomy":"product_tag","embeddable":true,"href":"https:\/\/raytalkcomms.com\/fr\/wp-json\/wp\/v2\/product_tag?post=4716"}],"curies":[{"name":"wp","href":"https:\/\/api.w.org\/{rel}","templated":true}]}}