{"id":4712,"date":"2025-11-13T07:24:54","date_gmt":"2025-11-13T07:24:54","guid":{"rendered":"https:\/\/raytalkcomms.com\/?post_type=product&#038;p=4712"},"modified":"2025-12-30T06:54:38","modified_gmt":"2025-12-30T06:54:38","slug":"ap-m2-hrs6f-ptt-walkie-talkie-earpiece-adapter-for-motorola-gp328-gp338-gp340-to-hirose-6-pin-connector-with-flat-ptt","status":"publish","type":"product","link":"https:\/\/raytalkcomms.com\/fr\/produit\/ap-m2-hrs6f-ptt-walkie-talkie-earpiece-adapter-for-motorola-gp328-gp338-gp340-to-hirose-6-pin-connector-with-flat-ptt\/","title":{"rendered":"AP-M2-HRS6F\/PTT Adaptateur pour oreillette de talkie-walkie pour Motorola GP328\/GP338\/GP340 vers connecteur Hirose 6 broches avec PTT plat"},"content":{"rendered":"<h3>Caract\u00e9ristiques :<\/h3>\n<ul>\n<li>Obtenez une interop\u00e9rabilit\u00e9 optimale gr\u00e2ce \u00e0 une fonctionnalit\u00e9 intuitive de connexion\/d\u00e9connexion rapide.<\/li>\n<li>Adaptez votre radio \u00e0 n'importe quelle t\u00e2che en passant en quelques secondes d'un micro, d'une oreillette, d'un casque ou d'un c\u00e2ble PTT \u00e0 l'autre, tout en ayant l'assurance d'une fixation s\u00fbre\u201d.\u201d<\/li>\n<\/ul>","protected":false},"excerpt":{"rendered":"<p>AP-M2-HRS6F\/PTT adaptateur pour casque radio motorola convertit un connecteur motorola GP328\/GP338\/GP340 (M2) en un adaptateur audio hirose 6 broches avec PTT pour votre radio bidirectionnelle.<\/p>","protected":false},"featured_media":4711,"template":"","meta":[],"product_brand":[],"product_cat":[307,214],"product_tag":[],"class_list":{"0":"post-4712","1":"product","2":"type-product","3":"status-publish","4":"has-post-thumbnail","6":"product_cat-audio-adapter","7":"product_cat-two-way-radio-accessories","9":"first","10":"instock","11":"shipping-taxable","12":"purchasable","13":"product-type-simple"},"_links":{"self":[{"href":"https:\/\/raytalkcomms.com\/fr\/wp-json\/wp\/v2\/product\/4712","targetHints":{"allow":["GET"]}}],"collection":[{"href":"https:\/\/raytalkcomms.com\/fr\/wp-json\/wp\/v2\/product"}],"about":[{"href":"https:\/\/raytalkcomms.com\/fr\/wp-json\/wp\/v2\/types\/product"}],"wp:featuredmedia":[{"embeddable":true,"href":"https:\/\/raytalkcomms.com\/fr\/wp-json\/wp\/v2\/media\/4711"}],"wp:attachment":[{"href":"https:\/\/raytalkcomms.com\/fr\/wp-json\/wp\/v2\/media?parent=4712"}],"wp:term":[{"taxonomy":"product_brand","embeddable":true,"href":"https:\/\/raytalkcomms.com\/fr\/wp-json\/wp\/v2\/product_brand?post=4712"},{"taxonomy":"product_cat","embeddable":true,"href":"https:\/\/raytalkcomms.com\/fr\/wp-json\/wp\/v2\/product_cat?post=4712"},{"taxonomy":"product_tag","embeddable":true,"href":"https:\/\/raytalkcomms.com\/fr\/wp-json\/wp\/v2\/product_tag?post=4712"}],"curies":[{"name":"wp","href":"https:\/\/api.w.org\/{rel}","templated":true}]}}