{"id":4703,"date":"2025-11-13T07:04:57","date_gmt":"2025-11-13T07:04:57","guid":{"rendered":"https:\/\/raytalkcomms.com\/?post_type=product&#038;p=4703"},"modified":"2025-12-30T06:55:54","modified_gmt":"2025-12-30T06:55:54","slug":"ap-m2-hrs6f-radio-headset-adapter-for-motorola-gp328-gp338-gp340-to-hirose-6-pin-connector","status":"publish","type":"product","link":"https:\/\/raytalkcomms.com\/fr\/produit\/ap-m2-hrs6f-radio-headset-adapter-for-motorola-gp328-gp338-gp340-to-hirose-6-pin-connector\/","title":{"rendered":"AP-M2-HRS6F Adaptateur de casque radio pour Motorola GP328\/GP338\/GP340 vers connecteur Hirose 6 broches"},"content":{"rendered":"<h3>Caract\u00e9ristiques :<\/h3>\n<ul>\n<li>Capacit\u00e9 de remplacement rapide et connexion s\u00e9curis\u00e9e<\/li>\n<li>Passez sans effort d'un accessoire audio \u00e0 l'autre, qu'il s'agisse d'un microphone, d'une oreillette, d'un casque ou d'un c\u00e2ble PTT.<\/li>\n<li>Un m\u00e9canisme de fixation s\u00fbr mais simple assure un lien fiable avec votre radio, ce qui rend les transitions rapides et s\u00fbres\u201d.\u201d<\/li>\n<\/ul>","protected":false},"excerpt":{"rendered":"<p>AP-M2-HRS6F adaptateur pour casque radio motorola convertit un connecteur motorola GP328\/GP338\/GP340 (M2) en adaptateur de connecteur audio hirose 6 broches pour votre radio bidirectionnelle.<\/p>","protected":false},"featured_media":4704,"template":"","meta":[],"product_brand":[],"product_cat":[307,214],"product_tag":[],"class_list":{"0":"post-4703","1":"product","2":"type-product","3":"status-publish","4":"has-post-thumbnail","6":"product_cat-audio-adapter","7":"product_cat-two-way-radio-accessories","9":"first","10":"instock","11":"shipping-taxable","12":"purchasable","13":"product-type-simple"},"_links":{"self":[{"href":"https:\/\/raytalkcomms.com\/fr\/wp-json\/wp\/v2\/product\/4703","targetHints":{"allow":["GET"]}}],"collection":[{"href":"https:\/\/raytalkcomms.com\/fr\/wp-json\/wp\/v2\/product"}],"about":[{"href":"https:\/\/raytalkcomms.com\/fr\/wp-json\/wp\/v2\/types\/product"}],"wp:featuredmedia":[{"embeddable":true,"href":"https:\/\/raytalkcomms.com\/fr\/wp-json\/wp\/v2\/media\/4704"}],"wp:attachment":[{"href":"https:\/\/raytalkcomms.com\/fr\/wp-json\/wp\/v2\/media?parent=4703"}],"wp:term":[{"taxonomy":"product_brand","embeddable":true,"href":"https:\/\/raytalkcomms.com\/fr\/wp-json\/wp\/v2\/product_brand?post=4703"},{"taxonomy":"product_cat","embeddable":true,"href":"https:\/\/raytalkcomms.com\/fr\/wp-json\/wp\/v2\/product_cat?post=4703"},{"taxonomy":"product_tag","embeddable":true,"href":"https:\/\/raytalkcomms.com\/fr\/wp-json\/wp\/v2\/product_tag?post=4703"}],"curies":[{"name":"wp","href":"https:\/\/api.w.org\/{rel}","templated":true}]}}