{"id":4685,"date":"2025-11-12T11:01:44","date_gmt":"2025-11-12T11:01:44","guid":{"rendered":"https:\/\/raytalkcomms.com\/?post_type=product&#038;p=4685"},"modified":"2025-12-30T06:56:35","modified_gmt":"2025-12-30T06:56:35","slug":"ap-m11-m1-motorola-walkie-talkie-earpiece-adapter-dp2400-2600-connector-to-2-pin-connector","status":"publish","type":"product","link":"https:\/\/raytalkcomms.com\/fr\/produit\/ap-m11-m1-motorola-walkie-talkie-earpiece-adapter-dp2400-2600-connector-to-2-pin-connector\/","title":{"rendered":"AP-M11-M1 Motorola Walkie Talkie Earpiece Adapter-DP2400\/2600 Connecteur vers connecteur 2 broches"},"content":{"rendered":"<h3>Caract\u00e9ristiques :<\/h3>\n<ul>\n<li>Cet adaptateur audio convertit le connecteur multibroche des radios Motorola en une fiche standard \u00e0 2 broches.<\/li>\n<li>Il permet l'utilisation d'accessoires \u00e0 d\u00e9connexion rapide, offrant ainsi un confort sup\u00e9rieur aux utilisateurs individuels et aux grandes \u00e9quipes. En minimisant les branchements et d\u00e9branchements fr\u00e9quents, le<\/li>\n<li>il prot\u00e8ge le port de votre radio de l'usure, prolongeant ainsi la dur\u00e9e de vie de l'\u00e9quipement et offrant une solution plus rentable que l'utilisation d'une prise directe.<\/li>\n<\/ul>","protected":false},"excerpt":{"rendered":"<p>AP-M11-M1 Motorola walkie talkie earpiece Adapter converts a motorola<br \/>\nDP2400\/2600\/2000 connecteur (M)vers connecteur audio \u00e0 2 broches (MI) Adaptateur pour votre DP2400\/2600\/2000<br \/>\nradio bidirectionnelle motorola.<\/p>","protected":false},"featured_media":4682,"template":"","meta":[],"product_brand":[],"product_cat":[307,214],"product_tag":[],"class_list":{"0":"post-4685","1":"product","2":"type-product","3":"status-publish","4":"has-post-thumbnail","6":"product_cat-audio-adapter","7":"product_cat-two-way-radio-accessories","9":"first","10":"instock","11":"shipping-taxable","12":"purchasable","13":"product-type-simple"},"_links":{"self":[{"href":"https:\/\/raytalkcomms.com\/fr\/wp-json\/wp\/v2\/product\/4685","targetHints":{"allow":["GET"]}}],"collection":[{"href":"https:\/\/raytalkcomms.com\/fr\/wp-json\/wp\/v2\/product"}],"about":[{"href":"https:\/\/raytalkcomms.com\/fr\/wp-json\/wp\/v2\/types\/product"}],"wp:featuredmedia":[{"embeddable":true,"href":"https:\/\/raytalkcomms.com\/fr\/wp-json\/wp\/v2\/media\/4682"}],"wp:attachment":[{"href":"https:\/\/raytalkcomms.com\/fr\/wp-json\/wp\/v2\/media?parent=4685"}],"wp:term":[{"taxonomy":"product_brand","embeddable":true,"href":"https:\/\/raytalkcomms.com\/fr\/wp-json\/wp\/v2\/product_brand?post=4685"},{"taxonomy":"product_cat","embeddable":true,"href":"https:\/\/raytalkcomms.com\/fr\/wp-json\/wp\/v2\/product_cat?post=4685"},{"taxonomy":"product_tag","embeddable":true,"href":"https:\/\/raytalkcomms.com\/fr\/wp-json\/wp\/v2\/product_tag?post=4685"}],"curies":[{"name":"wp","href":"https:\/\/api.w.org\/{rel}","templated":true}]}}