{"id":4662,"date":"2025-11-12T06:57:30","date_gmt":"2025-11-12T06:57:30","guid":{"rendered":"https:\/\/raytalkcomms.com\/?post_type=product&#038;p=4662"},"modified":"2025-12-30T07:01:07","modified_gmt":"2025-12-30T07:01:07","slug":"rtm-02-neck-microphone","status":"publish","type":"product","link":"https:\/\/raytalkcomms.com\/fr\/produit\/rtm-02-neck-microphone\/","title":{"rendered":"RTM-02 Microphone de cou avec \u00e9couteur \u00e0 tube acoustique"},"content":{"rendered":"<h3>Caract\u00e9ristiques :<\/h3>\n<ul>\n<li>Microphone de cou \u00e0 vibration de gorge<\/li>\n<li>Oreillette \u00e0 tube acoustique cach\u00e9<\/li>\n<li>PTT en forme d'anneau pour des appels radio rapides<\/li>\n<li>Bandeau \u00e9lastique r\u00e9glable<\/li>\n<li>R\u00e9ception discr\u00e8te et claire<\/li>\n<li>Pr\u00eat pour les bruits forts et les masques\/casques<\/li>\n<li>C\u00e2ble renforc\u00e9, d\u00e9charge de traction<\/li>\n<li>Connecteurs radio interchangeables<\/li>\n<\/ul>","protected":false},"excerpt":{"rendered":"<p>Le microphone de cou RTM-02 associe un capteur de vibrations de gorge \u00e0 un \u00e9couteur \u00e0 tube acoustique dissimul\u00e9 pour des communications claires et priv\u00e9es dans des environnements tr\u00e8s bruyants ou avec des masques et des casques.<\/p>\n<p>Les deux microphones r\u00e9glables permettent de capter la voix de mani\u00e8re fiable, l'un ou les deux microphones devant rester en contact avec votre gorge, quelle que soit la fa\u00e7on dont vous tournez la t\u00eate.<\/p>\n<p>Les deux transducteurs reposent confortablement sur le cou pour capter les vibrations vocales, en contournant le vent et les bruits ambiants tout en gardant les deux oreilles ouvertes aux sons de la situation. Le tour de cou \u00e9lastique r\u00e9glable s'ajuste fermement pour les longues p\u00e9riodes de travail.<\/p>\n<p>Le PTT en forme d'anneau peut \u00eatre port\u00e9 sur n'importe quel doigt, ce qui permet d'utiliser instantan\u00e9ment la touche radio pour une communication claire. Il est \u00e9quip\u00e9 de notre tube acoustique standard pour une maintenance \u00e0 long terme et est livr\u00e9 avec un \u00e9couteur de rechange.<\/p>\n<p>Un c\u00e2ble renforc\u00e9 et une d\u00e9charge de traction am\u00e9liorent la durabilit\u00e9. Compatible avec la plupart des radios bidirectionnelles gr\u00e2ce \u00e0 des connecteurs interchangeables.<\/p>","protected":false},"featured_media":4663,"template":"","meta":[],"product_brand":[],"product_cat":[210,252],"product_tag":[],"class_list":{"0":"post-4662","1":"product","2":"type-product","3":"status-publish","4":"has-post-thumbnail","6":"product_cat-military-tactical","7":"product_cat-headset","9":"first","10":"instock","11":"shipping-taxable","12":"purchasable","13":"product-type-simple"},"_links":{"self":[{"href":"https:\/\/raytalkcomms.com\/fr\/wp-json\/wp\/v2\/product\/4662","targetHints":{"allow":["GET"]}}],"collection":[{"href":"https:\/\/raytalkcomms.com\/fr\/wp-json\/wp\/v2\/product"}],"about":[{"href":"https:\/\/raytalkcomms.com\/fr\/wp-json\/wp\/v2\/types\/product"}],"wp:featuredmedia":[{"embeddable":true,"href":"https:\/\/raytalkcomms.com\/fr\/wp-json\/wp\/v2\/media\/4663"}],"wp:attachment":[{"href":"https:\/\/raytalkcomms.com\/fr\/wp-json\/wp\/v2\/media?parent=4662"}],"wp:term":[{"taxonomy":"product_brand","embeddable":true,"href":"https:\/\/raytalkcomms.com\/fr\/wp-json\/wp\/v2\/product_brand?post=4662"},{"taxonomy":"product_cat","embeddable":true,"href":"https:\/\/raytalkcomms.com\/fr\/wp-json\/wp\/v2\/product_cat?post=4662"},{"taxonomy":"product_tag","embeddable":true,"href":"https:\/\/raytalkcomms.com\/fr\/wp-json\/wp\/v2\/product_tag?post=4662"}],"curies":[{"name":"wp","href":"https:\/\/api.w.org\/{rel}","templated":true}]}}