{"id":4657,"date":"2025-11-12T03:54:32","date_gmt":"2025-11-12T03:54:32","guid":{"rendered":"https:\/\/raytalkcomms.com\/?post_type=product&#038;p=4657"},"modified":"2025-12-30T07:02:06","modified_gmt":"2025-12-30T07:02:06","slug":"em-5033-bone-conduction-radio-earpiece-with-finger-ptt","status":"publish","type":"product","link":"https:\/\/raytalkcomms.com\/fr\/produit\/em-5033-bone-conduction-radio-earpiece-with-finger-ptt\/","title":{"rendered":"EM-5033 Oreillette radio \u00e0 conduction osseuse avec PTT au doigt"},"content":{"rendered":"<h3>Caract\u00e9ristiques :<\/h3>\n<ul>\n<li>Microphone d'oreille avec grand PTT de revers.<\/li>\n<li>Transmettre et recevoir par l'oreille (utiliser l'os de la m\u00e2choire pour conduire le son).<\/li>\n<li>Application discr\u00e8te pour le personnel professionnel tel que le SWAT, la police qui est en mission sp\u00e9ciale.<\/li>\n<li>C\u00e2ble spiral\u00e9 en PU avec Kevlar.<\/li>\n<li>PTT avec prise externe de 2,5 mm pour le PTT au doigt \u00e0 distance.<\/li>\n<li>Solution parfaite pour les environnements bruyants.<\/li>\n<\/ul>\n<h3>Personnalisation en option :<\/h3>\n<ul>\n<li>PTT au doigt en option avec bande Velcro.<\/li>\n<\/ul>\n<div id=\"gtx-trans\" style=\"position: absolute; left: -56px; top: 257.312px;\">\n<div class=\"gtx-trans-icon\"><\/div>\n<\/div>","protected":false},"excerpt":{"rendered":"<p>L'oreillette radio \u00e0 conduction osseuse EM-5033 vous permet d'entendre les sons ambiants pour une meilleure connaissance de la situation. Le microphone d'oreille combine un microphone \u00e0 conduction osseuse et un haut-parleur intra-auriculaire en un seul \u00e9couteur qui s'adapte confortablement \u00e0 votre oreille. L'\u00e9couteur transmet la sortie du haut-parleur de votre radio \u00e0 votre oreille pour une r\u00e9ception radio claire et priv\u00e9e.<\/p>\n<p>Le microphone auriculaire EM-5033 est une solution de communication discr\u00e8te et efficace pour la surveillance, le SWAT, l'arm\u00e9e et les op\u00e9rations tactiques, offrant une transmission audio claire et priv\u00e9e. Il est dot\u00e9 d'une oreillette elliptique avec un coussin souple qui pivote pour assurer un contact optimal avec l'oreille, quelle que soit sa taille.<\/p>\n<p>RayTalk propose l'\u00e9couteur radio \u00e0 conduction osseuse EM-5033 comme solution de communication osseuse pour les radios bidirectionnelles. Nous proposons \u00e9galement des kits d'os d'oreille tels que EM-5043-M1\/CC\/2W et EM-5033-M1\/CC\/1W.<\/p>\n<p>Ces deux kits d'os d'oreille pr\u00e9sentent des conceptions PTT diff\u00e9rentes de celles de l'EM-5033, offrant une plus grande flexibilit\u00e9 pour diverses applications telles que la s\u00e9curit\u00e9, la gestion d'\u00e9v\u00e9nements et les op\u00e9rations en ext\u00e9rieur.<\/p>\n<p>L'\u00e9couteur radio \u00e0 conduction osseuse EM-5033 est id\u00e9al pour la surveillance, le SWAT, l'arm\u00e9e et l'utilisation tactique.<\/p>","protected":false},"featured_media":4655,"template":"","meta":[],"product_brand":[],"product_cat":[252,210],"product_tag":[],"class_list":{"0":"post-4657","1":"product","2":"type-product","3":"status-publish","4":"has-post-thumbnail","6":"product_cat-headset","7":"product_cat-military-tactical","9":"first","10":"instock","11":"shipping-taxable","12":"purchasable","13":"product-type-simple"},"_links":{"self":[{"href":"https:\/\/raytalkcomms.com\/fr\/wp-json\/wp\/v2\/product\/4657","targetHints":{"allow":["GET"]}}],"collection":[{"href":"https:\/\/raytalkcomms.com\/fr\/wp-json\/wp\/v2\/product"}],"about":[{"href":"https:\/\/raytalkcomms.com\/fr\/wp-json\/wp\/v2\/types\/product"}],"wp:featuredmedia":[{"embeddable":true,"href":"https:\/\/raytalkcomms.com\/fr\/wp-json\/wp\/v2\/media\/4655"}],"wp:attachment":[{"href":"https:\/\/raytalkcomms.com\/fr\/wp-json\/wp\/v2\/media?parent=4657"}],"wp:term":[{"taxonomy":"product_brand","embeddable":true,"href":"https:\/\/raytalkcomms.com\/fr\/wp-json\/wp\/v2\/product_brand?post=4657"},{"taxonomy":"product_cat","embeddable":true,"href":"https:\/\/raytalkcomms.com\/fr\/wp-json\/wp\/v2\/product_cat?post=4657"},{"taxonomy":"product_tag","embeddable":true,"href":"https:\/\/raytalkcomms.com\/fr\/wp-json\/wp\/v2\/product_tag?post=4657"}],"curies":[{"name":"wp","href":"https:\/\/api.w.org\/{rel}","templated":true}]}}