{"id":4641,"date":"2025-11-11T11:12:37","date_gmt":"2025-11-11T11:12:37","guid":{"rendered":"https:\/\/raytalkcomms.com\/?post_type=product&#038;p=4641"},"modified":"2025-12-04T08:52:07","modified_gmt":"2025-12-04T08:52:07","slug":"ran-3000cf-heavy-duty-dual-earmuff-carbon-fiber-printed-headset","status":"publish","type":"product","link":"https:\/\/raytalkcomms.com\/fr\/produit\/ran-3000cf-heavy-duty-dual-earmuff-carbon-fiber-printed-headset\/","title":{"rendered":"RAN-3000CF Casque d'\u00e9coute double \u00e0 usage intensif en fibre de carbone imprim\u00e9e"},"content":{"rendered":"<h3>Caract\u00e9ristiques :<\/h3>\n<ul>\n<li>Port universel de connexion de c\u00e2ble \u00e0 5 broches.<\/li>\n<li>Port pour c\u00e2ble \u00e0 d\u00e9gagement rapide, permettant de fixer facilement les c\u00e2bles pour toute radio bidirectionnelle ou t\u00e9l\u00e9phone Sprint\/Nextel.<\/li>\n<li>Bouton \"push to talk\" (PTT) int\u00e9gr\u00e9 \u00e0 l'oreillette, contr\u00f4le du volume disponible.<\/li>\n<li>Microphone Electret \u00e0 r\u00e9duction de bruit.<\/li>\n<li>Indice de r\u00e9duction du bruit (NRR) : 24dB.<\/li>\n<li>Entr\u00e9e audio 3,5 mm en option .<\/li>\n<li>Les couleurs noir, jaune, bleu et vert sont disponibles.<\/li>\n<li>Le commutateur de volume n'est pas standard, mais il est disponible.<\/li>\n<\/ul>","protected":false},"excerpt":{"rendered":"<p>Le RAN-3000CF est un micro-casque imprim\u00e9 en fibre de carbone, \u00e0 deux manchons, avec un microphone \u00e0 perche flexible et pivotant \u00e0 r\u00e9duction de bruit. Comprend un port d'entr\u00e9e audio de 3. 5mm, un microphone Electret ou Dynamique est disponible, offrant une r\u00e9duction de bruit am\u00e9lior\u00e9e, une voix sup\u00e9rieure avec annulation de bruit, tout en offrant confort et stabilit\u00e9.<br \/>\nAvec prise de d\u00e9connexion rapide mini XLR, n\u00e9cessite un c\u00e2ble de d\u00e9connexion rapide XLR QD ou un c\u00e2ble de d\u00e9connexion rapide QDC avec PTT (vendu s\u00e9par\u00e9ment).<\/p>\n<div id=\"gtx-trans\" style=\"position: absolute; left: 467px; top: -8.8px;\">\n<div class=\"gtx-trans-icon\"><\/div>\n<\/div>","protected":false},"featured_media":4642,"template":"","meta":[],"product_brand":[],"product_cat":[217,209,268,214],"product_tag":[],"class_list":{"0":"post-4641","1":"product","2":"type-product","3":"status-publish","4":"has-post-thumbnail","6":"product_cat-heavy-duty-headset","7":"product_cat-racing","8":"product_cat-headset-racing","9":"product_cat-two-way-radio-accessories","11":"first","12":"instock","13":"shipping-taxable","14":"purchasable","15":"product-type-simple"},"_links":{"self":[{"href":"https:\/\/raytalkcomms.com\/fr\/wp-json\/wp\/v2\/product\/4641","targetHints":{"allow":["GET"]}}],"collection":[{"href":"https:\/\/raytalkcomms.com\/fr\/wp-json\/wp\/v2\/product"}],"about":[{"href":"https:\/\/raytalkcomms.com\/fr\/wp-json\/wp\/v2\/types\/product"}],"wp:featuredmedia":[{"embeddable":true,"href":"https:\/\/raytalkcomms.com\/fr\/wp-json\/wp\/v2\/media\/4642"}],"wp:attachment":[{"href":"https:\/\/raytalkcomms.com\/fr\/wp-json\/wp\/v2\/media?parent=4641"}],"wp:term":[{"taxonomy":"product_brand","embeddable":true,"href":"https:\/\/raytalkcomms.com\/fr\/wp-json\/wp\/v2\/product_brand?post=4641"},{"taxonomy":"product_cat","embeddable":true,"href":"https:\/\/raytalkcomms.com\/fr\/wp-json\/wp\/v2\/product_cat?post=4641"},{"taxonomy":"product_tag","embeddable":true,"href":"https:\/\/raytalkcomms.com\/fr\/wp-json\/wp\/v2\/product_tag?post=4641"}],"curies":[{"name":"wp","href":"https:\/\/api.w.org\/{rel}","templated":true}]}}