{"id":4632,"date":"2025-11-11T10:54:49","date_gmt":"2025-11-11T10:54:49","guid":{"rendered":"https:\/\/raytalkcomms.com\/?post_type=product&#038;p=4632"},"modified":"2025-12-04T09:46:12","modified_gmt":"2025-12-04T09:46:12","slug":"ran-1000mq-racing-headphones-for-drag-racing","status":"publish","type":"product","link":"https:\/\/raytalkcomms.com\/fr\/produit\/ran-1000mq-racing-headphones-for-drag-racing\/","title":{"rendered":"RAN-1000MQ Casque d'\u00e9coute de course pour Drag Racing"},"content":{"rendered":"<h3>Caract\u00e9ristiques :<\/h3>\n<ul>\n<li>Style surmont\u00e9 d'une t\u00eate.<\/li>\n<li>La perche m\u00e9tallique enti\u00e8rement flexible pivote sur 270 degr\u00e9s pour un positionnement pr\u00e9cis du microphone.<\/li>\n<li>Bandeau \u00e0 faible tension.<\/li>\n<li>Microphone \u00e9lectret antibruit pour une communication claire.<\/li>\n<li>Casque d'\u00e9coute robuste avec prise de d\u00e9connexion rapide mini XLR.<\/li>\n<\/ul>","protected":false},"excerpt":{"rendered":"<p>Le casque de course RAN-1000MQ est un casque professionnel robuste \u00e0 deux casques antibruit. Ils sont con\u00e7us pour les \u00e9quipes de course et les \u00e9quipages qui vivent dans des stands et des paddocks bruyants. Ces casques \u00e0 double oreillette tr\u00e8s r\u00e9sistants utilisent des coupelles en fibre de carbone v\u00e9ritable 100% pour une grande solidit\u00e9 sans poids suppl\u00e9mentaire. Le micro \u00e0 perche flexible ultra souple pivote \u00e0 270\u00b0 pour que vous puissiez le placer exactement l\u00e0 o\u00f9 vous le souhaitez, afin que la parole reste claire, m\u00eame \u00e0 c\u00f4t\u00e9 de moteurs rugissants. Les coussinets en gel et l'\u00e9pais coussinet de t\u00eate permettent une utilisation prolong\u00e9e.<br \/>\nLa conception sur la t\u00eate reste stable, le bandeau s'ajuste des deux c\u00f4t\u00e9s, et le volume en ligne et le PTT \u00e0 pression unique permettent de passer des appels radio rapidement et simplement.<\/p>","protected":false},"featured_media":4634,"template":"","meta":[],"product_brand":[],"product_cat":[217,214],"product_tag":[],"class_list":{"0":"post-4632","1":"product","2":"type-product","3":"status-publish","4":"has-post-thumbnail","6":"product_cat-heavy-duty-headset","7":"product_cat-two-way-radio-accessories","9":"first","10":"instock","11":"shipping-taxable","12":"purchasable","13":"product-type-simple"},"_links":{"self":[{"href":"https:\/\/raytalkcomms.com\/fr\/wp-json\/wp\/v2\/product\/4632","targetHints":{"allow":["GET"]}}],"collection":[{"href":"https:\/\/raytalkcomms.com\/fr\/wp-json\/wp\/v2\/product"}],"about":[{"href":"https:\/\/raytalkcomms.com\/fr\/wp-json\/wp\/v2\/types\/product"}],"wp:featuredmedia":[{"embeddable":true,"href":"https:\/\/raytalkcomms.com\/fr\/wp-json\/wp\/v2\/media\/4634"}],"wp:attachment":[{"href":"https:\/\/raytalkcomms.com\/fr\/wp-json\/wp\/v2\/media?parent=4632"}],"wp:term":[{"taxonomy":"product_brand","embeddable":true,"href":"https:\/\/raytalkcomms.com\/fr\/wp-json\/wp\/v2\/product_brand?post=4632"},{"taxonomy":"product_cat","embeddable":true,"href":"https:\/\/raytalkcomms.com\/fr\/wp-json\/wp\/v2\/product_cat?post=4632"},{"taxonomy":"product_tag","embeddable":true,"href":"https:\/\/raytalkcomms.com\/fr\/wp-json\/wp\/v2\/product_tag?post=4632"}],"curies":[{"name":"wp","href":"https:\/\/api.w.org\/{rel}","templated":true}]}}