{"id":4626,"date":"2025-11-11T10:26:48","date_gmt":"2025-11-11T10:26:48","guid":{"rendered":"https:\/\/raytalkcomms.com\/?post_type=product&#038;p=4626"},"modified":"2025-12-19T11:21:25","modified_gmt":"2025-12-19T11:21:25","slug":"em-4731-best-police-earpieces-for-law-enforcement","status":"publish","type":"product","link":"https:\/\/raytalkcomms.com\/fr\/produit\/em-4731-best-police-earpieces-for-law-enforcement\/","title":{"rendered":"EM-4731 Meilleures oreillettes de police pour les forces de l'ordre"},"content":{"rendered":"<h3>Caract\u00e9ristiques :<\/h3>\n<ul>\n<li>Conception ultra-l\u00e9g\u00e8re et discr\u00e8te pour un confort tout au long de la journ\u00e9e<\/li>\n<li>Un son clair et une bonne connaissance de la situation<\/li>\n<li>Port audio de 3,5 mm pour plusieurs oreillettes<\/li>\n<li>Options invisibles et enti\u00e8rement noires<\/li>\n<li>Un ajustement s\u00fbr et confortable pour les longues p\u00e9riodes de travail<\/li>\n<li>Comprend 8 filtres \u00e0 c\u00e9rumen, un clip et des embouts auriculaires.<\/li>\n<li>Construction durable pour une utilisation quotidienne<\/li>\n<\/ul>","protected":false},"excerpt":{"rendered":"<p>L'oreillette invisible EM-4731 est la meilleure oreillette pour les forces de l'ordre. Elle offre des communications claires et discr\u00e8tes dans un bo\u00eetier minuscule. Le corps ultra l\u00e9ger et discret reste confortable toute la journ\u00e9e et se place en toute s\u00e9curit\u00e9 sous les uniformes. Le port de 3,5 mm vous permet de choisir le style d'\u00e9couteur que vous pr\u00e9f\u00e9rez, y compris notre option invisible et une finition enti\u00e8rement noire. L'audio reste clair dans les sc\u00e8nes bruyantes, et le kit comprend huit filtres \u00e0 c\u00e9rumen pour maintenir une qualit\u00e9 sonore \u00e9lev\u00e9e. Les agences b\u00e9n\u00e9ficient d'une solution fiable et facile \u00e0 entretenir qui standardise l'\u00e9quipement et r\u00e9duit le co\u00fbt total.<\/p>","protected":false},"featured_media":4623,"template":"","meta":[],"product_brand":[],"product_cat":[214,306,215],"product_tag":[],"class_list":{"0":"post-4626","1":"product","2":"type-product","3":"status-publish","4":"has-post-thumbnail","6":"product_cat-two-way-radio-accessories","7":"product_cat-1-wire-earpiece","8":"product_cat-earpieces","10":"first","11":"instock","12":"shipping-taxable","13":"purchasable","14":"product-type-simple"},"_links":{"self":[{"href":"https:\/\/raytalkcomms.com\/fr\/wp-json\/wp\/v2\/product\/4626","targetHints":{"allow":["GET"]}}],"collection":[{"href":"https:\/\/raytalkcomms.com\/fr\/wp-json\/wp\/v2\/product"}],"about":[{"href":"https:\/\/raytalkcomms.com\/fr\/wp-json\/wp\/v2\/types\/product"}],"wp:featuredmedia":[{"embeddable":true,"href":"https:\/\/raytalkcomms.com\/fr\/wp-json\/wp\/v2\/media\/4623"}],"wp:attachment":[{"href":"https:\/\/raytalkcomms.com\/fr\/wp-json\/wp\/v2\/media?parent=4626"}],"wp:term":[{"taxonomy":"product_brand","embeddable":true,"href":"https:\/\/raytalkcomms.com\/fr\/wp-json\/wp\/v2\/product_brand?post=4626"},{"taxonomy":"product_cat","embeddable":true,"href":"https:\/\/raytalkcomms.com\/fr\/wp-json\/wp\/v2\/product_cat?post=4626"},{"taxonomy":"product_tag","embeddable":true,"href":"https:\/\/raytalkcomms.com\/fr\/wp-json\/wp\/v2\/product_tag?post=4626"}],"curies":[{"name":"wp","href":"https:\/\/api.w.org\/{rel}","templated":true}]}}