{"id":4621,"date":"2025-11-11T10:13:54","date_gmt":"2025-11-11T10:13:54","guid":{"rendered":"https:\/\/raytalkcomms.com\/?post_type=product&#038;p=4621"},"modified":"2025-12-19T11:21:26","modified_gmt":"2025-12-19T11:21:26","slug":"em-4342-covert-acoustic-tube-police-radio-earpiece-headset-with-mic-ptt","status":"publish","type":"product","link":"https:\/\/raytalkcomms.com\/fr\/produit\/em-4342-covert-acoustic-tube-police-radio-earpiece-headset-with-mic-ptt\/","title":{"rendered":"EM-4342 Covert Acoustic Tube Police Radio Earpiece Headset with Mic PTT"},"content":{"rendered":"<h3>Caract\u00e9ristiques :<\/h3>\n<ul>\n<li>Tube transparent \u00e0 profil bas pour une \u00e9coute discr\u00e8te<\/li>\n<li>Receive natural audio for daily use<\/li>\n<li>Palm PTT button designed to fit comfortably in your hand<\/li>\n<li>Compact yet strong metal clip stays firmly attached to clothing<\/li>\n<li>C\u00e2ble durable et d\u00e9charge de traction moul\u00e9e pour une utilisation quotidienne<\/li>\n<li>Rapide \u00e0 connecter et simple \u00e0 entretenir<\/li>\n<li>Compatible avec la plupart des talkies-walkies, y compris Motorola, Vertex, etc.<\/li>\n<\/ul>","protected":false},"excerpt":{"rendered":"<p>The EM-4342 earphone is a covert acoustic tube earpiece with a Push-To-Talk (PTT) button and an in-line microphone for discreet two way radio communication. It features a high-quality clear acoustic tube and a silicon ear tip for great sound and comfortable wear. The cable is made with Kevlar for durability.<\/p>","protected":false},"featured_media":4619,"template":"","meta":[],"product_brand":[],"product_cat":[215,306,214],"product_tag":[],"class_list":{"0":"post-4621","1":"product","2":"type-product","3":"status-publish","4":"has-post-thumbnail","6":"product_cat-earpieces","7":"product_cat-1-wire-earpiece","8":"product_cat-two-way-radio-accessories","10":"first","11":"instock","12":"shipping-taxable","13":"purchasable","14":"product-type-simple"},"_links":{"self":[{"href":"https:\/\/raytalkcomms.com\/fr\/wp-json\/wp\/v2\/product\/4621","targetHints":{"allow":["GET"]}}],"collection":[{"href":"https:\/\/raytalkcomms.com\/fr\/wp-json\/wp\/v2\/product"}],"about":[{"href":"https:\/\/raytalkcomms.com\/fr\/wp-json\/wp\/v2\/types\/product"}],"wp:featuredmedia":[{"embeddable":true,"href":"https:\/\/raytalkcomms.com\/fr\/wp-json\/wp\/v2\/media\/4619"}],"wp:attachment":[{"href":"https:\/\/raytalkcomms.com\/fr\/wp-json\/wp\/v2\/media?parent=4621"}],"wp:term":[{"taxonomy":"product_brand","embeddable":true,"href":"https:\/\/raytalkcomms.com\/fr\/wp-json\/wp\/v2\/product_brand?post=4621"},{"taxonomy":"product_cat","embeddable":true,"href":"https:\/\/raytalkcomms.com\/fr\/wp-json\/wp\/v2\/product_cat?post=4621"},{"taxonomy":"product_tag","embeddable":true,"href":"https:\/\/raytalkcomms.com\/fr\/wp-json\/wp\/v2\/product_tag?post=4621"}],"curies":[{"name":"wp","href":"https:\/\/api.w.org\/{rel}","templated":true}]}}