{"id":4591,"date":"2025-11-11T08:59:45","date_gmt":"2025-11-11T08:59:45","guid":{"rendered":"https:\/\/raytalkcomms.com\/?post_type=product&#038;p=4591"},"modified":"2025-12-19T11:45:35","modified_gmt":"2025-12-19T11:45:35","slug":"e-43-lok-1-comfort-quick-disconnect-feature-acoustic-tube-earpieces","status":"publish","type":"product","link":"https:\/\/raytalkcomms.com\/fr\/produit\/e-43-lok-1-comfort-quick-disconnect-feature-acoustic-tube-earpieces\/","title":{"rendered":"E-43\/LOK 1 Comfort Quick Disconnect Feature Acoustic Tube Earpieces (Oreillettes \u00e0 d\u00e9connexion rapide)"},"content":{"rendered":"<h3>Caract\u00e9ristiques :<\/h3>\n<ul>\n<li>Oreillette \u00e0 tube acoustique<\/li>\n<li>LOK 1 snap femelle<\/li>\n<li>C\u00e2ble renforc\u00e9 en Kevlar<\/li>\n<\/ul>","protected":false},"excerpt":{"rendered":"<p>L'\u00e9couteur \u00e0 tube transparent E-43\/LOK 1 est un mod\u00e8le de style LOK con\u00e7u pour \u00eatre utilis\u00e9 avec les \u00e9couteurs de surveillance \u00e0 un ou deux fils. Il s'agit d'un \u00e9couteur \u00e0 d\u00e9connexion rapide dot\u00e9 d'une connexion m\u00e2le et femelle. L'\u00e9couteur \u00e0 tube transparent E-43\/LOK 1 est dot\u00e9 d'un connecteur femelle Snap LOK 1 et peut \u00eatre facilement fix\u00e9 \u00e0 des ensembles d'\u00e9couteurs de surveillance \u00e0 un ou deux fils dot\u00e9s d'un connecteur m\u00e2le.<br \/>\nVeuillez noter que le 43\/LOK 1 ne comprend que l'\u00e9couteur et n'est pas livr\u00e9 avec le kit d'extraction quickr comprenant le connecteur m\u00e2le. En cas de besoin, veuillez contacter notre \u00e9quipe pour les commander ensemble.<\/p>","protected":false},"featured_media":4590,"template":"","meta":[],"product_brand":[],"product_cat":[214,215,312],"product_tag":[],"class_list":{"0":"post-4591","1":"product","2":"type-product","3":"status-publish","4":"has-post-thumbnail","6":"product_cat-two-way-radio-accessories","7":"product_cat-earpieces","8":"product_cat-lok-earpiece","10":"first","11":"instock","12":"shipping-taxable","13":"purchasable","14":"product-type-simple"},"_links":{"self":[{"href":"https:\/\/raytalkcomms.com\/fr\/wp-json\/wp\/v2\/product\/4591","targetHints":{"allow":["GET"]}}],"collection":[{"href":"https:\/\/raytalkcomms.com\/fr\/wp-json\/wp\/v2\/product"}],"about":[{"href":"https:\/\/raytalkcomms.com\/fr\/wp-json\/wp\/v2\/types\/product"}],"wp:featuredmedia":[{"embeddable":true,"href":"https:\/\/raytalkcomms.com\/fr\/wp-json\/wp\/v2\/media\/4590"}],"wp:attachment":[{"href":"https:\/\/raytalkcomms.com\/fr\/wp-json\/wp\/v2\/media?parent=4591"}],"wp:term":[{"taxonomy":"product_brand","embeddable":true,"href":"https:\/\/raytalkcomms.com\/fr\/wp-json\/wp\/v2\/product_brand?post=4591"},{"taxonomy":"product_cat","embeddable":true,"href":"https:\/\/raytalkcomms.com\/fr\/wp-json\/wp\/v2\/product_cat?post=4591"},{"taxonomy":"product_tag","embeddable":true,"href":"https:\/\/raytalkcomms.com\/fr\/wp-json\/wp\/v2\/product_tag?post=4591"}],"curies":[{"name":"wp","href":"https:\/\/api.w.org\/{rel}","templated":true}]}}