{"id":4588,"date":"2025-11-11T08:55:23","date_gmt":"2025-11-11T08:55:23","guid":{"rendered":"https:\/\/raytalkcomms.com\/?post_type=product&#038;p=4588"},"modified":"2025-12-19T11:45:35","modified_gmt":"2025-12-19T11:45:35","slug":"e-42-lok-1-single-wire-coiled-clear-tube-earphone","status":"publish","type":"product","link":"https:\/\/raytalkcomms.com\/fr\/produit\/e-42-lok-1-single-wire-coiled-clear-tube-earphone\/","title":{"rendered":"E-42\/LOK 1 \u00c9couteurs \u00e0 tube transparent \u00e0 un fil enroul\u00e9"},"content":{"rendered":"<h3>Caract\u00e9ristiques :<\/h3>\n<ul>\n<li>Oreillette \u00e0 tube transparent spiral\u00e9<\/li>\n<li>LOK 1 snap femelle<\/li>\n<li>C\u00e2ble renforc\u00e9 en Kevlar<\/li>\n<\/ul>","protected":false},"excerpt":{"rendered":"<p>This E-42\/LOK 1 colied clear tube earpiece is a LOK Style Earpiece which is used with two and single wire earphones. The E-42\/LOK 1 features Female Snap Lok 1, Acoustical Coiled Clear Tube, can be worn on either ear and easily snaps into the main single or two wire kit.<br \/>\nCompared with other quick-release LOK earpieces, the E-42\/LOK 1 Coiled Clear Tube Earpiece features a more discreet transparent tube design, allowing bodyguards and security personnel to communicate and monitor tasks more carefully.<br \/>\nThe E-42\/LOK 1 Coiled Clear Tube Earpiece comes with only the C-shape earhook. To fully use this hygienic radio set, please purchase the cable kit separately, such as the M-27AC\/LOK 1 dual-pin single-wire kit or the M-27AC\/LOK 1 dual-pin dual-wire kit.<\/p>","protected":false},"featured_media":4589,"template":"","meta":[],"product_brand":[],"product_cat":[214,215,312],"product_tag":[],"class_list":{"0":"post-4588","1":"product","2":"type-product","3":"status-publish","4":"has-post-thumbnail","6":"product_cat-two-way-radio-accessories","7":"product_cat-earpieces","8":"product_cat-lok-earpiece","10":"first","11":"instock","12":"shipping-taxable","13":"purchasable","14":"product-type-simple"},"_links":{"self":[{"href":"https:\/\/raytalkcomms.com\/fr\/wp-json\/wp\/v2\/product\/4588","targetHints":{"allow":["GET"]}}],"collection":[{"href":"https:\/\/raytalkcomms.com\/fr\/wp-json\/wp\/v2\/product"}],"about":[{"href":"https:\/\/raytalkcomms.com\/fr\/wp-json\/wp\/v2\/types\/product"}],"wp:featuredmedia":[{"embeddable":true,"href":"https:\/\/raytalkcomms.com\/fr\/wp-json\/wp\/v2\/media\/4589"}],"wp:attachment":[{"href":"https:\/\/raytalkcomms.com\/fr\/wp-json\/wp\/v2\/media?parent=4588"}],"wp:term":[{"taxonomy":"product_brand","embeddable":true,"href":"https:\/\/raytalkcomms.com\/fr\/wp-json\/wp\/v2\/product_brand?post=4588"},{"taxonomy":"product_cat","embeddable":true,"href":"https:\/\/raytalkcomms.com\/fr\/wp-json\/wp\/v2\/product_cat?post=4588"},{"taxonomy":"product_tag","embeddable":true,"href":"https:\/\/raytalkcomms.com\/fr\/wp-json\/wp\/v2\/product_tag?post=4588"}],"curies":[{"name":"wp","href":"https:\/\/api.w.org\/{rel}","templated":true}]}}