{"id":4578,"date":"2025-11-10T13:48:51","date_gmt":"2025-11-10T13:48:51","guid":{"rendered":"https:\/\/raytalkcomms.com\/?post_type=product&#038;p=4578"},"modified":"2025-12-19T11:21:25","modified_gmt":"2025-12-19T11:21:25","slug":"em-3239-1-wire-surveillance-kit-earpiece-for-hytrea","status":"publish","type":"product","link":"https:\/\/raytalkcomms.com\/fr\/produit\/em-3239-1-wire-surveillance-kit-earpiece-for-hytrea\/","title":{"rendered":"EM-3239 Kit de surveillance \u00e0 1 fil Oreillette pour Hytrea"},"content":{"rendered":"<h3>Caract\u00e9ristiques :<\/h3>\n<ul>\n<li>Grand \u00e9couteur en forme de D<\/li>\n<li>PTT sur le revers avec clip m\u00e9tallique pour faciliter la communication<\/li>\n<li>C\u00e2ble de renforcement en Kevlar<\/li>\n<li>Le microphone offre un son riche et clair<\/li>\n<\/ul>\n<div id=\"gtx-trans\" style=\"position: absolute; left: -83px; top: 1.2px;\">\n<div class=\"gtx-trans-icon\"><\/div>\n<\/div>","protected":false},"excerpt":{"rendered":"<p>L'\u00e9couteur bidirectionnel EM-3239 est un kit de surveillance \u00e0 1 fil. Sa corne d'oreille en D s'adapte en toute s\u00e9curit\u00e9 \u00e0 l'oreille gauche ou droite. Contrairement aux \u00e9couteurs intra-auriculaires classiques, la corne d'oreille contient un microphone plac\u00e9 au-dessus de l'oreille, ce qui permet une transmission claire de chaque mot.<br \/>\nLe grand PTT est facile \u00e0 tenir et permet une communication instantan\u00e9e avec votre \u00e9quipe sur simple pression d'un bouton. Le clip m\u00e9tallique du PTT se fixe au collier, de sorte que le personnel de s\u00e9curit\u00e9 ou de restauration peut communiquer rapidement en soulevant simplement le collier, ce qui garantit un fonctionnement stable et fiable.<\/p>","protected":false},"featured_media":4579,"template":"","meta":[],"product_brand":[],"product_cat":[214,306,215],"product_tag":[],"class_list":{"0":"post-4578","1":"product","2":"type-product","3":"status-publish","4":"has-post-thumbnail","6":"product_cat-two-way-radio-accessories","7":"product_cat-1-wire-earpiece","8":"product_cat-earpieces","10":"first","11":"instock","12":"shipping-taxable","13":"purchasable","14":"product-type-simple"},"_links":{"self":[{"href":"https:\/\/raytalkcomms.com\/fr\/wp-json\/wp\/v2\/product\/4578","targetHints":{"allow":["GET"]}}],"collection":[{"href":"https:\/\/raytalkcomms.com\/fr\/wp-json\/wp\/v2\/product"}],"about":[{"href":"https:\/\/raytalkcomms.com\/fr\/wp-json\/wp\/v2\/types\/product"}],"wp:featuredmedia":[{"embeddable":true,"href":"https:\/\/raytalkcomms.com\/fr\/wp-json\/wp\/v2\/media\/4579"}],"wp:attachment":[{"href":"https:\/\/raytalkcomms.com\/fr\/wp-json\/wp\/v2\/media?parent=4578"}],"wp:term":[{"taxonomy":"product_brand","embeddable":true,"href":"https:\/\/raytalkcomms.com\/fr\/wp-json\/wp\/v2\/product_brand?post=4578"},{"taxonomy":"product_cat","embeddable":true,"href":"https:\/\/raytalkcomms.com\/fr\/wp-json\/wp\/v2\/product_cat?post=4578"},{"taxonomy":"product_tag","embeddable":true,"href":"https:\/\/raytalkcomms.com\/fr\/wp-json\/wp\/v2\/product_tag?post=4578"}],"curies":[{"name":"wp","href":"https:\/\/api.w.org\/{rel}","templated":true}]}}