{"id":4577,"date":"2025-11-10T13:44:28","date_gmt":"2025-11-10T13:44:28","guid":{"rendered":"https:\/\/raytalkcomms.com\/?post_type=product&#038;p=4577"},"modified":"2025-12-19T11:21:25","modified_gmt":"2025-12-19T11:21:25","slug":"em-2847a-large-adjustable-earpiece-for-harris","status":"publish","type":"product","link":"https:\/\/raytalkcomms.com\/fr\/produit\/em-2847a-large-adjustable-earpiece-for-harris\/","title":{"rendered":"EM-2847A Grand \u00e9couteur r\u00e9glable pour Harris"},"content":{"rendered":"<h3>Caract\u00e9ristiques :<\/h3>\n<ul>\n<li>Grand \u00e9couteur r\u00e9glable<\/li>\n<li>PTT sur le revers de la main avec clip m\u00e9tallique<\/li>\n<li>Le c\u00e2ble sup\u00e9rieur et le c\u00e2ble inf\u00e9rieur sortent tous les deux sur le PTT<\/li>\n<li>Le microphone offre un son riche et clair<\/li>\n<\/ul>\n<div id=\"gtx-trans\" style=\"position: absolute; left: -79px; top: 1.2px;\">\n<div class=\"gtx-trans-icon\"><\/div>\n<\/div>","protected":false},"excerpt":{"rendered":"<p>L'\u00e9couteur EM-2847A est dot\u00e9 d'un grand contour d'oreille r\u00e9glable con\u00e7u pour les radios Harris. Le PTT comporte des sorties de c\u00e2ble sup\u00e9rieures et inf\u00e9rieures, ce qui offre aux utilisateurs une plus grande flexibilit\u00e9 lorsqu'ils appuient sur le bouton pour parler. La forme ergonomique de la corne d'oreille s'adapte aux contours de l'oreille et est dot\u00e9e d'un rev\u00eatement en mousse confortable, ce qui la rend id\u00e9ale pour un usage prolong\u00e9. Les professionnels des casinos, des h\u00f4tels et des \u00e9quipes de gestion appr\u00e9cient vraiment le EM-2847A pour sa clart\u00e9 audio in\u00e9gal\u00e9e.<br \/>\nAvant de passer commande, veuillez confirmer le mod\u00e8le de radio de votre \u00e9quipe. Nous proposons des fiches compatibles avec diff\u00e9rentes marques et mod\u00e8les, couvrant la plupart des radios principales telles que Motorola, Tetra et Tait.<\/p>","protected":false},"featured_media":4576,"template":"","meta":[],"product_brand":[],"product_cat":[214,306,215],"product_tag":[],"class_list":{"0":"post-4577","1":"product","2":"type-product","3":"status-publish","4":"has-post-thumbnail","6":"product_cat-two-way-radio-accessories","7":"product_cat-1-wire-earpiece","8":"product_cat-earpieces","10":"first","11":"instock","12":"shipping-taxable","13":"purchasable","14":"product-type-simple"},"_links":{"self":[{"href":"https:\/\/raytalkcomms.com\/fr\/wp-json\/wp\/v2\/product\/4577","targetHints":{"allow":["GET"]}}],"collection":[{"href":"https:\/\/raytalkcomms.com\/fr\/wp-json\/wp\/v2\/product"}],"about":[{"href":"https:\/\/raytalkcomms.com\/fr\/wp-json\/wp\/v2\/types\/product"}],"wp:featuredmedia":[{"embeddable":true,"href":"https:\/\/raytalkcomms.com\/fr\/wp-json\/wp\/v2\/media\/4576"}],"wp:attachment":[{"href":"https:\/\/raytalkcomms.com\/fr\/wp-json\/wp\/v2\/media?parent=4577"}],"wp:term":[{"taxonomy":"product_brand","embeddable":true,"href":"https:\/\/raytalkcomms.com\/fr\/wp-json\/wp\/v2\/product_brand?post=4577"},{"taxonomy":"product_cat","embeddable":true,"href":"https:\/\/raytalkcomms.com\/fr\/wp-json\/wp\/v2\/product_cat?post=4577"},{"taxonomy":"product_tag","embeddable":true,"href":"https:\/\/raytalkcomms.com\/fr\/wp-json\/wp\/v2\/product_tag?post=4577"}],"curies":[{"name":"wp","href":"https:\/\/api.w.org\/{rel}","templated":true}]}}