{"id":4568,"date":"2025-11-10T13:23:28","date_gmt":"2025-11-10T13:23:28","guid":{"rendered":"https:\/\/raytalkcomms.com\/?post_type=product&#038;p=4568"},"modified":"2025-12-19T14:20:07","modified_gmt":"2025-12-19T14:20:07","slug":"em-450453-professional-duplex-hand-control-phone-headphones","status":"publish","type":"product","link":"https:\/\/raytalkcomms.com\/fr\/produit\/em-450453-professional-duplex-hand-control-phone-headphones\/","title":{"rendered":"EM-450453 Commande manuelle professionnelle duplex pour t\u00e9l\u00e9phone Casque d'\u00e9coute"},"content":{"rendered":"<h3>Caract\u00e9ristiques :<\/h3>\n<ul>\n<li>Oreillette \u00e0 tube transparent<\/li>\n<li>Grand rond PTT<\/li>\n<li>C\u00e2ble de renforcement en Kevlar<\/li>\n<li>Soulagement de la tension au niveau du PTT et du connecteur<\/li>\n<li>Compatible avec les principales marques de radio telles que Hytera, Icom et Midland<\/li>\n<\/ul>\n<div id=\"gtx-trans\" style=\"position: absolute; left: -66px; top: 1.2px;\">\n<div class=\"gtx-trans-icon\"><\/div>\n<\/div>","protected":false},"excerpt":{"rendered":"<p>EM-450453 est con\u00e7u pour r\u00e9pondre aux besoins uniques des fonctionnaires de police sur le terrain. Un gros bouton de conversation se fixe \u00e0 votre ceinture, rendant la communication avec vos \u00e9quipiers facile, rapide, secr\u00e8te et pratique. Ce casque s\u00e9pare les c\u00e2bles du microphone et de l'\u00e9couteur, ce qui vous permet de choisir l'endroit o\u00f9 fixer et dissimuler les fils. Le bouton \"Push-to-Talk\" est scell\u00e9 et conforme \u00e0 la norme IP67, ce qui signifie qu'il r\u00e9siste \u00e0 la poussi\u00e8re et \u00e0 l'eau ! Fabriqu\u00e9 avec un fil de calibre 10 pour r\u00e9sister aux dommages caus\u00e9s par les tiraillements et utilisant les m\u00eames composants que ceux utilis\u00e9s dans les casques d'aviation, vous sentirez la qualit\u00e9 d\u00e8s la premi\u00e8re fois que vous le prendrez en main.<br \/>\nNous proposons des connecteurs moul\u00e9s et optionnels pour Motorola, Kenwood, Hytera, Icom, Midland, etc...<\/p>","protected":false},"featured_media":4612,"template":"","meta":[],"product_brand":[],"product_cat":[214,306,215],"product_tag":[],"class_list":{"0":"post-4568","1":"product","2":"type-product","3":"status-publish","4":"has-post-thumbnail","6":"product_cat-two-way-radio-accessories","7":"product_cat-1-wire-earpiece","8":"product_cat-earpieces","10":"first","11":"instock","12":"shipping-taxable","13":"purchasable","14":"product-type-simple"},"_links":{"self":[{"href":"https:\/\/raytalkcomms.com\/fr\/wp-json\/wp\/v2\/product\/4568","targetHints":{"allow":["GET"]}}],"collection":[{"href":"https:\/\/raytalkcomms.com\/fr\/wp-json\/wp\/v2\/product"}],"about":[{"href":"https:\/\/raytalkcomms.com\/fr\/wp-json\/wp\/v2\/types\/product"}],"wp:featuredmedia":[{"embeddable":true,"href":"https:\/\/raytalkcomms.com\/fr\/wp-json\/wp\/v2\/media\/4612"}],"wp:attachment":[{"href":"https:\/\/raytalkcomms.com\/fr\/wp-json\/wp\/v2\/media?parent=4568"}],"wp:term":[{"taxonomy":"product_brand","embeddable":true,"href":"https:\/\/raytalkcomms.com\/fr\/wp-json\/wp\/v2\/product_brand?post=4568"},{"taxonomy":"product_cat","embeddable":true,"href":"https:\/\/raytalkcomms.com\/fr\/wp-json\/wp\/v2\/product_cat?post=4568"},{"taxonomy":"product_tag","embeddable":true,"href":"https:\/\/raytalkcomms.com\/fr\/wp-json\/wp\/v2\/product_tag?post=4568"}],"curies":[{"name":"wp","href":"https:\/\/api.w.org\/{rel}","templated":true}]}}