{"id":4564,"date":"2025-11-10T13:17:40","date_gmt":"2025-11-10T13:17:40","guid":{"rendered":"https:\/\/raytalkcomms.com\/?post_type=product&#038;p=4564"},"modified":"2026-04-28T07:26:07","modified_gmt":"2026-04-28T07:26:07","slug":"em-4238-2-wire-covert-acoustic-tube-security-earphone","status":"publish","type":"product","link":"https:\/\/raytalkcomms.com\/fr\/produit\/em-4238-2-wire-covert-acoustic-tube-security-earphone\/","title":{"rendered":"EM-4238 2-Wire Covert Acoustic Tube Security Earphone"},"content":{"rendered":"<h3>Caract\u00e9ristiques :<\/h3>\n<ul>\n<li>Oreillette \u00e0 tube transparent spiral\u00e9<\/li>\n<li>Bouton PTT sur le revers pour la communication<\/li>\n<li>C\u00e2ble de renforcement en Kevlar<\/li>\n<li>Soulagement de la tension au niveau du PTT et du connecteur<\/li>\n<li>Choisissez parmi diff\u00e9rents types de prises pour adapter votre radio<\/li>\n<\/ul>\n<div id=\"gtx-trans\" style=\"position: absolute; left: -67px; top: 1.2px;\">\n<div class=\"gtx-trans-icon\"><\/div>\n<\/div>","protected":false},"excerpt":{"rendered":"<p>EM-4238 Acoustic tube earpiece uses a clear audio tube and a soft rubber earbud for the ear tip. As a versatile alternative to be used with many handheld two-way radios, 2 wire surveillance kit connects to your handheld unit and provides a privacy earpiece and a microphone that can be clipped to a staff uniform for easy use.<br \/>\nOutre les oreillettes radio \u00e0 1 fil et \u00e0 2 fils, nous proposons \u00e9galement une oreillette plus souple \u00e0 3 fils pour les radios. Elle constitue un moyen plus discret de communiquer avec votre \u00e9quipe sans \u00eatre remarqu\u00e9 dans une foule, garantissant que seuls vous et votre \u00e9quipe pouvez entendre la conversation.<\/p>","protected":false},"featured_media":4566,"template":"","meta":[],"product_brand":[],"product_cat":[214,308,215],"product_tag":[],"class_list":{"0":"post-4564","1":"product","2":"type-product","3":"status-publish","4":"has-post-thumbnail","6":"product_cat-two-way-radio-accessories","7":"product_cat-2-wire-earpiece","8":"product_cat-earpieces","10":"first","11":"instock","12":"shipping-taxable","13":"purchasable","14":"product-type-simple"},"_links":{"self":[{"href":"https:\/\/raytalkcomms.com\/fr\/wp-json\/wp\/v2\/product\/4564","targetHints":{"allow":["GET"]}}],"collection":[{"href":"https:\/\/raytalkcomms.com\/fr\/wp-json\/wp\/v2\/product"}],"about":[{"href":"https:\/\/raytalkcomms.com\/fr\/wp-json\/wp\/v2\/types\/product"}],"wp:featuredmedia":[{"embeddable":true,"href":"https:\/\/raytalkcomms.com\/fr\/wp-json\/wp\/v2\/media\/4566"}],"wp:attachment":[{"href":"https:\/\/raytalkcomms.com\/fr\/wp-json\/wp\/v2\/media?parent=4564"}],"wp:term":[{"taxonomy":"product_brand","embeddable":true,"href":"https:\/\/raytalkcomms.com\/fr\/wp-json\/wp\/v2\/product_brand?post=4564"},{"taxonomy":"product_cat","embeddable":true,"href":"https:\/\/raytalkcomms.com\/fr\/wp-json\/wp\/v2\/product_cat?post=4564"},{"taxonomy":"product_tag","embeddable":true,"href":"https:\/\/raytalkcomms.com\/fr\/wp-json\/wp\/v2\/product_tag?post=4564"}],"curies":[{"name":"wp","href":"https:\/\/api.w.org\/{rel}","templated":true}]}}