{"id":4556,"date":"2025-11-11T01:31:19","date_gmt":"2025-11-11T01:31:19","guid":{"rendered":"https:\/\/raytalkcomms.com\/?post_type=product&#038;p=4556"},"modified":"2025-12-19T11:38:35","modified_gmt":"2025-12-19T11:38:35","slug":"em-2022n-braided-fiber-cloth-g-shape-ear-hook-headset-w-ptt-noise-cancelling-mic","status":"publish","type":"product","link":"https:\/\/raytalkcomms.com\/fr\/produit\/em-2022n-braided-fiber-cloth-g-shape-ear-hook-headset-w-ptt-noise-cancelling-mic\/","title":{"rendered":"EM-2022N Casque d'\u00e9coute avec crochet en forme de G, en fibre tress\u00e9e, avec micro anti-bruit (PTT)"},"content":{"rendered":"<h3>Caract\u00e9ristiques :<\/h3>\n<ul>\n<li>Crochet auriculaire G-sahp\u00e9<\/li>\n<li>C\u00e2ble en fibre tress\u00e9e<\/li>\n<li>Commutateurs PTT<\/li>\n<li>Soulagement de la tension au niveau du PTT et du connecteur<\/li>\n<\/ul>\n<h3>Personnalisation en option :<\/h3>\n<ul>\n<li>Connecteur moul\u00e9 disponible pour Motorola, Hytera, Kenwood et la plupart des radios<\/li>\n<\/ul>\n<div id=\"gtx-trans\" style=\"position: absolute; left: -132px; top: 1.2px;\">\n<div class=\"gtx-trans-icon\"><\/div>\n<\/div>","protected":false},"excerpt":{"rendered":"<p>Le crochet auriculaire EM-2027N avec tissu en fibre tress\u00e9e et 1 fil est dot\u00e9 d'un microphone PTT en ligne droite. Il est plus r\u00e9sistant \u00e0 l'usure et permet de r\u00e9duire l'enchev\u00eatrement des c\u00e2bles. Le microphone est dot\u00e9 d'un blindage suppl\u00e9mentaire pour une communication plus claire.<br \/>\nIl offre une solution \u00e0 l'inconfort associ\u00e9 au port d'un \u00e9couteur sur une longue p\u00e9riode en permettant \u00e0 l'utilisateur de porter le crochet auriculaire sur l'une ou l'autre oreille. Notre microphone de haute qualit\u00e9 garantit des communications claires comme du cristal.<br \/>\nLes utilisateurs de radios portables comptent sur des solutions fiables, faciles \u00e0 utiliser et rentables pour leurs accessoires audio. Nous offrons une vari\u00e9t\u00e9 d'options pour r\u00e9pondre \u00e0 vos besoins individuels.<\/p>","protected":false},"featured_media":4580,"template":"","meta":[],"product_brand":[],"product_cat":[214,215,311],"product_tag":[],"class_list":{"0":"post-4556","1":"product","2":"type-product","3":"status-publish","4":"has-post-thumbnail","6":"product_cat-two-way-radio-accessories","7":"product_cat-earpieces","8":"product_cat-braided-fiber-earpiece","10":"first","11":"instock","12":"shipping-taxable","13":"purchasable","14":"product-type-simple"},"_links":{"self":[{"href":"https:\/\/raytalkcomms.com\/fr\/wp-json\/wp\/v2\/product\/4556","targetHints":{"allow":["GET"]}}],"collection":[{"href":"https:\/\/raytalkcomms.com\/fr\/wp-json\/wp\/v2\/product"}],"about":[{"href":"https:\/\/raytalkcomms.com\/fr\/wp-json\/wp\/v2\/types\/product"}],"wp:featuredmedia":[{"embeddable":true,"href":"https:\/\/raytalkcomms.com\/fr\/wp-json\/wp\/v2\/media\/4580"}],"wp:attachment":[{"href":"https:\/\/raytalkcomms.com\/fr\/wp-json\/wp\/v2\/media?parent=4556"}],"wp:term":[{"taxonomy":"product_brand","embeddable":true,"href":"https:\/\/raytalkcomms.com\/fr\/wp-json\/wp\/v2\/product_brand?post=4556"},{"taxonomy":"product_cat","embeddable":true,"href":"https:\/\/raytalkcomms.com\/fr\/wp-json\/wp\/v2\/product_cat?post=4556"},{"taxonomy":"product_tag","embeddable":true,"href":"https:\/\/raytalkcomms.com\/fr\/wp-json\/wp\/v2\/product_tag?post=4556"}],"curies":[{"name":"wp","href":"https:\/\/api.w.org\/{rel}","templated":true}]}}