{"id":4553,"date":"2025-11-10T12:49:43","date_gmt":"2025-11-10T12:49:43","guid":{"rendered":"https:\/\/raytalkcomms.com\/?post_type=product&#038;p=4553"},"modified":"2025-12-19T11:45:36","modified_gmt":"2025-12-19T11:45:36","slug":"e-42-lok-2-acoustic-tube-wire-kits-earphone-with-quick-disconnect-switch","status":"publish","type":"product","link":"https:\/\/raytalkcomms.com\/fr\/produit\/e-42-lok-2-acoustic-tube-wire-kits-earphone-with-quick-disconnect-switch\/","title":{"rendered":"E-42\/LOK 2 Kits de c\u00e2bles acoustiques \u00c9couteurs avec interrupteur \u00e0 d\u00e9connexion rapide"},"content":{"rendered":"<h3>Caract\u00e9ristiques :<\/h3>\n<ul>\n<li>Oreillette \u00e0 tube acoustique<\/li>\n<li>LOK 2 female snap<\/li>\n<li>C\u00e2ble renforc\u00e9 en Kevlar<\/li>\n<\/ul>\n<div id=\"gtx-trans\" style=\"position: absolute; left: -99px; top: 1.2px;\">\n<div class=\"gtx-trans-icon\"><\/div>\n<\/div>","protected":false},"excerpt":{"rendered":"<p>The E-42\/LOK 2 earpiece features a clear acoustic tube and eartip, suitable for left or right ear use with a single wire tube design. Its Female Snap LOK 2 connector and durable Kevlar-reinforced cable make it compatible with both single and dual-wire radio earpiece kits, allowing easy disconnect and reconnect. The E-42\/LOK 2 Acoustic Tube Earphone features a metal clip for secure attachment to shirts, vests, and jackets.<br \/>\nThis E-42\/LOK 2 earpiece requires an additional wire connect kit, such as the M-13A\/LOK 2 w\/Coil Cable or M-13\/LOK 2 w\/Coil Cable, for full functionality.<\/p>","protected":false},"featured_media":4548,"template":"","meta":[],"product_brand":[],"product_cat":[214,215,312],"product_tag":[],"class_list":{"0":"post-4553","1":"product","2":"type-product","3":"status-publish","4":"has-post-thumbnail","6":"product_cat-two-way-radio-accessories","7":"product_cat-earpieces","8":"product_cat-lok-earpiece","10":"first","11":"instock","12":"shipping-taxable","13":"purchasable","14":"product-type-simple"},"_links":{"self":[{"href":"https:\/\/raytalkcomms.com\/fr\/wp-json\/wp\/v2\/product\/4553","targetHints":{"allow":["GET"]}}],"collection":[{"href":"https:\/\/raytalkcomms.com\/fr\/wp-json\/wp\/v2\/product"}],"about":[{"href":"https:\/\/raytalkcomms.com\/fr\/wp-json\/wp\/v2\/types\/product"}],"wp:featuredmedia":[{"embeddable":true,"href":"https:\/\/raytalkcomms.com\/fr\/wp-json\/wp\/v2\/media\/4548"}],"wp:attachment":[{"href":"https:\/\/raytalkcomms.com\/fr\/wp-json\/wp\/v2\/media?parent=4553"}],"wp:term":[{"taxonomy":"product_brand","embeddable":true,"href":"https:\/\/raytalkcomms.com\/fr\/wp-json\/wp\/v2\/product_brand?post=4553"},{"taxonomy":"product_cat","embeddable":true,"href":"https:\/\/raytalkcomms.com\/fr\/wp-json\/wp\/v2\/product_cat?post=4553"},{"taxonomy":"product_tag","embeddable":true,"href":"https:\/\/raytalkcomms.com\/fr\/wp-json\/wp\/v2\/product_tag?post=4553"}],"curies":[{"name":"wp","href":"https:\/\/api.w.org\/{rel}","templated":true}]}}