{"id":4523,"date":"2025-11-08T14:00:08","date_gmt":"2025-11-08T14:00:08","guid":{"rendered":"https:\/\/raytalkcomms.com\/?post_type=product&#038;p=4523"},"modified":"2025-12-19T14:22:43","modified_gmt":"2025-12-19T14:22:43","slug":"remb-0427-d-ring-1-wire-earpiece-with-mini-boom-microphone","status":"publish","type":"product","link":"https:\/\/raytalkcomms.com\/fr\/produit\/remb-0427-d-ring-1-wire-earpiece-with-mini-boom-microphone\/","title":{"rendered":"REMB-0427 Oreillette D-Ring \u00e0 1 fil avec mini-microphone Boom"},"content":{"rendered":"<h3>Caract\u00e9ristiques :<\/h3>\n<ul>\n<li>L'anneau en D r\u00e9glable s'adapte confortablement \u00e0 l'oreille gauche ou droite.<\/li>\n<li>Microphone \u00e0 perche flexible avec bonnette rempla\u00e7able pour une meilleure durabilit\u00e9.<\/li>\n<li>Bouton-poussoir avec clip m\u00e9tallique<\/li>\n<li>La conception l\u00e9g\u00e8re garantit le confort lors d'une utilisation prolong\u00e9e.<\/li>\n<li>Disponible avec un connecteur M1 et d'autres options pour s'adapter \u00e0 diff\u00e9rents mod\u00e8les de radio.<\/li>\n<\/ul>","protected":false},"excerpt":{"rendered":"<p>Le REMB-0427 est dot\u00e9 d'un crochet d'oreille de type D et d'un microphone mini-boom flexible. L'\u00e9couteur en D se fixe solidement sur l'oreille gauche ou droite, assurant stabilit\u00e9 et confort. M\u00eame apr\u00e8s avoir travaill\u00e9 pendant 8 heures ou plus, l'\u00e9couteur REMB-0427 \u00e0 anneau en D et \u00e0 1 fil avec mini-microphone \u00e0 perche reste confortable \u00e0 porter sans causer de douleur \u00e0 l'oreille.<br \/>\nLe micro mini-boom est r\u00e9glable, ce qui vous permet de le positionner \u00e0 une distance optimale de vos l\u00e8vres pour une communication claire.<br \/>\nLa fonction \"Push to talk\" permet une communication instantan\u00e9e par une simple pression.<br \/>\nCompatible avec divers mod\u00e8les de radios bidirectionnelles, il est dot\u00e9 d'un connecteur radio personnalisable.<\/p>","protected":false},"featured_media":4525,"template":"","meta":[],"product_brand":[],"product_cat":[214,215,322],"product_tag":[],"class_list":{"0":"post-4523","1":"product","2":"type-product","3":"status-publish","4":"has-post-thumbnail","6":"product_cat-two-way-radio-accessories","7":"product_cat-earpieces","8":"product_cat-boom-microphone","10":"first","11":"instock","12":"shipping-taxable","13":"purchasable","14":"product-type-simple"},"_links":{"self":[{"href":"https:\/\/raytalkcomms.com\/fr\/wp-json\/wp\/v2\/product\/4523","targetHints":{"allow":["GET"]}}],"collection":[{"href":"https:\/\/raytalkcomms.com\/fr\/wp-json\/wp\/v2\/product"}],"about":[{"href":"https:\/\/raytalkcomms.com\/fr\/wp-json\/wp\/v2\/types\/product"}],"wp:featuredmedia":[{"embeddable":true,"href":"https:\/\/raytalkcomms.com\/fr\/wp-json\/wp\/v2\/media\/4525"}],"wp:attachment":[{"href":"https:\/\/raytalkcomms.com\/fr\/wp-json\/wp\/v2\/media?parent=4523"}],"wp:term":[{"taxonomy":"product_brand","embeddable":true,"href":"https:\/\/raytalkcomms.com\/fr\/wp-json\/wp\/v2\/product_brand?post=4523"},{"taxonomy":"product_cat","embeddable":true,"href":"https:\/\/raytalkcomms.com\/fr\/wp-json\/wp\/v2\/product_cat?post=4523"},{"taxonomy":"product_tag","embeddable":true,"href":"https:\/\/raytalkcomms.com\/fr\/wp-json\/wp\/v2\/product_tag?post=4523"}],"curies":[{"name":"wp","href":"https:\/\/api.w.org\/{rel}","templated":true}]}}