{"id":4505,"date":"2025-11-08T12:58:30","date_gmt":"2025-11-08T12:58:30","guid":{"rendered":"https:\/\/raytalkcomms.com\/?post_type=product&#038;p=4505"},"modified":"2025-12-19T11:40:08","modified_gmt":"2025-12-19T11:40:08","slug":"e-45c-clear-covert-in-ear-earpiece-with-mini-armature-speaker-for-walkie-talkies","status":"publish","type":"product","link":"https:\/\/raytalkcomms.com\/fr\/produit\/e-45c-clear-covert-in-ear-earpiece-with-mini-armature-speaker-for-walkie-talkies\/","title":{"rendered":"E-45C Oreillette intra-auriculaire transparente avec haut-parleur miniature pour talkies-walkies"},"content":{"rendered":"<h3>Caract\u00e9ristiques :<\/h3>\n<ul>\n<li>Tube transparent eartube<\/li>\n<li>Recevoir uniquement l'\u00e9couteur<\/li>\n<li>Prise de 2,5 mm ou de 3,5 mm disponible<\/li>\n<li>Haut-parleur miniature pour une qualit\u00e9 de voix tr\u00e8s forte et claire<\/li>\n<li>La longueur du c\u00e2ble peut \u00eatre personnalis\u00e9e<\/li>\n<li>C\u00e2ble fris\u00e9 ou droit en option<\/li>\n<li>Tube acoustique facile \u00e0 connecter pour l'hygi\u00e8ne et les utilisateurs multiples<\/li>\n<li>Tube acoustique \u00e0 d\u00e9connexion rapide et \u00e0 fil unique pour l'oreille gauche ou droite<\/li>\n<\/ul>\n<div id=\"gtx-trans\" style=\"position: absolute; left: -207px; top: 1.2px;\">\n<div class=\"gtx-trans-icon\"><\/div>\n<\/div>","protected":false},"excerpt":{"rendered":"<p>Le E-45C est un accessoire de communication haut de gamme dot\u00e9 d'un tube acoustique transparent et d'un connecteur. Son tube et son embout transparents garantissent une communication discr\u00e8te. Le haut-parleur miniature de haute qualit\u00e9 d\u00e9livre un son cristallin, ce qui vous permet de ne jamais manquer un mot, m\u00eame en cas d'urgence.<br \/>\nDisponible avec des connecteurs de 2,5 mm ou de 3,5 mm, le E-45 est compatible avec de nombreuses marques de radios, offrant une polyvalence et des performances fiables aux utilisateurs professionnels.<\/p>","protected":false},"featured_media":4487,"template":"","meta":[],"product_brand":[],"product_cat":[214,215,313],"product_tag":[],"class_list":{"0":"post-4505","1":"product","2":"type-product","3":"status-publish","4":"has-post-thumbnail","6":"product_cat-two-way-radio-accessories","7":"product_cat-earpieces","8":"product_cat-listen-only-earpiece","10":"first","11":"instock","12":"shipping-taxable","13":"purchasable","14":"product-type-simple"},"_links":{"self":[{"href":"https:\/\/raytalkcomms.com\/fr\/wp-json\/wp\/v2\/product\/4505","targetHints":{"allow":["GET"]}}],"collection":[{"href":"https:\/\/raytalkcomms.com\/fr\/wp-json\/wp\/v2\/product"}],"about":[{"href":"https:\/\/raytalkcomms.com\/fr\/wp-json\/wp\/v2\/types\/product"}],"wp:featuredmedia":[{"embeddable":true,"href":"https:\/\/raytalkcomms.com\/fr\/wp-json\/wp\/v2\/media\/4487"}],"wp:attachment":[{"href":"https:\/\/raytalkcomms.com\/fr\/wp-json\/wp\/v2\/media?parent=4505"}],"wp:term":[{"taxonomy":"product_brand","embeddable":true,"href":"https:\/\/raytalkcomms.com\/fr\/wp-json\/wp\/v2\/product_brand?post=4505"},{"taxonomy":"product_cat","embeddable":true,"href":"https:\/\/raytalkcomms.com\/fr\/wp-json\/wp\/v2\/product_cat?post=4505"},{"taxonomy":"product_tag","embeddable":true,"href":"https:\/\/raytalkcomms.com\/fr\/wp-json\/wp\/v2\/product_tag?post=4505"}],"curies":[{"name":"wp","href":"https:\/\/api.w.org\/{rel}","templated":true}]}}