{"id":4500,"date":"2025-11-08T12:49:22","date_gmt":"2025-11-08T12:49:22","guid":{"rendered":"https:\/\/raytalkcomms.com\/?post_type=product&#038;p=4500"},"modified":"2025-12-19T11:40:08","modified_gmt":"2025-12-19T11:40:08","slug":"e-43c-in-ear-clear-acoustic-tube-earpiece","status":"publish","type":"product","link":"https:\/\/raytalkcomms.com\/fr\/produit\/e-43c-in-ear-clear-acoustic-tube-earpiece\/","title":{"rendered":"E-43C Oreillette intra-auriculaire \u00e0 tube acoustique transparent"},"content":{"rendered":"<h3>Caract\u00e9ristiques :<\/h3>\n<ul>\n<li>Embout tubulaire transparent avec clip m\u00e9tallique<\/li>\n<li>Recevoir uniquement l'\u00e9couteur<\/li>\n<li>Prise de 2,5 mm ou de 3,5 mm disponible<\/li>\n<li>La longueur du c\u00e2ble peut \u00eatre personnalis\u00e9e<\/li>\n<li>C\u00e2ble fris\u00e9 ou droit en option<\/li>\n<li>Tube acoustique facile \u00e0 connecter pour l'hygi\u00e8ne et les utilisateurs multiples<\/li>\n<li>Tube acoustique \u00e0 d\u00e9connexion rapide et \u00e0 fil unique pour l'oreille gauche ou droite<\/li>\n<\/ul>","protected":false},"excerpt":{"rendered":"<p>L'\u00e9couteur E-43C Listen Only est dissimulable et l\u00e9ger. La connaissance de la situation est essentielle pour la police lors d'une rencontre dangereuse. Une oreillette permet aux agents d'entendre clairement les communications et d'emp\u00eacher les malfaiteurs d'entendre ce qui pourrait retourner la situation contre eux. Le son cristallin est dirig\u00e9 vers votre oreille uniquement pour que vous puissiez l'entendre, mais pas les malfaiteurs.<br \/>\nDisponible pour les prises audio filet\u00e9es de 2,5 mm, 3,5 mm et 3,5 mm.<br \/>\nV\u00e9rifiez le mod\u00e8le de votre radio afin de choisir la bonne taille de prise audio pour votre commande.<\/p>","protected":false},"featured_media":4485,"template":"","meta":[],"product_brand":[],"product_cat":[214,215,313],"product_tag":[],"class_list":{"0":"post-4500","1":"product","2":"type-product","3":"status-publish","4":"has-post-thumbnail","6":"product_cat-two-way-radio-accessories","7":"product_cat-earpieces","8":"product_cat-listen-only-earpiece","10":"first","11":"instock","12":"shipping-taxable","13":"purchasable","14":"product-type-simple"},"_links":{"self":[{"href":"https:\/\/raytalkcomms.com\/fr\/wp-json\/wp\/v2\/product\/4500","targetHints":{"allow":["GET"]}}],"collection":[{"href":"https:\/\/raytalkcomms.com\/fr\/wp-json\/wp\/v2\/product"}],"about":[{"href":"https:\/\/raytalkcomms.com\/fr\/wp-json\/wp\/v2\/types\/product"}],"wp:featuredmedia":[{"embeddable":true,"href":"https:\/\/raytalkcomms.com\/fr\/wp-json\/wp\/v2\/media\/4485"}],"wp:attachment":[{"href":"https:\/\/raytalkcomms.com\/fr\/wp-json\/wp\/v2\/media?parent=4500"}],"wp:term":[{"taxonomy":"product_brand","embeddable":true,"href":"https:\/\/raytalkcomms.com\/fr\/wp-json\/wp\/v2\/product_brand?post=4500"},{"taxonomy":"product_cat","embeddable":true,"href":"https:\/\/raytalkcomms.com\/fr\/wp-json\/wp\/v2\/product_cat?post=4500"},{"taxonomy":"product_tag","embeddable":true,"href":"https:\/\/raytalkcomms.com\/fr\/wp-json\/wp\/v2\/product_tag?post=4500"}],"curies":[{"name":"wp","href":"https:\/\/api.w.org\/{rel}","templated":true}]}}