{"id":4496,"date":"2025-11-08T12:43:45","date_gmt":"2025-11-08T12:43:45","guid":{"rendered":"https:\/\/raytalkcomms.com\/?post_type=product&#038;p=4496"},"modified":"2025-12-19T11:42:15","modified_gmt":"2025-12-19T11:42:15","slug":"e-41c-listen-only-earphone-with-3-5mm-2-5mm-connects-to-speaker-mic","status":"publish","type":"product","link":"https:\/\/raytalkcomms.com\/fr\/produit\/e-41c-listen-only-earphone-with-3-5mm-2-5mm-connects-to-speaker-mic\/","title":{"rendered":"E-41C \u00c9couteur avec 3.5mm\/ 2.5mm se connecte au microphone du haut-parleur"},"content":{"rendered":"<h3>Caract\u00e9ristiques :<\/h3>\n<ul>\n<li>Oreillette tubulaire transparente avec clip m\u00e9tallique<\/li>\n<li>Recevoir uniquement l'\u00e9couteur<\/li>\n<li>Prise de 2,5 mm ou de 3,5 mm disponible<\/li>\n<li>La longueur du c\u00e2ble peut \u00eatre personnalis\u00e9e<\/li>\n<li>C\u00e2ble fris\u00e9 ou droit en option<\/li>\n<li>Tube acoustique facile \u00e0 connecter pour l'hygi\u00e8ne et les utilisateurs multiples<\/li>\n<li>Tube acoustique \u00e0 d\u00e9connexion rapide et \u00e0 fil unique pour l'oreille gauche ou droite<\/li>\n<\/ul>\n<div id=\"gtx-trans\" style=\"position: absolute; left: 151px; top: 50.7125px;\">\n<div class=\"gtx-trans-icon\"><\/div>\n<\/div>","protected":false},"excerpt":{"rendered":"<p>Le E-41C est un \u00e9couteur de surveillance \u00e0 d\u00e9connexion rapide pour les radios bidirectionnelles. Le tube acoustique transparent \u00e0 d\u00e9connexion rapide facilite le remplacement des oreillettes et permet un fonctionnement discret.<br \/>\nLe personnel de s\u00e9curit\u00e9, les agents du FBI et les \u00e9quipes de services sp\u00e9ciaux utilisent souvent l'\u00e9couteur \u00e0 tube acoustique E-41 avec un micro d'\u00e9paule lors d'op\u00e9rations sur le terrain. Il garantit une communication claire et vous permet d'entendre chaque mot de votre \u00e9quipe.<br \/>\nDisponible pour les prises audio filet\u00e9es de 2,5 mm, 3,5 mm et 3,5 mm. Utilis\u00e9 par les forces de l'ordre, les soci\u00e9t\u00e9s de s\u00e9curit\u00e9, les casinos, les d\u00e9taillants, etc.<br \/>\nVeuillez v\u00e9rifier soigneusement votre \u00e9quipement radio afin de s\u00e9lectionner la taille correcte de la prise audio lors de la commande.<\/p>","protected":false},"featured_media":4483,"template":"","meta":[],"product_brand":[],"product_cat":[214,215,313],"product_tag":[],"class_list":{"0":"post-4496","1":"product","2":"type-product","3":"status-publish","4":"has-post-thumbnail","6":"product_cat-two-way-radio-accessories","7":"product_cat-earpieces","8":"product_cat-listen-only-earpiece","10":"first","11":"instock","12":"shipping-taxable","13":"purchasable","14":"product-type-simple"},"_links":{"self":[{"href":"https:\/\/raytalkcomms.com\/fr\/wp-json\/wp\/v2\/product\/4496","targetHints":{"allow":["GET"]}}],"collection":[{"href":"https:\/\/raytalkcomms.com\/fr\/wp-json\/wp\/v2\/product"}],"about":[{"href":"https:\/\/raytalkcomms.com\/fr\/wp-json\/wp\/v2\/types\/product"}],"wp:featuredmedia":[{"embeddable":true,"href":"https:\/\/raytalkcomms.com\/fr\/wp-json\/wp\/v2\/media\/4483"}],"wp:attachment":[{"href":"https:\/\/raytalkcomms.com\/fr\/wp-json\/wp\/v2\/media?parent=4496"}],"wp:term":[{"taxonomy":"product_brand","embeddable":true,"href":"https:\/\/raytalkcomms.com\/fr\/wp-json\/wp\/v2\/product_brand?post=4496"},{"taxonomy":"product_cat","embeddable":true,"href":"https:\/\/raytalkcomms.com\/fr\/wp-json\/wp\/v2\/product_cat?post=4496"},{"taxonomy":"product_tag","embeddable":true,"href":"https:\/\/raytalkcomms.com\/fr\/wp-json\/wp\/v2\/product_tag?post=4496"}],"curies":[{"name":"wp","href":"https:\/\/api.w.org\/{rel}","templated":true}]}}