{"id":4493,"date":"2025-11-08T12:39:27","date_gmt":"2025-11-08T12:39:27","guid":{"rendered":"https:\/\/raytalkcomms.com\/?post_type=product&#038;p=4493"},"modified":"2025-12-19T11:42:15","modified_gmt":"2025-12-19T11:42:15","slug":"e-40c-clear-tube-listen-only-earpiece-with-metal-clip","status":"publish","type":"product","link":"https:\/\/raytalkcomms.com\/fr\/produit\/e-40c-clear-tube-listen-only-earpiece-with-metal-clip\/","title":{"rendered":"E-40C Oreillette d'\u00e9coute seule \u00e0 tube transparent avec clip m\u00e9tallique"},"content":{"rendered":"<h3>Caract\u00e9ristiques :<\/h3>\n<ul>\n<li>Embout tubulaire transparent avec clip m\u00e9tallique<\/li>\n<li>Recevoir uniquement l'\u00e9couteur<\/li>\n<li>Prise de 2,5 mm ou de 3,5 mm disponible<\/li>\n<li>La longueur du c\u00e2ble peut \u00eatre personnalis\u00e9e<\/li>\n<li>C\u00e2ble fris\u00e9 ou droit en option<\/li>\n<\/ul>","protected":false},"excerpt":{"rendered":"<p>L'\u00e9couteur E-40C est un accessoire id\u00e9al pour renforcer la confidentialit\u00e9, les communications furtives ou l'utilisation dans des environnements bruyants. Son tube acoustique transparent s'enroule discr\u00e8tement derri\u00e8re l'oreille et l'embout champignon transparent se dissimule en toute s\u00e9curit\u00e9 dans le conduit auditif.<br \/>\nIl est disponible avec un connecteur audio standard de 2,5 mm ou de 3,5 mm pour fonctionner dans des sorties telles que le port auxiliaire de nombreux micros haut-parleurs.<br \/>\nDisponible pour les prises audio filet\u00e9es de 2,5 mm, 3,5 mm et 3,5 mm.<br \/>\nVeuillez v\u00e9rifier soigneusement votre \u00e9quipement radio afin de s\u00e9lectionner la taille correcte de la prise audio lors de la commande.<\/p>","protected":false},"featured_media":4482,"template":"","meta":[],"product_brand":[],"product_cat":[214,215,313],"product_tag":[],"class_list":{"0":"post-4493","1":"product","2":"type-product","3":"status-publish","4":"has-post-thumbnail","6":"product_cat-two-way-radio-accessories","7":"product_cat-earpieces","8":"product_cat-listen-only-earpiece","10":"first","11":"instock","12":"shipping-taxable","13":"purchasable","14":"product-type-simple"},"_links":{"self":[{"href":"https:\/\/raytalkcomms.com\/fr\/wp-json\/wp\/v2\/product\/4493","targetHints":{"allow":["GET"]}}],"collection":[{"href":"https:\/\/raytalkcomms.com\/fr\/wp-json\/wp\/v2\/product"}],"about":[{"href":"https:\/\/raytalkcomms.com\/fr\/wp-json\/wp\/v2\/types\/product"}],"wp:featuredmedia":[{"embeddable":true,"href":"https:\/\/raytalkcomms.com\/fr\/wp-json\/wp\/v2\/media\/4482"}],"wp:attachment":[{"href":"https:\/\/raytalkcomms.com\/fr\/wp-json\/wp\/v2\/media?parent=4493"}],"wp:term":[{"taxonomy":"product_brand","embeddable":true,"href":"https:\/\/raytalkcomms.com\/fr\/wp-json\/wp\/v2\/product_brand?post=4493"},{"taxonomy":"product_cat","embeddable":true,"href":"https:\/\/raytalkcomms.com\/fr\/wp-json\/wp\/v2\/product_cat?post=4493"},{"taxonomy":"product_tag","embeddable":true,"href":"https:\/\/raytalkcomms.com\/fr\/wp-json\/wp\/v2\/product_tag?post=4493"}],"curies":[{"name":"wp","href":"https:\/\/api.w.org\/{rel}","templated":true}]}}