{"id":4490,"date":"2025-11-08T12:36:30","date_gmt":"2025-11-08T12:36:30","guid":{"rendered":"https:\/\/raytalkcomms.com\/?post_type=product&#038;p=4490"},"modified":"2025-12-19T11:42:15","modified_gmt":"2025-12-19T11:42:15","slug":"e-39c-listen-only-surveillance-earpiece-for-speaker-microphones","status":"publish","type":"product","link":"https:\/\/raytalkcomms.com\/fr\/produit\/e-39c-listen-only-surveillance-earpiece-for-speaker-microphones\/","title":{"rendered":"E-39C \u00c9couteur de surveillance pour microphones \u00e0 haut-parleur"},"content":{"rendered":"<h3>Caract\u00e9ristiques :<\/h3>\n<ul>\n<li>Clear tube eartip<\/li>\n<li>Recevoir uniquement l'\u00e9couteur<\/li>\n<li>Prise de 2,5 mm ou de 3,5 mm disponible<\/li>\n<li>La longueur du c\u00e2ble peut \u00eatre personnalis\u00e9e<\/li>\n<li>C\u00e2ble fris\u00e9 ou droit en option<\/li>\n<\/ul>","protected":false},"excerpt":{"rendered":"<p>The E-39C listen only earpiece is a great accessory for additional privacy, stealth communications, or for use in loud environments. It&#8217;s a clear acoustic coil tube that wraps discreetly behind the ear, and the clear mushroom-tipped earpiece hides inside the ear canal securely.<br \/>\nDisponible pour les prises audio filet\u00e9es de 2,5 mm, 3,5 mm et 3,5 mm.<br \/>\nVeuillez v\u00e9rifier soigneusement votre \u00e9quipement radio afin de s\u00e9lectionner la taille correcte de la prise audio lors de la commande.<\/p>","protected":false},"featured_media":4481,"template":"","meta":[],"product_brand":[],"product_cat":[215,214,313],"product_tag":[],"class_list":{"0":"post-4490","1":"product","2":"type-product","3":"status-publish","4":"has-post-thumbnail","6":"product_cat-earpieces","7":"product_cat-two-way-radio-accessories","8":"product_cat-listen-only-earpiece","10":"first","11":"instock","12":"shipping-taxable","13":"purchasable","14":"product-type-simple"},"_links":{"self":[{"href":"https:\/\/raytalkcomms.com\/fr\/wp-json\/wp\/v2\/product\/4490","targetHints":{"allow":["GET"]}}],"collection":[{"href":"https:\/\/raytalkcomms.com\/fr\/wp-json\/wp\/v2\/product"}],"about":[{"href":"https:\/\/raytalkcomms.com\/fr\/wp-json\/wp\/v2\/types\/product"}],"wp:featuredmedia":[{"embeddable":true,"href":"https:\/\/raytalkcomms.com\/fr\/wp-json\/wp\/v2\/media\/4481"}],"wp:attachment":[{"href":"https:\/\/raytalkcomms.com\/fr\/wp-json\/wp\/v2\/media?parent=4490"}],"wp:term":[{"taxonomy":"product_brand","embeddable":true,"href":"https:\/\/raytalkcomms.com\/fr\/wp-json\/wp\/v2\/product_brand?post=4490"},{"taxonomy":"product_cat","embeddable":true,"href":"https:\/\/raytalkcomms.com\/fr\/wp-json\/wp\/v2\/product_cat?post=4490"},{"taxonomy":"product_tag","embeddable":true,"href":"https:\/\/raytalkcomms.com\/fr\/wp-json\/wp\/v2\/product_tag?post=4490"}],"curies":[{"name":"wp","href":"https:\/\/api.w.org\/{rel}","templated":true}]}}