{"id":4488,"date":"2025-11-08T12:33:14","date_gmt":"2025-11-08T12:33:14","guid":{"rendered":"https:\/\/raytalkcomms.com\/?post_type=product&#038;p=4488"},"modified":"2025-12-19T11:42:15","modified_gmt":"2025-12-19T11:42:15","slug":"e-37-large-g-style-listen-only-earphone-with-3-5mm-plug","status":"publish","type":"product","link":"https:\/\/raytalkcomms.com\/fr\/produit\/e-37-large-g-style-listen-only-earphone-with-3-5mm-plug\/","title":{"rendered":"E-37 Grand \u00e9couteur de type G avec fiche de 3,5 mm"},"content":{"rendered":"<h3>Caract\u00e9ristiques :<\/h3>\n<ul>\n<li>Large G style ear hook<\/li>\n<li>Recevoir uniquement l'\u00e9couteur<\/li>\n<li>Swivel for left or right ear<\/li>\n<li>Prise de 2,5 mm ou de 3,5 mm disponible<\/li>\n<li>La longueur du c\u00e2ble peut \u00eatre personnalis\u00e9e<\/li>\n<li>C\u00e2ble fris\u00e9 ou droit en option<\/li>\n<\/ul>","protected":false},"excerpt":{"rendered":"<p>E-37 large G-Style listen only earphone is made of soft and flexible rubber. This over-ear listen-only earpiece has a rotating, built in microphone so you can swap between left and right ears with a perfect fit. The large ear bud sits just outside the ear canal yet delivers clear radio audio, improving hygiene for shift-based teams. Its ear conforming shape enhances comfort. It provides fuller, more natural sound.<br \/>\nFor the E 37 large G-style listen only earphone, we offer personalized choices of 2.5 mm or 3.5 mm plugs, and straight or coiled cable options. Please check your radio and select the correct audio jack size when ordering.<\/p>","protected":false},"featured_media":4480,"template":"","meta":[],"product_brand":[],"product_cat":[215,214,313],"product_tag":[],"class_list":{"0":"post-4488","1":"product","2":"type-product","3":"status-publish","4":"has-post-thumbnail","6":"product_cat-earpieces","7":"product_cat-two-way-radio-accessories","8":"product_cat-listen-only-earpiece","10":"first","11":"instock","12":"shipping-taxable","13":"purchasable","14":"product-type-simple"},"_links":{"self":[{"href":"https:\/\/raytalkcomms.com\/fr\/wp-json\/wp\/v2\/product\/4488","targetHints":{"allow":["GET"]}}],"collection":[{"href":"https:\/\/raytalkcomms.com\/fr\/wp-json\/wp\/v2\/product"}],"about":[{"href":"https:\/\/raytalkcomms.com\/fr\/wp-json\/wp\/v2\/types\/product"}],"wp:featuredmedia":[{"embeddable":true,"href":"https:\/\/raytalkcomms.com\/fr\/wp-json\/wp\/v2\/media\/4480"}],"wp:attachment":[{"href":"https:\/\/raytalkcomms.com\/fr\/wp-json\/wp\/v2\/media?parent=4488"}],"wp:term":[{"taxonomy":"product_brand","embeddable":true,"href":"https:\/\/raytalkcomms.com\/fr\/wp-json\/wp\/v2\/product_brand?post=4488"},{"taxonomy":"product_cat","embeddable":true,"href":"https:\/\/raytalkcomms.com\/fr\/wp-json\/wp\/v2\/product_cat?post=4488"},{"taxonomy":"product_tag","embeddable":true,"href":"https:\/\/raytalkcomms.com\/fr\/wp-json\/wp\/v2\/product_tag?post=4488"}],"curies":[{"name":"wp","href":"https:\/\/api.w.org\/{rel}","templated":true}]}}