{"id":4478,"date":"2025-11-08T12:29:45","date_gmt":"2025-11-08T12:29:45","guid":{"rendered":"https:\/\/raytalkcomms.com\/?post_type=product&#038;p=4478"},"modified":"2025-12-19T11:42:15","modified_gmt":"2025-12-19T11:42:15","slug":"e-34c-c-style-earpiece-with-three-size-eartips","status":"publish","type":"product","link":"https:\/\/raytalkcomms.com\/fr\/produit\/e-34c-c-style-earpiece-with-three-size-eartips\/","title":{"rendered":"E-34C Oreillette de type C avec embouts de trois tailles"},"content":{"rendered":"<h3>Caract\u00e9ristiques :<\/h3>\n<ul>\n<li>C-ring earpiece with three sizes eartips(S\/M\/L)<\/li>\n<li>Recevoir uniquement l'\u00e9couteur<\/li>\n<li>Swivel for left or right ear<\/li>\n<li>Prise de 2,5 mm ou de 3,5 mm disponible<\/li>\n<li>La longueur du c\u00e2ble peut \u00eatre personnalis\u00e9e<\/li>\n<li>C\u00e2ble fris\u00e9 ou droit en option<\/li>\n<\/ul>","protected":false},"excerpt":{"rendered":"<p>E-34C is an upgraded listen-only earpiece designed for professionals who demand comfort and discretion. It is built for all-day discretion. Three interchangeable ear tip sizes(small, medium, and large) let teams choose a secure, customized fit for better isolation. The soft rubber earhook sits comfortably over the ear for a secure fit. The high-output micro speaker delivers clear audio in noisy environments.<br \/>\nCommonly paired with a speaker mic for confidential monitoring, E 34C listen only earpiece with 3.5\/2.5 mm plug suits security, hospitality, retail, and event operations.<\/p>","protected":false},"featured_media":4479,"template":"","meta":[],"product_brand":[],"product_cat":[214,215,313],"product_tag":[],"class_list":{"0":"post-4478","1":"product","2":"type-product","3":"status-publish","4":"has-post-thumbnail","6":"product_cat-two-way-radio-accessories","7":"product_cat-earpieces","8":"product_cat-listen-only-earpiece","10":"first","11":"instock","12":"shipping-taxable","13":"purchasable","14":"product-type-simple"},"_links":{"self":[{"href":"https:\/\/raytalkcomms.com\/fr\/wp-json\/wp\/v2\/product\/4478","targetHints":{"allow":["GET"]}}],"collection":[{"href":"https:\/\/raytalkcomms.com\/fr\/wp-json\/wp\/v2\/product"}],"about":[{"href":"https:\/\/raytalkcomms.com\/fr\/wp-json\/wp\/v2\/types\/product"}],"wp:featuredmedia":[{"embeddable":true,"href":"https:\/\/raytalkcomms.com\/fr\/wp-json\/wp\/v2\/media\/4479"}],"wp:attachment":[{"href":"https:\/\/raytalkcomms.com\/fr\/wp-json\/wp\/v2\/media?parent=4478"}],"wp:term":[{"taxonomy":"product_brand","embeddable":true,"href":"https:\/\/raytalkcomms.com\/fr\/wp-json\/wp\/v2\/product_brand?post=4478"},{"taxonomy":"product_cat","embeddable":true,"href":"https:\/\/raytalkcomms.com\/fr\/wp-json\/wp\/v2\/product_cat?post=4478"},{"taxonomy":"product_tag","embeddable":true,"href":"https:\/\/raytalkcomms.com\/fr\/wp-json\/wp\/v2\/product_tag?post=4478"}],"curies":[{"name":"wp","href":"https:\/\/api.w.org\/{rel}","templated":true}]}}