{"id":4471,"date":"2025-11-08T12:20:33","date_gmt":"2025-11-08T12:20:33","guid":{"rendered":"https:\/\/raytalkcomms.com\/?post_type=product&#038;p=4471"},"modified":"2025-12-19T11:42:15","modified_gmt":"2025-12-19T11:42:15","slug":"e-30c-receive-only-earpiece-with-changeable-ear-tips","status":"publish","type":"product","link":"https:\/\/raytalkcomms.com\/fr\/produit\/e-30c-receive-only-earpiece-with-changeable-ear-tips\/","title":{"rendered":"E-30C Oreillette de r\u00e9ception seule avec embouts interchangeables"},"content":{"rendered":"<h3>Caract\u00e9ristiques :<\/h3>\n<ul>\n<li>Crochet d'oreille avec anneau en C et embouts interchangeables<\/li>\n<li>Recevoir uniquement l'\u00e9couteur<\/li>\n<li>Convient \u00e0 l'oreille gauche ou droite<\/li>\n<li>Prise de 2,5 mm ou de 3,5 mm disponible<\/li>\n<li>La longueur du c\u00e2ble peut \u00eatre personnalis\u00e9e<\/li>\n<li>C\u00e2ble fris\u00e9 ou droit en option<\/li>\n<\/ul>","protected":false},"excerpt":{"rendered":"<p>Le E-30C est un crochet d'oreille avec anneau en C et embouts auriculaires qui permet d'\u00e9couter uniquement les radios bidirectionnelles.<br \/>\nFonctionne sur l'oreille droite ou gauche. Fournit un son d'une grande clart\u00e9 et une protection auditive suppl\u00e9mentaire n\u00e9cessaire pour une communication claire et coh\u00e9rente dans des environnements extr\u00eamement bruyants.<br \/>\nDisponible pour les prises audio filet\u00e9es de 2,5 mm, 3,5 mm et 3,5 mm.<br \/>\nVeuillez v\u00e9rifier soigneusement votre \u00e9quipement radio afin de s\u00e9lectionner la taille correcte de la prise audio lors de la commande.<\/p>","protected":false},"featured_media":4460,"template":"","meta":[],"product_brand":[],"product_cat":[214,215,313],"product_tag":[],"class_list":{"0":"post-4471","1":"product","2":"type-product","3":"status-publish","4":"has-post-thumbnail","6":"product_cat-two-way-radio-accessories","7":"product_cat-earpieces","8":"product_cat-listen-only-earpiece","10":"first","11":"instock","12":"shipping-taxable","13":"purchasable","14":"product-type-simple"},"_links":{"self":[{"href":"https:\/\/raytalkcomms.com\/fr\/wp-json\/wp\/v2\/product\/4471","targetHints":{"allow":["GET"]}}],"collection":[{"href":"https:\/\/raytalkcomms.com\/fr\/wp-json\/wp\/v2\/product"}],"about":[{"href":"https:\/\/raytalkcomms.com\/fr\/wp-json\/wp\/v2\/types\/product"}],"wp:featuredmedia":[{"embeddable":true,"href":"https:\/\/raytalkcomms.com\/fr\/wp-json\/wp\/v2\/media\/4460"}],"wp:attachment":[{"href":"https:\/\/raytalkcomms.com\/fr\/wp-json\/wp\/v2\/media?parent=4471"}],"wp:term":[{"taxonomy":"product_brand","embeddable":true,"href":"https:\/\/raytalkcomms.com\/fr\/wp-json\/wp\/v2\/product_brand?post=4471"},{"taxonomy":"product_cat","embeddable":true,"href":"https:\/\/raytalkcomms.com\/fr\/wp-json\/wp\/v2\/product_cat?post=4471"},{"taxonomy":"product_tag","embeddable":true,"href":"https:\/\/raytalkcomms.com\/fr\/wp-json\/wp\/v2\/product_tag?post=4471"}],"curies":[{"name":"wp","href":"https:\/\/api.w.org\/{rel}","templated":true}]}}