{"id":4465,"date":"2025-11-08T12:13:40","date_gmt":"2025-11-08T12:13:40","guid":{"rendered":"https:\/\/raytalkcomms.com\/?post_type=product&#038;p=4465"},"modified":"2025-12-19T11:42:16","modified_gmt":"2025-12-19T11:42:16","slug":"e-20c-listen-only-ear-hook-earpiece","status":"publish","type":"product","link":"https:\/\/raytalkcomms.com\/fr\/produit\/e-20c-listen-only-ear-hook-earpiece\/","title":{"rendered":"E-20C Oreillette d'\u00e9coute en forme de G"},"content":{"rendered":"<h3>Caract\u00e9ristiques :<\/h3>\n<ul>\n<li>G shape adjustable ear hook<\/li>\n<li>Recevoir uniquement l'\u00e9couteur<\/li>\n<li>Convient \u00e0 l'oreille gauche ou droite<\/li>\n<li>Prise de 2,5 mm ou de 3,5 mm disponible<\/li>\n<li>La longueur du c\u00e2ble peut \u00eatre personnalis\u00e9e<\/li>\n<li>C\u00e2ble fris\u00e9 ou droit en option<\/li>\n<\/ul>","protected":false},"excerpt":{"rendered":"<p>E-20C Listen Only Ear Hook is made of soft, flexible rubber. In addition to comfort, the &#8220;outer&#8221; earpiece feature allows the unit to be worn by multiple users without compromising hygiene. The comfortable speaker rests securely in your ear, producing a rich, full, natural sound that can be heard only by the user wearing the earpiece. The speaker rotates to affix to either ear and moves up and down for a custom fit.<br \/>\nDisponible pour les prises audio filet\u00e9es de 2,5 mm, 3,5 mm et 3,5 mm.<br \/>\nVeuillez v\u00e9rifier soigneusement votre \u00e9quipement radio afin de s\u00e9lectionner la taille correcte de la prise audio lors de la commande.<\/p>","protected":false},"featured_media":4458,"template":"","meta":[],"product_brand":[],"product_cat":[214,215,313],"product_tag":[],"class_list":{"0":"post-4465","1":"product","2":"type-product","3":"status-publish","4":"has-post-thumbnail","6":"product_cat-two-way-radio-accessories","7":"product_cat-earpieces","8":"product_cat-listen-only-earpiece","10":"first","11":"instock","12":"shipping-taxable","13":"purchasable","14":"product-type-simple"},"_links":{"self":[{"href":"https:\/\/raytalkcomms.com\/fr\/wp-json\/wp\/v2\/product\/4465","targetHints":{"allow":["GET"]}}],"collection":[{"href":"https:\/\/raytalkcomms.com\/fr\/wp-json\/wp\/v2\/product"}],"about":[{"href":"https:\/\/raytalkcomms.com\/fr\/wp-json\/wp\/v2\/types\/product"}],"wp:featuredmedia":[{"embeddable":true,"href":"https:\/\/raytalkcomms.com\/fr\/wp-json\/wp\/v2\/media\/4458"}],"wp:attachment":[{"href":"https:\/\/raytalkcomms.com\/fr\/wp-json\/wp\/v2\/media?parent=4465"}],"wp:term":[{"taxonomy":"product_brand","embeddable":true,"href":"https:\/\/raytalkcomms.com\/fr\/wp-json\/wp\/v2\/product_brand?post=4465"},{"taxonomy":"product_cat","embeddable":true,"href":"https:\/\/raytalkcomms.com\/fr\/wp-json\/wp\/v2\/product_cat?post=4465"},{"taxonomy":"product_tag","embeddable":true,"href":"https:\/\/raytalkcomms.com\/fr\/wp-json\/wp\/v2\/product_tag?post=4465"}],"curies":[{"name":"wp","href":"https:\/\/api.w.org\/{rel}","templated":true}]}}