{"id":4441,"date":"2025-11-08T03:27:20","date_gmt":"2025-11-08T03:27:20","guid":{"rendered":"https:\/\/raytalkcomms.com\/?post_type=product&#038;p=4441"},"modified":"2025-12-19T14:10:23","modified_gmt":"2025-12-19T14:10:23","slug":"cb-26-aviation-headset-adapter-cable-helicopter-to-3-5mm-and-2-5mm","status":"publish","type":"product","link":"https:\/\/raytalkcomms.com\/fr\/produit\/cb-26-aviation-headset-adapter-cable-helicopter-to-3-5mm-and-2-5mm\/","title":{"rendered":"CB-26 Aviation Headset Adapter Cable Helicopter to 3.5mm and 2.5mm"},"content":{"rendered":"<h3>Caract\u00e9ristiques :<\/h3>\n<ul>\n<li>Fonctionne avec des enregistreurs, des tablettes et des cam\u00e9ras<\/li>\n<li>Un son plus clair pour l'enseignement et le d\u00e9briefing<\/li>\n<li>Installation rapide, plug-and-play, sans reconfiguration<\/li>\n<li>Id\u00e9al pour les carnets de vol, les enregistrements de formation et la capture de m\u00e9dias<\/li>\n<\/ul>","protected":false},"excerpt":{"rendered":"<p>Le c\u00e2ble adaptateur CB-26 permet aux pilotes d'h\u00e9licopt\u00e8re et aux professionnels de l'aviation de connecter les casques U174\/U \u00e0 des appareils audio de 3,5 mm et 2,5 mm. Ils peuvent ainsi mieux utiliser les enregistreurs, les tablettes, les cam\u00e9ras et autres appareils audio externes. Les instructeurs de vol et les \u00e9l\u00e8ves pilotes volent avec un son plus clair et une installation plus simple. Aucun \u00e9quipement suppl\u00e9mentaire ou casque personnalis\u00e9 n'est n\u00e9cessaire : un seul c\u00e2ble adaptateur CB-26 offre une compatibilit\u00e9 multi-syst\u00e8mes.<br \/>\nIl prend en charge l'enregistrement des vols, la documentation de formation et la cr\u00e9ation de contenu dans de nombreux cas d'utilisation. Parfait pour les pilotes d'h\u00e9licopt\u00e8re, les \u00e9coles de pilotage, les instructeurs et les techniciens de l'aviation.<\/p>","protected":false},"featured_media":4440,"template":"","meta":[],"product_brand":[],"product_cat":[208,267],"product_tag":[],"class_list":{"0":"post-4441","1":"product","2":"type-product","3":"status-publish","4":"has-post-thumbnail","6":"product_cat-aviation","7":"product_cat-adapter-cable-aviation","9":"first","10":"instock","11":"shipping-taxable","12":"purchasable","13":"product-type-simple"},"_links":{"self":[{"href":"https:\/\/raytalkcomms.com\/fr\/wp-json\/wp\/v2\/product\/4441","targetHints":{"allow":["GET"]}}],"collection":[{"href":"https:\/\/raytalkcomms.com\/fr\/wp-json\/wp\/v2\/product"}],"about":[{"href":"https:\/\/raytalkcomms.com\/fr\/wp-json\/wp\/v2\/types\/product"}],"wp:featuredmedia":[{"embeddable":true,"href":"https:\/\/raytalkcomms.com\/fr\/wp-json\/wp\/v2\/media\/4440"}],"wp:attachment":[{"href":"https:\/\/raytalkcomms.com\/fr\/wp-json\/wp\/v2\/media?parent=4441"}],"wp:term":[{"taxonomy":"product_brand","embeddable":true,"href":"https:\/\/raytalkcomms.com\/fr\/wp-json\/wp\/v2\/product_brand?post=4441"},{"taxonomy":"product_cat","embeddable":true,"href":"https:\/\/raytalkcomms.com\/fr\/wp-json\/wp\/v2\/product_cat?post=4441"},{"taxonomy":"product_tag","embeddable":true,"href":"https:\/\/raytalkcomms.com\/fr\/wp-json\/wp\/v2\/product_tag?post=4441"}],"curies":[{"name":"wp","href":"https:\/\/api.w.org\/{rel}","templated":true}]}}