{"id":4436,"date":"2025-11-08T02:39:35","date_gmt":"2025-11-08T02:39:35","guid":{"rendered":"https:\/\/raytalkcomms.com\/?post_type=product&#038;p=4436"},"modified":"2025-12-30T07:09:23","modified_gmt":"2025-12-30T07:09:23","slug":"rhel-09-full-face-motorcycle-in-helmet-communication-mic","status":"publish","type":"product","link":"https:\/\/raytalkcomms.com\/fr\/produit\/rhel-09-full-face-motorcycle-in-helmet-communication-mic\/","title":{"rendered":"RHEL-09 Full Face Motorcycle In Helmet Communication Mic (microphone de communication dans le casque)"},"content":{"rendered":"<p>RHEL-09 casque int\u00e9gral de moto avec microphone, con\u00e7u pour \u00eatre install\u00e9 dans n'importe quel casque \u00e0 structure int\u00e9grale (avec couvre-m\u00e2choire). Il s'agit de la solution de communication la plus puissante pour les motocyclistes, les motoneigistes et tous les autres sportifs qui portent un casque.<\/p>\n<h3>Caract\u00e9ristiques :<\/h3>\n<ul>\n<li>Conception modulaire<\/li>\n<li>Deux microphones mont\u00e9s sur le casque<\/li>\n<li>PTT \u00e0 doigt velcro<\/li>\n<li>Haut-parleur amovible dans le casque<\/li>\n<\/ul>\n<h3>Personnalisation en option :<\/h3>\n<ul>\n<li>Compatible avec plusieurs radios<\/li>\n<\/ul>\n<h3>Avantages :<\/h3>\n<p>Le micro de communication pour casque int\u00e9gral RHEL-09 est \u00e9galement largement utilis\u00e9 pour la communication au sein des \u00e9quipes de course de moto. Le microphone int\u00e9gr\u00e9 dans le casque capte clairement la voix du pilote et transmet instantan\u00e9ment l'audio aux membres de l'\u00e9quipe. Les pilotes n'ont qu'\u00e0 appuyer sur le bouton PTT mont\u00e9 sur le doigt pour parler sans s'arr\u00eater, ce qui garantit une coordination sans faille \u00e0 grande vitesse pour les \u00e9quipes de course et les officiers de police.<\/p>\n<p>En tant que haut-parleur pour casque int\u00e9gral con\u00e7u pour les \u00e9quipes exigeantes, le RHEL-09 prend en charge les projets OEM\/ODM et l'approvisionnement en vrac, offrant aux distributeurs et aux acheteurs professionnels une solution durable et \u00e9volutive pour des communications fiables dans le casque.<\/p>","protected":false},"excerpt":{"rendered":"<p>Le RHEL-09 est une solution de communication fiable dans le casque, con\u00e7ue comme l'un des accessoires les plus pratiques pour les utilisateurs de casques de moto. Avec un PTT mont\u00e9 sur le doigt et envelopp\u00e9 dans du velcro, il permet un v\u00e9ritable fonctionnement mains libres pour les casques int\u00e9graux. Les utilisateurs professionnels, notamment les policiers, les pompiers, le personnel militaire, les agents du FBI\/CIA et les gardes du corps, lui font confiance et le rendent id\u00e9al pour une communication claire dans les environnements bruyants des forces de l'ordre et de l'arm\u00e9e.<\/p>","protected":false},"featured_media":4434,"template":"","meta":[],"product_brand":[],"product_cat":[209,268],"product_tag":[],"class_list":{"0":"post-4436","1":"product","2":"type-product","3":"status-publish","4":"has-post-thumbnail","6":"product_cat-racing","7":"product_cat-headset-racing","9":"first","10":"instock","11":"shipping-taxable","12":"purchasable","13":"product-type-simple"},"_links":{"self":[{"href":"https:\/\/raytalkcomms.com\/fr\/wp-json\/wp\/v2\/product\/4436","targetHints":{"allow":["GET"]}}],"collection":[{"href":"https:\/\/raytalkcomms.com\/fr\/wp-json\/wp\/v2\/product"}],"about":[{"href":"https:\/\/raytalkcomms.com\/fr\/wp-json\/wp\/v2\/types\/product"}],"wp:featuredmedia":[{"embeddable":true,"href":"https:\/\/raytalkcomms.com\/fr\/wp-json\/wp\/v2\/media\/4434"}],"wp:attachment":[{"href":"https:\/\/raytalkcomms.com\/fr\/wp-json\/wp\/v2\/media?parent=4436"}],"wp:term":[{"taxonomy":"product_brand","embeddable":true,"href":"https:\/\/raytalkcomms.com\/fr\/wp-json\/wp\/v2\/product_brand?post=4436"},{"taxonomy":"product_cat","embeddable":true,"href":"https:\/\/raytalkcomms.com\/fr\/wp-json\/wp\/v2\/product_cat?post=4436"},{"taxonomy":"product_tag","embeddable":true,"href":"https:\/\/raytalkcomms.com\/fr\/wp-json\/wp\/v2\/product_tag?post=4436"}],"curies":[{"name":"wp","href":"https:\/\/api.w.org\/{rel}","templated":true}]}}