{"id":4432,"date":"2025-11-08T02:27:36","date_gmt":"2025-11-08T02:27:36","guid":{"rendered":"https:\/\/raytalkcomms.com\/?post_type=product&#038;p=4432"},"modified":"2025-12-30T07:09:31","modified_gmt":"2025-12-30T07:09:31","slug":"rhel-08-open-face-helmet-mic","status":"publish","type":"product","link":"https:\/\/raytalkcomms.com\/fr\/produit\/rhel-08-open-face-helmet-mic\/","title":{"rendered":"RHEL-08 Open Face Helmet Mic"},"content":{"rendered":"<p>Le micro de casque RHEL-08 avec haut-parleurs int\u00e9gr\u00e9s pour les utilisateurs de casques de moto ouverts garantit une communication claire et mains libres sur la route. Con\u00e7u pour les pilotes et les agents de la circulation, il r\u00e9duit le bruit du vent et du moteur, ce qui permet de conserver des messages clairs et fiables \u00e0 grande vitesse ou dans des environnements bruyants.<\/p>\n<h3>Caract\u00e9ristiques :<\/h3>\n<ul>\n<li>Conception modulaire<\/li>\n<li>Deux microphones mont\u00e9s sur le casque<\/li>\n<li>Anneau de doigt PTT<\/li>\n<li>Haut-parleurs amovibles<\/li>\n<\/ul>\n<h3>Personnalisation en option :<\/h3>\n<ul>\n<li>Compatible avec plusieurs radios<\/li>\n<\/ul>\n<h3>Avantages :<\/h3>\n<p>En tant que micro professionnel pour casque ouvert, les haut-parleurs RHEL-08 pour casque de moto sont reconnus par les flottes et les agences du monde entier. RayTalk propose des services OEM\/ODM et un approvisionnement en vrac, ce qui en fait un choix rentable pour les achats \u00e0 grande \u00e9chelle.<\/p>","protected":false},"excerpt":{"rendered":"<p>Le RHEL-08 est un microphone \u00e0 usage moyen con\u00e7u pour \u00eatre utilis\u00e9 avec les casques ouverts. Le kit casque comprend des \u00e9couteurs et des microphones de qualit\u00e9 ainsi que deux haut-parleurs qui se fixent \u00e0 l'int\u00e9rieur du casque, double face pour un son et une clart\u00e9 accrus. Le microphone \u00e0 perche s'adapte parfaitement \u00e0 l'int\u00e9rieur du casque, l'interrupteur Ptt s'enroule sur le guidon pour un acc\u00e8s rapide et facile sans avoir \u00e0 saisir le casque, pour les casques ouverts.<\/p>","protected":false},"featured_media":4433,"template":"","meta":[],"product_brand":[],"product_cat":[209,268],"product_tag":[],"class_list":{"0":"post-4432","1":"product","2":"type-product","3":"status-publish","4":"has-post-thumbnail","6":"product_cat-racing","7":"product_cat-headset-racing","9":"first","10":"instock","11":"shipping-taxable","12":"purchasable","13":"product-type-simple"},"_links":{"self":[{"href":"https:\/\/raytalkcomms.com\/fr\/wp-json\/wp\/v2\/product\/4432","targetHints":{"allow":["GET"]}}],"collection":[{"href":"https:\/\/raytalkcomms.com\/fr\/wp-json\/wp\/v2\/product"}],"about":[{"href":"https:\/\/raytalkcomms.com\/fr\/wp-json\/wp\/v2\/types\/product"}],"wp:featuredmedia":[{"embeddable":true,"href":"https:\/\/raytalkcomms.com\/fr\/wp-json\/wp\/v2\/media\/4433"}],"wp:attachment":[{"href":"https:\/\/raytalkcomms.com\/fr\/wp-json\/wp\/v2\/media?parent=4432"}],"wp:term":[{"taxonomy":"product_brand","embeddable":true,"href":"https:\/\/raytalkcomms.com\/fr\/wp-json\/wp\/v2\/product_brand?post=4432"},{"taxonomy":"product_cat","embeddable":true,"href":"https:\/\/raytalkcomms.com\/fr\/wp-json\/wp\/v2\/product_cat?post=4432"},{"taxonomy":"product_tag","embeddable":true,"href":"https:\/\/raytalkcomms.com\/fr\/wp-json\/wp\/v2\/product_tag?post=4432"}],"curies":[{"name":"wp","href":"https:\/\/api.w.org\/{rel}","templated":true}]}}