{"id":4429,"date":"2025-11-08T02:01:47","date_gmt":"2025-11-08T02:01:47","guid":{"rendered":"https:\/\/raytalkcomms.com\/?post_type=product&#038;p=4429"},"modified":"2025-12-03T07:18:13","modified_gmt":"2025-12-03T07:18:13","slug":"asp-05-black-o-ring-for-mic-protector","status":"publish","type":"product","link":"https:\/\/raytalkcomms.com\/fr\/produit\/asp-05-black-o-ring-for-mic-protector\/","title":{"rendered":"ASP-05 Joint torique noir pour protecteur de micro"},"content":{"rendered":"<h3>Caract\u00e9ristiques :<\/h3>\n<ul>\n<li>Le joint torique noir \u00e9lastique permet de fixer le protecteur de micro sur les casques d'aviation.<\/li>\n<li>Facile \u00e0 installer et pratique \u00e0 utiliser<\/li>\n<li>L'\u00e9lastom\u00e8re durable r\u00e9siste \u00e0 l'\u00e9tirement et \u00e0 la fissuration<\/li>\n<li>S'adapte \u00e0 la plupart des manchons de microphones \u00e9lectret et dynamiques sur des perches m\u00e9talliques ou flexibles<\/li>\n<li>Pi\u00e8ces de rechange \u00e9conomiques pour les \u00e9coles de pilotage, les \u00e9quipes de maintenance et les clubs<\/li>\n<\/ul>","protected":false},"excerpt":{"rendered":"<p>Le joint torique noir garantit que le protecteur de microphone reste solidement fix\u00e9 au microphone. Pendant les op\u00e9rations de vol critiques, il ne se d\u00e9placera pas et ne distraira pas le pilote, permettant au casque d'aviation de transmettre une voix claire et nette. Il est compatible avec la plupart des microphones d'aviation et des protections de microphone.<\/p>","protected":false},"featured_media":4428,"template":"","meta":[],"product_brand":[],"product_cat":[208,246],"product_tag":[],"class_list":{"0":"post-4429","1":"product","2":"type-product","3":"status-publish","4":"has-post-thumbnail","6":"product_cat-aviation","7":"product_cat-headset-accessories","9":"first","10":"instock","11":"shipping-taxable","12":"purchasable","13":"product-type-simple"},"_links":{"self":[{"href":"https:\/\/raytalkcomms.com\/fr\/wp-json\/wp\/v2\/product\/4429","targetHints":{"allow":["GET"]}}],"collection":[{"href":"https:\/\/raytalkcomms.com\/fr\/wp-json\/wp\/v2\/product"}],"about":[{"href":"https:\/\/raytalkcomms.com\/fr\/wp-json\/wp\/v2\/types\/product"}],"wp:featuredmedia":[{"embeddable":true,"href":"https:\/\/raytalkcomms.com\/fr\/wp-json\/wp\/v2\/media\/4428"}],"wp:attachment":[{"href":"https:\/\/raytalkcomms.com\/fr\/wp-json\/wp\/v2\/media?parent=4429"}],"wp:term":[{"taxonomy":"product_brand","embeddable":true,"href":"https:\/\/raytalkcomms.com\/fr\/wp-json\/wp\/v2\/product_brand?post=4429"},{"taxonomy":"product_cat","embeddable":true,"href":"https:\/\/raytalkcomms.com\/fr\/wp-json\/wp\/v2\/product_cat?post=4429"},{"taxonomy":"product_tag","embeddable":true,"href":"https:\/\/raytalkcomms.com\/fr\/wp-json\/wp\/v2\/product_tag?post=4429"}],"curies":[{"name":"wp","href":"https:\/\/api.w.org\/{rel}","templated":true}]}}